{"id":727720,"date":"2025-08-27T20:27:09","date_gmt":"2025-08-27T17:27:09","guid":{"rendered":"https:\/\/roveyayinevi.com.tr\/index.php\/urun\/calismanin-reddi-calismaya-direnisin-teorisi-ve-pratigi\/"},"modified":"2025-11-20T06:22:57","modified_gmt":"2025-11-20T03:22:57","slug":"calismanin-reddi-calismaya-direnisin-teorisi-ve-pratigi","status":"publish","type":"product","link":"https:\/\/roveyayinevi.com.tr\/index.php\/urun\/calismanin-reddi-calismaya-direnisin-teorisi-ve-pratigi\/","title":{"rendered":"\u00c7al\u0131\u015fman\u0131n Reddi \u00c7al\u0131\u015fmaya Direni\u015fin Teorisi Ve Prati\u011fi"},"content":{"rendered":"<p>\u00c7al\u0131\u015fman\u0131n Reddi \u2013 \u00c7al\u0131\u015fmaya Direni\u015fin Teorisi ve Prati\u011fi, modern kapitalist sisteme a\u00e7\u0131k bir kar\u015f\u0131 koyu\u015f, David Frayne taraf\u0131ndan bilin\u00e7le haz\u0131rlanm\u0131\u015f provokatif bir metin, \u00f6zg\u00fcn bir manifesto. Frayne, \u00c7al\u0131\u015fman\u0131n Reddi\u2019nde insanl\u0131k d\u0131\u015f\u0131 \u00e7al\u0131\u015fma saatlerine, korkun\u00e7 i\u015f y\u00fck\u00fcne, g\u00fcvencesiz \u00e7al\u0131\u015fma ko\u015fullar\u0131na, kal\u0131c\u0131 ve kitlesel i\u015fsizli\u011fe, i\u015fsizli\u011fin \u00e7al\u0131\u015fanlar i\u00e7in bir tehdit olarak kullan\u0131lmas\u0131na, d\u00fc\u015f\u00fck \u00fccretlere, sa\u011fl\u0131ks\u0131z \u00e7al\u0131\u015fma mek\u00e2nlar\u0131na yani sistemi var eden her yap\u0131ta\u015f\u0131na cepheden kar\u015f\u0131 \u00e7\u0131k\u0131yor. Bu lanetli sisteme tok bir cevap veriyor: \u0130stihdama kar\u015f\u0131 \u00e7\u0131kmak m\u00fcmk\u00fcnd\u00fcr. Birey \u00e7al\u0131\u015fmay\u0131 bilin\u00e7li olarak reddedebilir. Frayne, \u00e7al\u0131\u015fma saatlerini en aza indirmeye \u00e7al\u0131\u015fanlarla veya \u00e7al\u0131\u015fmay\u0131 tamamen reddedenlerle bire bir g\u00f6r\u00fc\u015fmeler yaparak ret sebeplerini ve d\u00fczen i\u00e7inde d\u00fczene d\u00e2hil olmaman\u0131n nas\u0131l m\u00fcmk\u00fcn oldu\u011funu \u00f6\u011freniyor ve bunlar\u0131 etkileyici kalemiyle okura sunuyor. \u00c7al\u0131\u015fman\u0131n Reddi, art\u0131k \u00fczerinde neredeyse hi\u00e7 konu\u015fmadan kabullendi\u011fimiz emek s\u00f6m\u00fcr\u00fcs\u00fcn\u00fcn reddini ele alan taptaze bir bak\u0131\u015f. Sisteme gerek\u00e7eler sunarak kar\u015f\u0131 \u00e7\u0131kan ve s\u00fcrd\u00fcr\u00fclebilir alternatif sosyal vizyonlar sunan bir eser. \u0130lk sayfadan itibaren okuru saran, b\u00fcy\u00fcleyici bir itiraz. \u00d6zg\u00fcrl\u00fck i\u00e7in bir \u00e7a\u011fr\u0131.    <\/p>\n","protected":false},"excerpt":{"rendered":"<p>\u00c7al\u0131\u015fman\u0131n Reddi \u2013 \u00c7al\u0131\u015fmaya Direni\u015fin Teorisi ve Prati\u011fi, modern kapitalist sisteme a\u00e7\u0131k bir kar\u015f\u0131 koyu\u015f, David Frayne taraf\u0131ndan bilin\u00e7le haz\u0131rlanm\u0131\u015f provokatif bir metin, \u00f6zg\u00fcn bir manifesto.<span class=\"excerpt-hellip\"> [\u2026]<\/span><\/p>\n","protected":false},"featured_media":0,"template":"","meta":{"_monsterinsights_skip_tracking":false,"_monsterinsights_sitenote_active":false,"_monsterinsights_sitenote_note":"","_monsterinsights_sitenote_category":0},"product_brand":[],"product_cat":[15499,13488],"product_tag":[],"class_list":{"0":"post-727720","1":"product","2":"type-product","3":"status-publish","5":"product_cat-antropoloji","6":"product_cat-toplum-ve-insan","7":"pa_cilt-ciltsiz","8":"pa_tur-kitap","9":"pa_yayinevi-islik-yayinlari","10":"pa_yazar-david-frayne","12":"first","13":"instock","14":"sale","15":"shipping-taxable","16":"purchasable","17":"product-type-simple"},"_links":{"self":[{"href":"https:\/\/roveyayinevi.com.tr\/index.php\/wp-json\/wp\/v2\/product\/727720","targetHints":{"allow":["GET"]}}],"collection":[{"href":"https:\/\/roveyayinevi.com.tr\/index.php\/wp-json\/wp\/v2\/product"}],"about":[{"href":"https:\/\/roveyayinevi.com.tr\/index.php\/wp-json\/wp\/v2\/types\/product"}],"wp:attachment":[{"href":"https:\/\/roveyayinevi.com.tr\/index.php\/wp-json\/wp\/v2\/media?parent=727720"}],"wp:term":[{"taxonomy":"product_brand","embeddable":true,"href":"https:\/\/roveyayinevi.com.tr\/index.php\/wp-json\/wp\/v2\/product_brand?post=727720"},{"taxonomy":"product_cat","embeddable":true,"href":"https:\/\/roveyayinevi.com.tr\/index.php\/wp-json\/wp\/v2\/product_cat?post=727720"},{"taxonomy":"product_tag","embeddable":true,"href":"https:\/\/roveyayinevi.com.tr\/index.php\/wp-json\/wp\/v2\/product_tag?post=727720"}],"curies":[{"name":"wp","href":"https:\/\/api.w.org\/{rel}","templated":true}]}}