{"id":727719,"date":"2025-08-27T20:27:08","date_gmt":"2025-08-27T17:27:08","guid":{"rendered":"https:\/\/roveyayinevi.com.tr\/index.php\/urun\/kimseden-gelen-pusulalar\/"},"modified":"2026-04-16T02:35:25","modified_gmt":"2026-04-15T23:35:25","slug":"kimseden-gelen-pusulalar","status":"publish","type":"product","link":"https:\/\/roveyayinevi.com.tr\/index.php\/urun\/kimseden-gelen-pusulalar\/","title":{"rendered":"Kimseden Gelen Pusulalar"},"content":{"rendered":"<p>L\u00fctfen beni hemen bir yerlere kapatmay\u0131n. Evde beni bekleyen d\u00f6rt ayl\u0131k bir kedim ve yemek vermedi\u011fimde dolab\u0131m\u0131n kapa\u011f\u0131n\u0131 burnuyla a\u00e7\u0131p t\u00fcvit ceketlerimi t\u0131rmalayan bir annesi var.\u201d \u201cSorun nedir Karl? Bana rahatl\u0131kla s\u00f6yleyebilirsiniz, sizi hi\u00e7bir yere kapatmayaca\u011f\u0131m, s\u00f6z veriyorum.\u201d Kendi kendime \u201cEn az\u0131ndan \u015fimdilik\u2026\u201d diye de ekledim. \u201cAh Tanr\u0131m, kabul etmeliyim, belki de ger\u00e7ekten deliriyorum,\u201d dedi, sanki kendi kendini avuturcas\u0131na da ekledi: \u201cHer neyse, s\u00f6yleyece\u011fim ve hemen bitecek. \u0130\u015fte geliyor, bug\u00fcn 1 Haziran 2015!\u201d Her \u015fey a\u015fik\u00e2rm\u0131\u015f gibi susup y\u00fcz\u00fcme bakt\u0131. Ka\u015flar\u0131m\u0131 kald\u0131rd\u0131m: \u201cTamam, \u00f6nce sakinle\u015felim. D\u00fcn 31 May\u0131s\u2019t\u0131, bug\u00fcn ise 1 Haziran. Her \u015fey yolunda gibi g\u00f6r\u00fcn\u00fcyor.\u201d Ses tonumu de\u011fi\u015ftiriyorum. \u201cYak\u0131n zamanda bir kay\u0131p ya\u015fad\u0131n\u0131z m\u0131?\u201d  \u201cEvet, onu anlat\u0131yorum ya, haziran ay\u0131n\u0131 kaybettim!\u201d Kaybolan haziran, kay\u0131p bir tablo, z\u00fcrafalar, bir psikolog ve bir end\u00fcstri m\u00fchendisi&#8230; Selva Karc\u0131 Selen kendine has \u00fcslubuyla bu be\u015f unsuru birbirine ustal\u0131kla ba\u011fl\u0131yor; okuyucuya da bu yer yer e\u011flenceli, yer yer romantik, yer yer fantastik roman\u0131 okumak kal\u0131yor. <\/p>\n","protected":false},"excerpt":{"rendered":"<p>L\u00fctfen beni hemen bir yerlere kapatmay\u0131n. Evde beni bekleyen d\u00f6rt ayl\u0131k bir kedim ve yemek vermedi\u011fimde dolab\u0131m\u0131n kapa\u011f\u0131n\u0131 burnuyla a\u00e7\u0131p t\u00fcvit ceketlerimi t\u0131rmalayan bir annesi var.\u201d<span class=\"excerpt-hellip\"> [\u2026]<\/span><\/p>\n","protected":false},"featured_media":0,"template":"","meta":{"_monsterinsights_skip_tracking":false,"_monsterinsights_sitenote_active":false,"_monsterinsights_sitenote_note":"","_monsterinsights_sitenote_category":0},"product_brand":[],"product_cat":[12291,12711],"product_tag":[],"class_list":{"0":"post-727719","1":"product","2":"type-product","3":"status-publish","5":"product_cat-edebiyat","6":"product_cat-roman-oyku","7":"pa_cilt-ciltsiz","8":"pa_tur-kitap","9":"pa_yayinevi-luna-yayinlari","10":"pa_yazar-selva-karci-selen","12":"first","13":"instock","14":"sale","15":"shipping-taxable","16":"purchasable","17":"product-type-simple"},"_links":{"self":[{"href":"https:\/\/roveyayinevi.com.tr\/index.php\/wp-json\/wp\/v2\/product\/727719","targetHints":{"allow":["GET"]}}],"collection":[{"href":"https:\/\/roveyayinevi.com.tr\/index.php\/wp-json\/wp\/v2\/product"}],"about":[{"href":"https:\/\/roveyayinevi.com.tr\/index.php\/wp-json\/wp\/v2\/types\/product"}],"wp:attachment":[{"href":"https:\/\/roveyayinevi.com.tr\/index.php\/wp-json\/wp\/v2\/media?parent=727719"}],"wp:term":[{"taxonomy":"product_brand","embeddable":true,"href":"https:\/\/roveyayinevi.com.tr\/index.php\/wp-json\/wp\/v2\/product_brand?post=727719"},{"taxonomy":"product_cat","embeddable":true,"href":"https:\/\/roveyayinevi.com.tr\/index.php\/wp-json\/wp\/v2\/product_cat?post=727719"},{"taxonomy":"product_tag","embeddable":true,"href":"https:\/\/roveyayinevi.com.tr\/index.php\/wp-json\/wp\/v2\/product_tag?post=727719"}],"curies":[{"name":"wp","href":"https:\/\/api.w.org\/{rel}","templated":true}]}}