{"id":727718,"date":"2025-08-27T20:27:07","date_gmt":"2025-08-27T17:27:07","guid":{"rendered":"https:\/\/roveyayinevi.com.tr\/index.php\/urun\/bizim-evin-kedisi\/"},"modified":"2026-04-16T02:35:25","modified_gmt":"2026-04-15T23:35:25","slug":"bizim-evin-kedisi","status":"publish","type":"product","link":"https:\/\/roveyayinevi.com.tr\/index.php\/urun\/bizim-evin-kedisi\/","title":{"rendered":"Bizim Evin Kedisi"},"content":{"rendered":"<p>Her \u015fey, Eda ve Selma isimli kuzenlerin ya\u011fmurlu bir g\u00fcnde kar\u015f\u0131la\u015ft\u0131klar\u0131 minik bir kedi yavrusunu sahiplenmesiyle ba\u015flar. Kuzenler &#8220;Toti Noti&#8221; ismini verdikleri kedilerini \u00e7ok sevseler de birbirlerine al\u0131\u015fmalar\u0131 kolay olmaz. Toti i\u00e7in olduk\u00e7a do\u011fal, e\u011flenceli olan \u015feyler kuzenler i\u00e7in ba\u015f edilmesi zor durumlard\u0131r; uzayan t\u0131rnaklar\u0131, d\u00f6k\u00fclen t\u00fcyleri, safari merak\u0131, davetsiz kom\u015fu ziyaretleri&#8230; Gene de kuzenler sevgiyle t\u00fcm bunlar\u0131n \u00fcstesinden gelebileceklerine inan\u0131rlar. Tabii \u00c7a\u011fda\u015f \u015e\u00f6valye ve di\u011fer kedi severlerin de deste\u011fiyle&#8230; Ayda \u00c7ay\u0131r&#8217;\u0131n nahif kaleminden e\u011flenceli ve s\u00fcr\u00fckleyici bir kedi \u00f6yk\u00fcs\u00fc sizleri bekliyor.<\/p>\n","protected":false},"excerpt":{"rendered":"<p>Her \u015fey, Eda ve Selma isimli kuzenlerin ya\u011fmurlu bir g\u00fcnde kar\u015f\u0131la\u015ft\u0131klar\u0131 minik bir kedi yavrusunu sahiplenmesiyle ba\u015flar. Kuzenler &#8220;Toti Noti&#8221; ismini verdikleri kedilerini \u00e7ok sevseler de<span class=\"excerpt-hellip\"> [\u2026]<\/span><\/p>\n","protected":false},"featured_media":0,"template":"","meta":{"_monsterinsights_skip_tracking":false,"_monsterinsights_sitenote_active":false,"_monsterinsights_sitenote_note":"","_monsterinsights_sitenote_category":0},"product_brand":[],"product_cat":[12913,12274],"product_tag":[],"class_list":{"0":"post-727718","1":"product","2":"type-product","3":"status-publish","5":"product_cat-3-6-yas-kitaplari","6":"product_cat-cocuk-ve-genclik-kitaplari","7":"pa_cilt-ciltsiz","8":"pa_tur-kitap","9":"pa_yayinevi-luna-yayinlari","10":"pa_yazar-ayda-cayir","12":"first","13":"instock","14":"sale","15":"shipping-taxable","16":"purchasable","17":"product-type-simple"},"_links":{"self":[{"href":"https:\/\/roveyayinevi.com.tr\/index.php\/wp-json\/wp\/v2\/product\/727718","targetHints":{"allow":["GET"]}}],"collection":[{"href":"https:\/\/roveyayinevi.com.tr\/index.php\/wp-json\/wp\/v2\/product"}],"about":[{"href":"https:\/\/roveyayinevi.com.tr\/index.php\/wp-json\/wp\/v2\/types\/product"}],"wp:attachment":[{"href":"https:\/\/roveyayinevi.com.tr\/index.php\/wp-json\/wp\/v2\/media?parent=727718"}],"wp:term":[{"taxonomy":"product_brand","embeddable":true,"href":"https:\/\/roveyayinevi.com.tr\/index.php\/wp-json\/wp\/v2\/product_brand?post=727718"},{"taxonomy":"product_cat","embeddable":true,"href":"https:\/\/roveyayinevi.com.tr\/index.php\/wp-json\/wp\/v2\/product_cat?post=727718"},{"taxonomy":"product_tag","embeddable":true,"href":"https:\/\/roveyayinevi.com.tr\/index.php\/wp-json\/wp\/v2\/product_tag?post=727718"}],"curies":[{"name":"wp","href":"https:\/\/api.w.org\/{rel}","templated":true}]}}