{"id":727717,"date":"2025-08-27T20:27:07","date_gmt":"2025-08-27T17:27:07","guid":{"rendered":"https:\/\/roveyayinevi.com.tr\/index.php\/urun\/anarsizmin-felsefi-temelleri\/"},"modified":"2026-04-16T02:35:25","modified_gmt":"2026-04-15T23:35:25","slug":"anarsizmin-felsefi-temelleri","status":"publish","type":"product","link":"https:\/\/roveyayinevi.com.tr\/index.php\/urun\/anarsizmin-felsefi-temelleri\/","title":{"rendered":"Anar\u015fizmin Felsefi Temelleri"},"content":{"rendered":"<p>Anar\u015finin bug\u00fcnk\u00fc anlad\u0131\u011f\u0131m\u0131z \u015fekli i\u00e7in milat 18. y\u00fczy\u0131l olarak al\u0131nabilir, i\u015fte Godwin\u2019in \u00f6nemi bu noktada ortaya \u00e7\u0131kar, zira \u00e7a\u011fda\u015f d\u00f6nemin bilinen ilk ismidir. Peter Marshall\u2019a g\u00f6re, \u201cGodwin anar\u015fizmin en b\u00fcy\u00fck d\u00fc\u015f\u00fcn\u00fcr\u00fcd\u00fcr. Seksen y\u0131ll\u0131k \u00f6mr\u00fcnde onlarca kitap, binlerce sayfa kaleme alan Godwin, ya\u015fad\u0131\u011f\u0131 d\u00f6nem g\u00f6z \u00f6n\u00fcnde bulunduruldu\u011funda radikal bulunabilecek bir felsefeye sahiptir. Godwin&#8217;e g\u00f6re d\u00fcnyadaki k\u00f6t\u00fcl\u00fc\u011f\u00fcn temel kayna\u011f\u0131 yerle\u015fik y\u00f6netimleri ve kurumlar\u0131 olan devlettir, olmas\u0131 gereken \u015fey devletsiz toplum ve otonom yap\u0131lar\u0131n in\u015fa edilmesidir. Do\u011frudan demokrasi uygulanarak t\u00fcm yurtta\u015flar birbirinin sesini duyabilmelidir. Ayr\u0131ca Godwin, m\u00fclkiyeti herkesin ortak kullan\u0131m\u0131na a\u00e7\u0131lmas\u0131 gereken bir \u015fey olarak g\u00f6r\u00fcr ve i\u015fbirli\u011fine vurgu yapar; ona g\u00f6re, \u00fcretim ki\u015filerin yetenekleri ve ilgileri do\u011frultusunda g\u00f6n\u00fcll\u00fcl\u00fckle organize edilmelidir; bu nedenle onun kom\u00fcnizm ve anar\u015fizmle ilgili ilk sistematik fikirleri \u00fcretti\u011fi kabul edilir. Bu fikirler Kropotkin sayesinde yayg\u0131nla\u015f\u0131r. \u201cKom\u015funu kendin gibi sev,\u201d diyen Godwin\u2019e g\u00f6re anar\u015fist d\u00fczene ge\u00e7i\u015f \u015fiddetsiz ussal bir ayd\u0131nlanma s\u00fcreciyle ya\u015fanmal\u0131d\u0131r: \u201cDo\u011frusu, bu e\u015fitsizli\u011fi gidermenin yolu \u015fiddet de\u011fil, ak\u0131ld\u0131r.\u201d Ona g\u00f6re, insan akl\u0131 ve mant\u0131\u011f\u0131n\u0131n g\u00fcc\u00fc s\u0131n\u0131rs\u0131zd\u0131r. \u00d6zg\u00fcrle\u015fmenin anahtar\u0131 ak\u0131ld\u0131r. Godwin\u2019in yakla\u015f\u0131k 250 y\u0131l \u00f6nce kaleme ald\u0131\u011f\u0131 yaz\u0131lar\u0131na anar\u015fizm, felsefe ve siyaset bilimi a\u00e7\u0131s\u0131ndan Bat\u0131\u2019da ilginin ge\u00e7ti\u011fimiz y\u00fczy\u0131lda yeniden canlanmas\u0131 ve T\u00fcrkiye\u2019de ise Godwin\u2019in eserlerinden herhangi birinin \u00e7evrilmemi\u015f olmas\u0131, bu \u00e7al\u0131\u015fman\u0131n olu\u015fmas\u0131ndaki temel motivasyonlardan biridir. <\/p>\n","protected":false},"excerpt":{"rendered":"<p>Anar\u015finin bug\u00fcnk\u00fc anlad\u0131\u011f\u0131m\u0131z \u015fekli i\u00e7in milat 18. y\u00fczy\u0131l olarak al\u0131nabilir, i\u015fte Godwin\u2019in \u00f6nemi bu noktada ortaya \u00e7\u0131kar, zira \u00e7a\u011fda\u015f d\u00f6nemin bilinen ilk ismidir. Peter Marshall\u2019a g\u00f6re,<span class=\"excerpt-hellip\"> [\u2026]<\/span><\/p>\n","protected":false},"featured_media":0,"template":"","meta":{"_monsterinsights_skip_tracking":false,"_monsterinsights_sitenote_active":false,"_monsterinsights_sitenote_note":"","_monsterinsights_sitenote_category":0},"product_brand":[],"product_cat":[12388,26788],"product_tag":[],"class_list":{"0":"post-727717","1":"product","2":"type-product","3":"status-publish","5":"product_cat-felsefe","6":"product_cat-filozoflar","7":"pa_cilt-ciltsiz","8":"pa_tur-kitap","9":"pa_yayinevi-dogu-bati-yayinlari","10":"pa_yazar-william-godwin","12":"first","13":"instock","14":"sale","15":"shipping-taxable","16":"purchasable","17":"product-type-simple"},"_links":{"self":[{"href":"https:\/\/roveyayinevi.com.tr\/index.php\/wp-json\/wp\/v2\/product\/727717","targetHints":{"allow":["GET"]}}],"collection":[{"href":"https:\/\/roveyayinevi.com.tr\/index.php\/wp-json\/wp\/v2\/product"}],"about":[{"href":"https:\/\/roveyayinevi.com.tr\/index.php\/wp-json\/wp\/v2\/types\/product"}],"wp:attachment":[{"href":"https:\/\/roveyayinevi.com.tr\/index.php\/wp-json\/wp\/v2\/media?parent=727717"}],"wp:term":[{"taxonomy":"product_brand","embeddable":true,"href":"https:\/\/roveyayinevi.com.tr\/index.php\/wp-json\/wp\/v2\/product_brand?post=727717"},{"taxonomy":"product_cat","embeddable":true,"href":"https:\/\/roveyayinevi.com.tr\/index.php\/wp-json\/wp\/v2\/product_cat?post=727717"},{"taxonomy":"product_tag","embeddable":true,"href":"https:\/\/roveyayinevi.com.tr\/index.php\/wp-json\/wp\/v2\/product_tag?post=727717"}],"curies":[{"name":"wp","href":"https:\/\/api.w.org\/{rel}","templated":true}]}}