{"id":727714,"date":"2025-08-27T20:27:04","date_gmt":"2025-08-27T17:27:04","guid":{"rendered":"https:\/\/roveyayinevi.com.tr\/index.php\/urun\/kirmizi-salon\/"},"modified":"2026-04-16T02:35:24","modified_gmt":"2026-04-15T23:35:24","slug":"kirmizi-salon","status":"publish","type":"product","link":"https:\/\/roveyayinevi.com.tr\/index.php\/urun\/kirmizi-salon\/","title":{"rendered":"K\u0131rm\u0131z\u0131 Salon"},"content":{"rendered":"<p>K\u0131r\u0131m\u0131z\u0131 Salon, insanlar\u0131n i\u00e7 d\u00fcnyas\u0131nda yaratt\u0131klar\u0131 adalet alg\u0131s\u0131 ile mevcut adalet sisteminin aras\u0131nda \u00e7\u0131rp\u0131nan bedenlerin, zihinlerin ve ya\u015famlar\u0131n kesi\u015ftikleri noktalar\u0131n birle\u015fme ser\u00fcvenini anlatmaktad\u0131r. K\u00f6t\u00fcn\u00fcn, zorun ve korkunun getirdi\u011fi ger\u00e7eklerin roman\u0131. \u201cToplumda kad\u0131nlar\u0131n erkeklere kar\u015f\u0131 tutumlar\u0131 her \u015feyi karmakar\u0131\u015f\u0131k h\u00e2le getiriyordu. Babalar\u0131 taraf\u0131ndan e\u011fitimi yar\u0131da kesilerek daha on sekizinde olan k\u0131zlar s\u0131rf zengin diye evlendirilerek besleme gibi e\u015f oldular kocalar\u0131na&#8230; Okulsuz, e\u011fitimsiz kalan bu kad\u0131nlar\u0131 hayat e\u011fitti elbette. Her kad\u0131n\u0131n diplomas\u0131, maa\u015f kart\u0131 olmayabilirdi; ama \u00e7o\u011fu anne, mazisini anlat\u0131rken \u201cBen s\u0131n\u0131f birincisiydim, babam beni okuldan al\u0131p kocaya verdi.\u201d diye anlatmaz m\u0131yd\u0131? Kocalar\u0131 i\u00e7in dam\u0131zl\u0131k olarak al\u0131nan bu kad\u0131nlara bir araba bir de kredi kart\u0131 vermek, sevgi vermekten evlayd\u0131 demek ki!\u201d <\/p>\n","protected":false},"excerpt":{"rendered":"<p>K\u0131r\u0131m\u0131z\u0131 Salon, insanlar\u0131n i\u00e7 d\u00fcnyas\u0131nda yaratt\u0131klar\u0131 adalet alg\u0131s\u0131 ile mevcut adalet sisteminin aras\u0131nda \u00e7\u0131rp\u0131nan bedenlerin, zihinlerin ve ya\u015famlar\u0131n kesi\u015ftikleri noktalar\u0131n birle\u015fme ser\u00fcvenini anlatmaktad\u0131r. K\u00f6t\u00fcn\u00fcn, zorun ve<span class=\"excerpt-hellip\"> [\u2026]<\/span><\/p>\n","protected":false},"featured_media":0,"template":"","meta":{"_monsterinsights_skip_tracking":false,"_monsterinsights_sitenote_active":false,"_monsterinsights_sitenote_note":"","_monsterinsights_sitenote_category":0},"product_brand":[],"product_cat":[12291,12711],"product_tag":[],"class_list":{"0":"post-727714","1":"product","2":"type-product","3":"status-publish","5":"product_cat-edebiyat","6":"product_cat-roman-oyku","7":"pa_cilt-ciltsiz","8":"pa_tur-kitap","9":"pa_yayinevi-maruzat-yayinevi","10":"pa_yazar-mustafa-enes-ardic","12":"first","13":"instock","14":"sale","15":"shipping-taxable","16":"purchasable","17":"product-type-simple"},"_links":{"self":[{"href":"https:\/\/roveyayinevi.com.tr\/index.php\/wp-json\/wp\/v2\/product\/727714","targetHints":{"allow":["GET"]}}],"collection":[{"href":"https:\/\/roveyayinevi.com.tr\/index.php\/wp-json\/wp\/v2\/product"}],"about":[{"href":"https:\/\/roveyayinevi.com.tr\/index.php\/wp-json\/wp\/v2\/types\/product"}],"wp:attachment":[{"href":"https:\/\/roveyayinevi.com.tr\/index.php\/wp-json\/wp\/v2\/media?parent=727714"}],"wp:term":[{"taxonomy":"product_brand","embeddable":true,"href":"https:\/\/roveyayinevi.com.tr\/index.php\/wp-json\/wp\/v2\/product_brand?post=727714"},{"taxonomy":"product_cat","embeddable":true,"href":"https:\/\/roveyayinevi.com.tr\/index.php\/wp-json\/wp\/v2\/product_cat?post=727714"},{"taxonomy":"product_tag","embeddable":true,"href":"https:\/\/roveyayinevi.com.tr\/index.php\/wp-json\/wp\/v2\/product_tag?post=727714"}],"curies":[{"name":"wp","href":"https:\/\/api.w.org\/{rel}","templated":true}]}}