{"id":727711,"date":"2025-08-27T20:27:02","date_gmt":"2025-08-27T17:27:02","guid":{"rendered":"https:\/\/roveyayinevi.com.tr\/index.php\/urun\/benim-copum-degerli\/"},"modified":"2026-04-16T02:35:24","modified_gmt":"2026-04-15T23:35:24","slug":"benim-copum-degerli","status":"publish","type":"product","link":"https:\/\/roveyayinevi.com.tr\/index.php\/urun\/benim-copum-degerli\/","title":{"rendered":"Benim \u00c7\u00f6p\u00fcm De\u011ferli"},"content":{"rendered":"<p>Dedelerinin kaybolan madalyonunu bulmak i\u00e7in \u00e7\u0131kt\u0131klar\u0131 yolda Metehan ve El\u00e2 daha \u00f6nce fark etmedikleri bir ger\u00e7ekle kar\u015f\u0131la\u015f\u0131rlar: \u00c7\u00f6pler.D\u00fcnyan\u0131n g\u00fczelli\u011fini karanl\u0131k bir \u00f6rt\u00fc gibi kaplayan \u00e7\u00f6plerin hem insanlar\u0131n hem de hayvanlar\u0131n sa\u011fl\u0131\u011f\u0131n\u0131 tehdit etti\u011fini \u00f6\u011frenirler.Art\u0131k onlardan kurtulman\u0131n zaman\u0131 gelmi\u015ftir. Bar\u0131\u015f abileriyle birlikte kollar\u0131 s\u0131varlar ve bir at\u0131k projesi geli\u015ftirirler.\u201cBenim \u00c7\u00f6p\u00fcm De\u011ferli\u201d diyerek \u00e7\u0131kt\u0131klar\u0131 bu macerada d\u00fcnyay\u0131 kurtarmak i\u00e7in seni bekliyorlar.<\/p>\n","protected":false},"excerpt":{"rendered":"<p>Dedelerinin kaybolan madalyonunu bulmak i\u00e7in \u00e7\u0131kt\u0131klar\u0131 yolda Metehan ve El\u00e2 daha \u00f6nce fark etmedikleri bir ger\u00e7ekle kar\u015f\u0131la\u015f\u0131rlar: \u00c7\u00f6pler.D\u00fcnyan\u0131n g\u00fczelli\u011fini karanl\u0131k bir \u00f6rt\u00fc gibi kaplayan \u00e7\u00f6plerin hem<span class=\"excerpt-hellip\"> [\u2026]<\/span><\/p>\n","protected":false},"featured_media":0,"template":"","meta":{"_monsterinsights_skip_tracking":false,"_monsterinsights_sitenote_active":false,"_monsterinsights_sitenote_note":"","_monsterinsights_sitenote_category":0},"product_brand":[],"product_cat":[12274,12284],"product_tag":[],"class_list":{"0":"post-727711","1":"product","2":"type-product","3":"status-publish","5":"product_cat-cocuk-ve-genclik-kitaplari","6":"product_cat-hikayeler","7":"pa_cilt-ciltsiz","8":"pa_tur-kitap","9":"pa_yayinevi-acayip-kitaplar","10":"pa_yazar-ebru-tulum","12":"first","13":"instock","14":"sale","15":"shipping-taxable","16":"purchasable","17":"product-type-simple"},"_links":{"self":[{"href":"https:\/\/roveyayinevi.com.tr\/index.php\/wp-json\/wp\/v2\/product\/727711","targetHints":{"allow":["GET"]}}],"collection":[{"href":"https:\/\/roveyayinevi.com.tr\/index.php\/wp-json\/wp\/v2\/product"}],"about":[{"href":"https:\/\/roveyayinevi.com.tr\/index.php\/wp-json\/wp\/v2\/types\/product"}],"wp:attachment":[{"href":"https:\/\/roveyayinevi.com.tr\/index.php\/wp-json\/wp\/v2\/media?parent=727711"}],"wp:term":[{"taxonomy":"product_brand","embeddable":true,"href":"https:\/\/roveyayinevi.com.tr\/index.php\/wp-json\/wp\/v2\/product_brand?post=727711"},{"taxonomy":"product_cat","embeddable":true,"href":"https:\/\/roveyayinevi.com.tr\/index.php\/wp-json\/wp\/v2\/product_cat?post=727711"},{"taxonomy":"product_tag","embeddable":true,"href":"https:\/\/roveyayinevi.com.tr\/index.php\/wp-json\/wp\/v2\/product_tag?post=727711"}],"curies":[{"name":"wp","href":"https:\/\/api.w.org\/{rel}","templated":true}]}}