{"id":727710,"date":"2025-08-27T20:27:01","date_gmt":"2025-08-27T17:27:01","guid":{"rendered":"https:\/\/roveyayinevi.com.tr\/index.php\/urun\/kayip-renk-sanatin-harikalari\/"},"modified":"2026-04-16T02:35:24","modified_gmt":"2026-04-15T23:35:24","slug":"kayip-renk-sanatin-harikalari","status":"publish","type":"product","link":"https:\/\/roveyayinevi.com.tr\/index.php\/urun\/kayip-renk-sanatin-harikalari\/","title":{"rendered":"Kay\u0131p Renk &#8211; Sanat\u0131n Harikalar\u0131"},"content":{"rendered":"<p>Hayat\u0131m\u0131z\u0131 g\u00fczelle\u015ftiren resim sanat\u0131n\u0131n yolcular\u0131; ressamlar\u2026Bir tuvale insan\u0131, zaman\u0131 ve evreni s\u0131\u011fd\u0131rabilen renk sihirbazlar\u0131d\u0131r onlar. Renkler \u00f6yle dans eder ki f\u0131r\u00e7alar\u0131n\u0131n ucunda, ger\u00e7ekler hayallere, hayaller ger\u00e7eklere d\u00f6n\u00fc\u015f\u00fcverir bir anda. Bazen eksik kal\u0131r o \u015faheserler. Bir renk daha olsa tamamlanacak gibi gelir ustas\u0131na. Ve d\u00fc\u015fer ressam o kay\u0131p rengin pe\u015fine, tamamlamak i\u00e7in sanat yolculu\u011funu.Resim sanat\u0131n\u0131n yedi harika ressam\u0131yla birlikte kay\u0131p rengi ar\u0131yoruz. Ve renklerin c\u00fcmb\u00fc\u015f\u00fcndeki yolculu\u011fumuza seni de bekliyoruz.<\/p>\n","protected":false},"excerpt":{"rendered":"<p>Hayat\u0131m\u0131z\u0131 g\u00fczelle\u015ftiren resim sanat\u0131n\u0131n yolcular\u0131; ressamlar\u2026Bir tuvale insan\u0131, zaman\u0131 ve evreni s\u0131\u011fd\u0131rabilen renk sihirbazlar\u0131d\u0131r onlar. Renkler \u00f6yle dans eder ki f\u0131r\u00e7alar\u0131n\u0131n ucunda, ger\u00e7ekler hayallere, hayaller ger\u00e7eklere<span class=\"excerpt-hellip\"> [\u2026]<\/span><\/p>\n","protected":false},"featured_media":0,"template":"","meta":{"_monsterinsights_skip_tracking":false,"_monsterinsights_sitenote_active":false,"_monsterinsights_sitenote_note":"","_monsterinsights_sitenote_category":0},"product_brand":[],"product_cat":[44608,12408],"product_tag":[],"class_list":{"0":"post-727710","1":"product","2":"type-product","3":"status-publish","5":"product_cat-diger-sanat","6":"product_cat-sanat","7":"pa_cilt-ciltsiz","8":"pa_tur-kitap","9":"pa_yayinevi-acayip-kitaplar","10":"pa_yazar-elena-calderone","12":"first","13":"instock","14":"sale","15":"shipping-taxable","16":"purchasable","17":"product-type-simple"},"_links":{"self":[{"href":"https:\/\/roveyayinevi.com.tr\/index.php\/wp-json\/wp\/v2\/product\/727710","targetHints":{"allow":["GET"]}}],"collection":[{"href":"https:\/\/roveyayinevi.com.tr\/index.php\/wp-json\/wp\/v2\/product"}],"about":[{"href":"https:\/\/roveyayinevi.com.tr\/index.php\/wp-json\/wp\/v2\/types\/product"}],"wp:attachment":[{"href":"https:\/\/roveyayinevi.com.tr\/index.php\/wp-json\/wp\/v2\/media?parent=727710"}],"wp:term":[{"taxonomy":"product_brand","embeddable":true,"href":"https:\/\/roveyayinevi.com.tr\/index.php\/wp-json\/wp\/v2\/product_brand?post=727710"},{"taxonomy":"product_cat","embeddable":true,"href":"https:\/\/roveyayinevi.com.tr\/index.php\/wp-json\/wp\/v2\/product_cat?post=727710"},{"taxonomy":"product_tag","embeddable":true,"href":"https:\/\/roveyayinevi.com.tr\/index.php\/wp-json\/wp\/v2\/product_tag?post=727710"}],"curies":[{"name":"wp","href":"https:\/\/api.w.org\/{rel}","templated":true}]}}