{"id":727709,"date":"2025-08-27T20:27:00","date_gmt":"2025-08-27T17:27:00","guid":{"rendered":"https:\/\/roveyayinevi.com.tr\/index.php\/urun\/ben-cosmo\/"},"modified":"2026-04-16T02:35:24","modified_gmt":"2026-04-15T23:35:24","slug":"ben-cosmo","status":"publish","type":"product","link":"https:\/\/roveyayinevi.com.tr\/index.php\/urun\/ben-cosmo\/","title":{"rendered":"Ben Cosmo"},"content":{"rendered":"<p>Cosmo\u2019nun ailesi par\u00e7alanmak \u00fczere ve onlar\u0131 sadece Cosmo bir arada tutabilir. Cosmo, her ne kadar ne yap\u0131lmas\u0131 gerekti\u011fini biliyor olsa da ortada bir sorun var: O bir golden retriever.Ak\u0131ll\u0131, e\u011flenceli, insan\u0131n i\u00e7ini \u0131s\u0131tan e\u015fsiz bir kahraman!\u201cBu, y\u0131llard\u0131r okudu\u011fum en dokunakl\u0131 ve iyi hissettiren, sevmekten ba\u015fka hi\u00e7bir \u015fey yapamayaca\u011f\u0131n\u0131z kitap kar\u015f\u0131s\u0131nda \u015fapka \u00e7\u0131karmaktan ba\u015fka bir \u015fey yapam\u0131yorum.\u201d- Fiona Noble, The Bookseller\u201cCosmo, b\u00fct\u00fcn iyi k\u00f6pekler gibi, o kadar komik, can dostu ve sad\u0131k bir canl\u0131 ki kitab\u0131 bitirdi\u011fimde benim en yak\u0131n bir arkada\u015f\u0131m oldu. Onun sesini duymay\u0131 ve t\u00fcyl\u00fc y\u00fcz\u00fcn\u00fc g\u00f6rmeyi \u00e7ok \u00f6zledim. L\u00fctfen geri d\u00f6n Cosmo!\u201d- Jim Gorant, The New York Times \u00c7oksatan\u0131 The Lost Dogs\u2019un yazar\u0131<\/p>\n","protected":false},"excerpt":{"rendered":"<p>Cosmo\u2019nun ailesi par\u00e7alanmak \u00fczere ve onlar\u0131 sadece Cosmo bir arada tutabilir. Cosmo, her ne kadar ne yap\u0131lmas\u0131 gerekti\u011fini biliyor olsa da ortada bir sorun var: O<span class=\"excerpt-hellip\"> [\u2026]<\/span><\/p>\n","protected":false},"featured_media":0,"template":"","meta":{"_monsterinsights_skip_tracking":false,"_monsterinsights_sitenote_active":false,"_monsterinsights_sitenote_note":"","_monsterinsights_sitenote_category":0},"product_brand":[],"product_cat":[12275,12274],"product_tag":[],"class_list":{"0":"post-727709","1":"product","2":"type-product","3":"status-publish","5":"product_cat-6-12-yas-kitaplari","6":"product_cat-cocuk-ve-genclik-kitaplari","7":"pa_cilt-ciltsiz","8":"pa_tur-kitap","9":"pa_yayinevi-genc-timas","10":"pa_yazar-carlie-sorosiak","12":"first","13":"instock","14":"sale","15":"shipping-taxable","16":"purchasable","17":"product-type-simple"},"_links":{"self":[{"href":"https:\/\/roveyayinevi.com.tr\/index.php\/wp-json\/wp\/v2\/product\/727709","targetHints":{"allow":["GET"]}}],"collection":[{"href":"https:\/\/roveyayinevi.com.tr\/index.php\/wp-json\/wp\/v2\/product"}],"about":[{"href":"https:\/\/roveyayinevi.com.tr\/index.php\/wp-json\/wp\/v2\/types\/product"}],"wp:attachment":[{"href":"https:\/\/roveyayinevi.com.tr\/index.php\/wp-json\/wp\/v2\/media?parent=727709"}],"wp:term":[{"taxonomy":"product_brand","embeddable":true,"href":"https:\/\/roveyayinevi.com.tr\/index.php\/wp-json\/wp\/v2\/product_brand?post=727709"},{"taxonomy":"product_cat","embeddable":true,"href":"https:\/\/roveyayinevi.com.tr\/index.php\/wp-json\/wp\/v2\/product_cat?post=727709"},{"taxonomy":"product_tag","embeddable":true,"href":"https:\/\/roveyayinevi.com.tr\/index.php\/wp-json\/wp\/v2\/product_tag?post=727709"}],"curies":[{"name":"wp","href":"https:\/\/api.w.org\/{rel}","templated":true}]}}