{"id":727704,"date":"2025-08-27T20:26:56","date_gmt":"2025-08-27T17:26:56","guid":{"rendered":"https:\/\/roveyayinevi.com.tr\/index.php\/urun\/bir-efsane-fenerbahce\/"},"modified":"2026-04-16T02:35:24","modified_gmt":"2026-04-15T23:35:24","slug":"bir-efsane-fenerbahce","status":"publish","type":"product","link":"https:\/\/roveyayinevi.com.tr\/index.php\/urun\/bir-efsane-fenerbahce\/","title":{"rendered":"Bir Efsane Fenerbah\u00e7e"},"content":{"rendered":"<p>T\u00fcrk spor tarihinin lokomotif kul\u00fcplerinden Fenerbah\u00e7e\u2019nin 100 y\u0131l\u0131 a\u015fan efsane tarihinin kap\u0131lar\u0131 E\u011flenceli Bilgi serisinde a\u00e7\u0131l\u0131yor. \u0130hti\u015faml\u0131 \u015fampiyonluklar, nefes kesen derbiler, tarihi Avrupa zaferleri ve bol kahkahal\u0131 ma\u00e7 hik\u00e2yeleri\u2026 Hepsi, elinizdeki \u2018Bir Efsane Fenerbah\u00e7e\u2019 kitab\u0131yla sizlerle olacak. Kimi zaman olayl\u0131 ma\u00e7larla gerim gerim gerileceksiniz, kimi zaman son dakika golleriyle havalara u\u00e7acaks\u0131n\u0131z, kimi zaman da parkelerde kazan\u0131lan kupalarla gururlanacaks\u0131n\u0131z. Fenerbah\u00e7e\u2019nin efsane sporcular\u0131n\u0131 da yak\u0131ndan tan\u0131yaca\u011f\u0131n\u0131z kitapta, kul\u00fcb\u00fcn kurulu\u015funa dair hi\u00e7bir yerde okumad\u0131\u011f\u0131n\u0131z ilgin\u00e7 ve e\u011flenceli detaylar\u0131 \u00f6\u011freneceksiniz. Haydi, \u015fimdi Efsane Fenerbah\u00e7e zaman\u0131.<\/p>\n","protected":false},"excerpt":{"rendered":"<p>T\u00fcrk spor tarihinin lokomotif kul\u00fcplerinden Fenerbah\u00e7e\u2019nin 100 y\u0131l\u0131 a\u015fan efsane tarihinin kap\u0131lar\u0131 E\u011flenceli Bilgi serisinde a\u00e7\u0131l\u0131yor. \u0130hti\u015faml\u0131 \u015fampiyonluklar, nefes kesen derbiler, tarihi Avrupa zaferleri ve bol<span class=\"excerpt-hellip\"> [\u2026]<\/span><\/p>\n","protected":false},"featured_media":0,"template":"","meta":{"_monsterinsights_skip_tracking":false,"_monsterinsights_sitenote_active":false,"_monsterinsights_sitenote_note":"","_monsterinsights_sitenote_category":0},"product_brand":[],"product_cat":[12274,12631],"product_tag":[],"class_list":{"0":"post-727704","1":"product","2":"type-product","3":"status-publish","5":"product_cat-cocuk-ve-genclik-kitaplari","6":"product_cat-diger-cocuk-ve-genclik-kitaplari","7":"pa_cilt-ciltsiz","8":"pa_tur-kitap","9":"pa_yayinevi-eglenceli-bilgi-yayinlari","10":"pa_yazar-cagri-cobanoglu","12":"first","13":"instock","14":"sale","15":"shipping-taxable","16":"purchasable","17":"product-type-simple"},"_links":{"self":[{"href":"https:\/\/roveyayinevi.com.tr\/index.php\/wp-json\/wp\/v2\/product\/727704","targetHints":{"allow":["GET"]}}],"collection":[{"href":"https:\/\/roveyayinevi.com.tr\/index.php\/wp-json\/wp\/v2\/product"}],"about":[{"href":"https:\/\/roveyayinevi.com.tr\/index.php\/wp-json\/wp\/v2\/types\/product"}],"wp:attachment":[{"href":"https:\/\/roveyayinevi.com.tr\/index.php\/wp-json\/wp\/v2\/media?parent=727704"}],"wp:term":[{"taxonomy":"product_brand","embeddable":true,"href":"https:\/\/roveyayinevi.com.tr\/index.php\/wp-json\/wp\/v2\/product_brand?post=727704"},{"taxonomy":"product_cat","embeddable":true,"href":"https:\/\/roveyayinevi.com.tr\/index.php\/wp-json\/wp\/v2\/product_cat?post=727704"},{"taxonomy":"product_tag","embeddable":true,"href":"https:\/\/roveyayinevi.com.tr\/index.php\/wp-json\/wp\/v2\/product_tag?post=727704"}],"curies":[{"name":"wp","href":"https:\/\/api.w.org\/{rel}","templated":true}]}}