{"id":727703,"date":"2025-08-27T20:26:55","date_gmt":"2025-08-27T17:26:55","guid":{"rendered":"https:\/\/roveyayinevi.com.tr\/index.php\/urun\/adimiz-aslan-isimiz-destan-galatasaray\/"},"modified":"2026-04-16T02:35:24","modified_gmt":"2026-04-15T23:35:24","slug":"adimiz-aslan-isimiz-destan-galatasaray","status":"publish","type":"product","link":"https:\/\/roveyayinevi.com.tr\/index.php\/urun\/adimiz-aslan-isimiz-destan-galatasaray\/","title":{"rendered":"Ad\u0131m\u0131z Aslan \u0130\u015fimiz Destan Galatasaray"},"content":{"rendered":"<p>Galatasaray&#8217;\u0131 ne kadar tan\u0131yorsun? \u00c7ok? Biraz? Az? Hi\u00e7? \u015eimdi b\u00fct\u00fcn bu derecelendirmeleri unut ve bir Galatasaray uzman\u0131 olmak i\u00e7in &#8216;Ad\u0131m\u0131z Aslan \u0130\u015fimiz Destan-Galatasaray&#8217; kitab\u0131yla tan\u0131\u015f. Bu kitapta Galatasaray Spor Kul\u00fcb\u00fc&#8217;n\u00fcn kurulu\u015fundan bug\u00fcnlere kadar gelen unutulmaz ve \u015fanl\u0131 hik\u00e2yesi anlat\u0131l\u0131yor. \u00dcstelik en e\u011flenceli h\u00e2li ve birbirinden komik karikat\u00fcrleriyle&#8230; Galatasaray&#8217;\u0131n muhte\u015fem \u015fampiyonluklar\u0131n\u0131n ve unutulmaz Avrupa zaferlerinin g\u00f6\u011f\u00fcs kabartan hik\u00e2yelerini en detayl\u0131 \u015fekilde bulaca\u011f\u0131n bu kitapta efsane futbolcularla da yak\u0131ndan tan\u0131\u015facaks\u0131n. Kimler mi? Metin Oktay, Turgay \u015eeren, Fatih Terim, C\u00fcneyt Tanman, Cevat Prekazi, Gheorghe Hagi, Claudio Taffarel, Fernando Muslera, Didier Drogba, Wesley Sneijder ve daha nice y\u0131ld\u0131zlar&#8230; Efsane futbolcular, muhte\u015fem \u015fampiyonluklar, inan\u0131lmaz Avrupa zaferleri, beyin yakan istatistikler ve \u015fa\u015fk\u0131nl\u0131k uyand\u0131ran olaylar&#8230; Galatasaray hi\u00e7 bu kadar detayl\u0131 ve e\u011flenceli anlat\u0131lmam\u0131\u015ft\u0131.<\/p>\n","protected":false},"excerpt":{"rendered":"<p>Galatasaray&#8217;\u0131 ne kadar tan\u0131yorsun? \u00c7ok? Biraz? Az? Hi\u00e7? \u015eimdi b\u00fct\u00fcn bu derecelendirmeleri unut ve bir Galatasaray uzman\u0131 olmak i\u00e7in &#8216;Ad\u0131m\u0131z Aslan \u0130\u015fimiz Destan-Galatasaray&#8217; kitab\u0131yla tan\u0131\u015f. Bu<span class=\"excerpt-hellip\"> [\u2026]<\/span><\/p>\n","protected":false},"featured_media":0,"template":"","meta":{"_monsterinsights_skip_tracking":false,"_monsterinsights_sitenote_active":false,"_monsterinsights_sitenote_note":"","_monsterinsights_sitenote_category":0},"product_brand":[],"product_cat":[12274,12631],"product_tag":[],"class_list":{"0":"post-727703","1":"product","2":"type-product","3":"status-publish","5":"product_cat-cocuk-ve-genclik-kitaplari","6":"product_cat-diger-cocuk-ve-genclik-kitaplari","7":"pa_cilt-ciltsiz","8":"pa_tur-kitap","9":"pa_yayinevi-eglenceli-bilgi-yayinlari","10":"pa_yazar-huseyin-keles","12":"first","13":"instock","14":"sale","15":"shipping-taxable","16":"purchasable","17":"product-type-simple"},"_links":{"self":[{"href":"https:\/\/roveyayinevi.com.tr\/index.php\/wp-json\/wp\/v2\/product\/727703","targetHints":{"allow":["GET"]}}],"collection":[{"href":"https:\/\/roveyayinevi.com.tr\/index.php\/wp-json\/wp\/v2\/product"}],"about":[{"href":"https:\/\/roveyayinevi.com.tr\/index.php\/wp-json\/wp\/v2\/types\/product"}],"wp:attachment":[{"href":"https:\/\/roveyayinevi.com.tr\/index.php\/wp-json\/wp\/v2\/media?parent=727703"}],"wp:term":[{"taxonomy":"product_brand","embeddable":true,"href":"https:\/\/roveyayinevi.com.tr\/index.php\/wp-json\/wp\/v2\/product_brand?post=727703"},{"taxonomy":"product_cat","embeddable":true,"href":"https:\/\/roveyayinevi.com.tr\/index.php\/wp-json\/wp\/v2\/product_cat?post=727703"},{"taxonomy":"product_tag","embeddable":true,"href":"https:\/\/roveyayinevi.com.tr\/index.php\/wp-json\/wp\/v2\/product_tag?post=727703"}],"curies":[{"name":"wp","href":"https:\/\/api.w.org\/{rel}","templated":true}]}}