{"id":727702,"date":"2025-08-27T20:26:54","date_gmt":"2025-08-27T17:26:54","guid":{"rendered":"https:\/\/roveyayinevi.com.tr\/index.php\/urun\/kadimzamanlar-ve-diger-vakitler\/"},"modified":"2026-04-16T02:35:24","modified_gmt":"2026-04-15T23:35:24","slug":"kadimzamanlar-ve-diger-vakitler","status":"publish","type":"product","link":"https:\/\/roveyayinevi.com.tr\/index.php\/urun\/kadimzamanlar-ve-diger-vakitler\/","title":{"rendered":"Kadimzamanlar ve Di\u011fer Vakitler"},"content":{"rendered":"<p>D\u00f6rt melek taraf\u0131ndan korunan Kadimzamanlar, evrenin kalbidir. Burada zaman farkl\u0131 akar. Bu ne h\u00fck\u00fcmetlerin, ne generallerin ne de ba\u015fkanlar\u0131n tarihidir. Kadimzamanlar\u2019\u0131n her sakini kendi zaman\u0131n\u0131n hik\u00e2yesini yazar: \u0130nanc\u0131n\u0131 yitiren toprak sahibi Popielski, ge\u00e7mi\u015finden kopmak istemeyen Micha\u0142, kendini ormana hapseden K\u00f6t\u00fc Adam, sava\u015fla birlikte vicdan\u0131n\u0131 yitiren Ivan Mutka, d\u00fcnyan\u0131n karma\u015fas\u0131n\u0131 emen kahve \u00f6\u011f\u00fct\u00fcc\u00fcs\u00fc, delili\u011fin s\u0131n\u0131rlar\u0131nda dola\u015fan ve kabul edilmeyen Ba\u015fak, \u00f6l\u00fcm\u00fcn ya\u015fam\u0131 olan mantar miselleri, a\u011flamay\u0131 unutan Pawe\u0142, de\u011fi\u015fimlerle \u00e7alkalanan insan kar\u015f\u0131s\u0131nda hi\u00e7 de\u011fi\u015fmez g\u00f6z\u00fcken meyve bah\u00e7eleri\u2026 Peki kim yazmaktad\u0131r zaman\u0131n kaderini?D\u00fcnya edebiyat\u0131n\u0131n \u00f6nde gelen seslerinden, Nobel Edebiyat \u00d6d\u00fcl\u00fc sahibi Olga Tokarczuk, Kadimzamanlar ve Di\u011fer Vakitler\u2019de d\u00fcnyan\u0131n bir mikrokozmosu olarak irdelenen bu mitsel Polonya kasabas\u0131ndan kesitler sunuyor; 1914\u2019ten 1980\u2019e kadar insanl\u0131\u011f\u0131n de\u011fi\u015fimini, Kadimzamanlar\u2019da ya\u015fayan \u00fc\u00e7 neslin arketip fertleri \u00fczerinden anlat\u0131yor. \u0130ki sava\u015f aras\u0131ndaki \u00e7\u00f6k\u00fc\u015f\u00fc, masals\u0131 oldu\u011fu kadar vurucu bir tonda resmederek okuru varl\u0131k, hi\u00e7lik, zaman, modernite, fanilik \u00fczerine d\u00fc\u015f\u00fcnmeye \u00e7a\u011f\u0131r\u0131yor. \u201cMuhte\u015fem bir yazar.\u201d \u2015Svetlana Alexievich\u201cTokarczuk ile birlikte, Nobel sadece bir kad\u0131n yazar\u0131 se\u00e7medi, y\u00fczy\u0131l\u0131n\u0131n sesini se\u00e7ti. Olga Tokarczuk, \u015fiirsel \u00fcslubu ve ak\u0131lda kalan hik\u00e2yecili\u011fiyle d\u00f6nemine iz b\u0131rakan bir yazar.\u201d \u2015Didier Jacob, L\u2019Obs\u201cMerak uyand\u0131ran, dokunakl\u0131 bir roman.\u201d \u2015The Independent\u201cTokarczuk\u2019un b\u00fcy\u00fcleyici ger\u00e7eklikteki becerisi, hayranl\u0131k verici dengesiz bir evren ve unutulmaz bir hik\u00e2ye yarat\u0131yor: Kadimzamanlar, sadece g\u00fcvenlik duygusunu de\u011fil, mek\u00e2n ve zaman alg\u0131s\u0131n\u0131 da kaybetti\u011fimiz bir yer.\u201d \u2015Exberliner\u201cKadimzamanlar ve Di\u011fer Vakitler garip bir \u015fekilde sakinle\u015ftirici bir etkiye sahip. G\u00fc\u00e7l\u00fc ve uzun bir s\u00fcre yank\u0131s\u0131 s\u00fcrecek, unutulmayacak bir hik\u00e2ye.\u201d \u2015World Literature Today<\/p>\n","protected":false},"excerpt":{"rendered":"<p>D\u00f6rt melek taraf\u0131ndan korunan Kadimzamanlar, evrenin kalbidir. Burada zaman farkl\u0131 akar. Bu ne h\u00fck\u00fcmetlerin, ne generallerin ne de ba\u015fkanlar\u0131n tarihidir. Kadimzamanlar\u2019\u0131n her sakini kendi zaman\u0131n\u0131n hik\u00e2yesini<span class=\"excerpt-hellip\"> [\u2026]<\/span><\/p>\n","protected":false},"featured_media":0,"template":"","meta":{"_monsterinsights_skip_tracking":false,"_monsterinsights_sitenote_active":false,"_monsterinsights_sitenote_note":"","_monsterinsights_sitenote_category":0},"product_brand":[],"product_cat":[12291,12711],"product_tag":[],"class_list":{"0":"post-727702","1":"product","2":"type-product","3":"status-publish","5":"product_cat-edebiyat","6":"product_cat-roman-oyku","7":"pa_cilt-ciltsiz","8":"pa_tur-kitap","9":"pa_yayinevi-timas-yayinlari","10":"pa_yazar-olga-tokarczuk","12":"first","13":"instock","14":"sale","15":"shipping-taxable","16":"purchasable","17":"product-type-simple"},"_links":{"self":[{"href":"https:\/\/roveyayinevi.com.tr\/index.php\/wp-json\/wp\/v2\/product\/727702","targetHints":{"allow":["GET"]}}],"collection":[{"href":"https:\/\/roveyayinevi.com.tr\/index.php\/wp-json\/wp\/v2\/product"}],"about":[{"href":"https:\/\/roveyayinevi.com.tr\/index.php\/wp-json\/wp\/v2\/types\/product"}],"wp:attachment":[{"href":"https:\/\/roveyayinevi.com.tr\/index.php\/wp-json\/wp\/v2\/media?parent=727702"}],"wp:term":[{"taxonomy":"product_brand","embeddable":true,"href":"https:\/\/roveyayinevi.com.tr\/index.php\/wp-json\/wp\/v2\/product_brand?post=727702"},{"taxonomy":"product_cat","embeddable":true,"href":"https:\/\/roveyayinevi.com.tr\/index.php\/wp-json\/wp\/v2\/product_cat?post=727702"},{"taxonomy":"product_tag","embeddable":true,"href":"https:\/\/roveyayinevi.com.tr\/index.php\/wp-json\/wp\/v2\/product_tag?post=727702"}],"curies":[{"name":"wp","href":"https:\/\/api.w.org\/{rel}","templated":true}]}}