{"id":727701,"date":"2025-08-27T20:26:54","date_gmt":"2025-08-27T17:26:54","guid":{"rendered":"https:\/\/roveyayinevi.com.tr\/index.php\/urun\/imparatorlugun-son-savasi\/"},"modified":"2026-04-16T02:35:24","modified_gmt":"2026-04-15T23:35:24","slug":"imparatorlugun-son-savasi","status":"publish","type":"product","link":"https:\/\/roveyayinevi.com.tr\/index.php\/urun\/imparatorlugun-son-savasi\/","title":{"rendered":"\u0130mparatorlu\u011fun Son Sava\u015f\u0131"},"content":{"rendered":"<p>\u00c7anakkale Bo\u011faz\u0131\u2019ndan iki Alman z\u0131rhl\u0131s\u0131n\u0131n girmesiyle ba\u015flad\u0131 her \u015fey\u2026Ve \u0130stanbul Bo\u011faz\u0131\u2019ndan bir Alman torpidosunun bir gece vakti sessizce ayr\u0131lmas\u0131yla sona erdi.Bu s\u00fcre\u00e7te yitirilen y\u00fcz binlerce hayat, elden \u00e7\u0131kan y\u00fczbinlerce kilometrekarelik toprak, a\u00e7, sefil, boynu b\u00fck\u00fck bir millet ve tarihe kar\u0131\u015fan alt\u0131 as\u0131rl\u0131k bir imparatorluk\u2026Her \u015fey bu iki Alman z\u0131rhl\u0131s\u0131n\u0131n geli\u015fi ve bir Alman torpidosunun gidi\u015fi aras\u0131nda ge\u00e7en d\u00f6rt y\u0131lda oldu.Tarihe damga vuran bir milletin kaderi de\u011fi\u015fti bu d\u00f6rt y\u0131lda.Ve geriye tek bir soru kald\u0131, bir as\u0131r boyunca tart\u0131\u015f\u0131l\u0131p duran: \u201cBirinci D\u00fcnya Sava\u015f\u0131\u2019na Neden ve Nas\u0131l Girdik?\u201dNecmettin Alkan, \u0130mparatorlu\u011fun Sonu isimli bu \u00e7al\u0131\u015fmas\u0131yla, \u201cBirinci D\u00fcnya Sava\u015f\u0131\u2019na Neden ve Nas\u0131l Girdik?\u201d sorusunun cevab\u0131n\u0131 ar\u0131yor.Yerli ve yabanc\u0131 ar\u015fiv belgeleri, gazete koleksiyonlar\u0131 ve d\u00f6neme ait kaynaklar\u0131 b\u00fcy\u00fck bir titizlikle inceleyerek hainlikle, kahramanl\u0131k aras\u0131ndaki \u00e7izginin olduk\u00e7a ince oldu\u011fu bu topraklarda s\u00fcregelen y\u00fczy\u0131ll\u0131k tart\u0131\u015fmaya son noktay\u0131 koyuyor.<\/p>\n","protected":false},"excerpt":{"rendered":"<p>\u00c7anakkale Bo\u011faz\u0131\u2019ndan iki Alman z\u0131rhl\u0131s\u0131n\u0131n girmesiyle ba\u015flad\u0131 her \u015fey\u2026Ve \u0130stanbul Bo\u011faz\u0131\u2019ndan bir Alman torpidosunun bir gece vakti sessizce ayr\u0131lmas\u0131yla sona erdi.Bu s\u00fcre\u00e7te yitirilen y\u00fcz binlerce hayat,<span class=\"excerpt-hellip\"> [\u2026]<\/span><\/p>\n","protected":false},"featured_media":0,"template":"","meta":{"_monsterinsights_skip_tracking":false,"_monsterinsights_sitenote_active":false,"_monsterinsights_sitenote_note":"","_monsterinsights_sitenote_category":0},"product_brand":[],"product_cat":[12370,12304],"product_tag":[],"class_list":{"0":"post-727701","1":"product","2":"type-product","3":"status-publish","5":"product_cat-arastirma-inceleme","6":"product_cat-tarih","7":"pa_cilt-ciltsiz","8":"pa_tur-kitap","9":"pa_yayinevi-timas-yayinlari","10":"pa_yazar-necmettin-alkan","12":"first","13":"instock","14":"sale","15":"shipping-taxable","16":"purchasable","17":"product-type-simple"},"_links":{"self":[{"href":"https:\/\/roveyayinevi.com.tr\/index.php\/wp-json\/wp\/v2\/product\/727701","targetHints":{"allow":["GET"]}}],"collection":[{"href":"https:\/\/roveyayinevi.com.tr\/index.php\/wp-json\/wp\/v2\/product"}],"about":[{"href":"https:\/\/roveyayinevi.com.tr\/index.php\/wp-json\/wp\/v2\/types\/product"}],"wp:attachment":[{"href":"https:\/\/roveyayinevi.com.tr\/index.php\/wp-json\/wp\/v2\/media?parent=727701"}],"wp:term":[{"taxonomy":"product_brand","embeddable":true,"href":"https:\/\/roveyayinevi.com.tr\/index.php\/wp-json\/wp\/v2\/product_brand?post=727701"},{"taxonomy":"product_cat","embeddable":true,"href":"https:\/\/roveyayinevi.com.tr\/index.php\/wp-json\/wp\/v2\/product_cat?post=727701"},{"taxonomy":"product_tag","embeddable":true,"href":"https:\/\/roveyayinevi.com.tr\/index.php\/wp-json\/wp\/v2\/product_tag?post=727701"}],"curies":[{"name":"wp","href":"https:\/\/api.w.org\/{rel}","templated":true}]}}