{"id":727700,"date":"2025-08-27T20:26:53","date_gmt":"2025-08-27T17:26:53","guid":{"rendered":"https:\/\/roveyayinevi.com.tr\/index.php\/urun\/turkiyede-saglik-planlamasi\/"},"modified":"2026-04-16T02:35:24","modified_gmt":"2026-04-15T23:35:24","slug":"turkiyede-saglik-planlamasi","status":"publish","type":"product","link":"https:\/\/roveyayinevi.com.tr\/index.php\/urun\/turkiyede-saglik-planlamasi\/","title":{"rendered":"T\u00fcrkiye&#8217;de Sa\u011fl\u0131k Planlamas\u0131"},"content":{"rendered":"<p>1.B\u00f6l\u00fcm: Sa\u011fl\u0131k,Devlet, Planlama Ve Politika 1.1Sa\u011fl\u0131k Ve Sa\u011fl\u0131k Hizmeti Kavramlar\u0131 1.2Sa\u011fl\u0131k Sisteminde Devletin Roller 1.3 Planlama Kavram\u0131 Ve Geli\u015fimi 1.4 Planlama Yakla\u015f\u0131mlar\u0131 1.5 Planlama-Politika \u0130li\u015fkisi 2.B\u00f6l\u00fcm: Sa\u011fl\u0131k Planlamas\u0131 2.1 Sa\u011fl\u0131k Planlamas\u0131 Kavram\u0131 2.2 Sa\u011fl\u0131k Planlamas\u0131 Tarihi 2.3 Sa\u011fl\u0131k Planlamas\u0131n\u0131n Amac\u0131 Ve Kapsam\u0131 2.4 Sa\u011fl\u0131k Planlamas\u0131n\u0131n Tarihi 2.5 Sa\u011fl\u0131k Planlamas\u0131n\u0131 Etkileyen Fakt\u00f6rler 3. B\u00f6l\u00fcm: Sa\u011fl\u0131k Planlamas\u0131nda Yasal Dayanal Ve Akt\u00f6rler 1.1 Sa\u011fl\u0131k Planlamas\u0131nda Yer Alan Akt\u00f6rler 2.      B\u00f6l\u00fcm: Sa\u011fl\u0131k Planlama S\u00fcreci 2.1  Planlaman\u0131n Lanlanmas\u0131 2.2  Durum Analizi 2.3  Ama\u00e7 Ve Hedeflerin Belirlenmesi 2.4  Kaynaklar\u0131n De\u011ferlendirilmesi 2.5  \u00d6nceliklerin Belirlenmesi 2.6  Alternatif Se\u00e7eneklerin Belirlenmesi Ve De\u011ferlendirilmesi 2.7  Plan Se\u00e7imi Ve Uygulama 2.8  \u0130zleme Ve De\u011ferlendirme 3.Sa\u011fl\u0131k Planlama T\u00fcrleri Ve Seviyeleri 3.1Sa\u011fl\u0131k Planlama T\u00fcrleri 3.2 Sa\u011fl\u0131k Planlama Seviyeleri 4. B\u00f6l\u00fcm: T\u00fcrkiye\u2019deki Politik, Ekonomik Ve Toplumsal Geli\u015fmelerin Sa\u011fl\u0131k Planlamas\u0131na Etkileri 4.11920-1938 D\u00f6nemi (Kurulu\u015f D\u00f6nemi) 4.2 1938-1960 D\u00f6nemi (Kurumsalla\u015fma D\u00f6nemi) 4.3 1960-1980 D\u00f6nemi (Sosyalle\u015ftirme D\u00f6nemi) 4.4 1980-2002 (Neoliberalle\u015fme D\u00f6nemi) 4.5 2002 Ve Sonras\u0131 D\u00f6nem (Kalk\u0131nma D\u00f6nemi) 5. B\u00f6l\u00fcm: T\u00fcrkiye\u2019deki Sa\u011fl\u0131k Planlar\u0131n\u0131n \u0130\u00e7erikleri 5.1  Refik Saydam Program\u0131 5.2  \u0130rinci On Y\u0131ll\u0131k Milli Sa\u011fl\u0131k Plan\u0131 5.3  Milli Sa\u011fl\u0131k Program\u0131 5.4  Sosyalle\u015ftirme Program\u0131 5.5  Ulusal Sa\u011fl\u0131k Politikas\u0131 5.6  Sa\u011fl\u0131kta D\u00f6n\u00fc\u015f\u00fcm Program\u0131 5.7 2010-2014 Stratejik Plan 5.8 2013-2017 Stratejik Plan 6. B\u00f6l\u00fcm: T\u00fcrkiye\u2019deki Sa\u011fl\u0131k Planlama S\u00fcre\u00e7leri 6.1 Refik Saydam Program\u0131 6.2 Birinci On Y\u0131ll\u0131k Milli Sa\u011fl\u0131k Plan\u0131 6.3 Milli Sa\u011fl\u0131k Program\u0131 6.4 Sosyalle\u015ftirme Program\u0131 6.5 Ulusal Sa\u011fl\u0131k Politikas\u0131 6.6 Sa\u011fl\u0131kta D\u00f6n\u00fc\u015f\u00fcm Program\u0131 6.7 2010-2014 Stratejik Plan 6.8 2013-2017 Stratejik Plan 7. B\u00f6l\u00fcm: T\u00fcrkiye\u2019deki Sa\u011fl\u0131k Planlama S\u00fcre\u00e7lerinde Etkili Olan Fakt\u00fcrler 7.1 Refik Saydam Program\u0131 7.2  Birinci On Y\u0131ll\u0131k Milli Sa\u011fl\u0131k Plan\u0131 7.3 Milli Sa\u011fl\u0131k Program\u0131 7.4 Sosyalle\u015ftirme Program\u0131 7.5 Ulusal Sa\u011fl\u0131k Politikas\u0131 7.6 Sa\u011fl\u0131kta D\u00f6n\u00fc\u015f\u00fcm Program\u0131 7.7 2010-2014 STRATEJ\u0130K PLAN 1.1 2013-2017 Stratejik Plan 2. B\u00f6l\u00fcm: T\u00fcrkiye\u2019de Sa\u011fl\u0131k Planlamas\u0131: Genel De\u011ferlendirme <\/p>\n","protected":false},"excerpt":{"rendered":"<p>1.B\u00f6l\u00fcm: Sa\u011fl\u0131k,Devlet, Planlama Ve Politika 1.1Sa\u011fl\u0131k Ve Sa\u011fl\u0131k Hizmeti Kavramlar\u0131 1.2Sa\u011fl\u0131k Sisteminde Devletin Roller 1.3 Planlama Kavram\u0131 Ve Geli\u015fimi 1.4 Planlama Yakla\u015f\u0131mlar\u0131 1.5 Planlama-Politika \u0130li\u015fkisi 2.B\u00f6l\u00fcm:<span class=\"excerpt-hellip\"> [\u2026]<\/span><\/p>\n","protected":false},"featured_media":0,"template":"","meta":{"_monsterinsights_skip_tracking":false,"_monsterinsights_sitenote_active":false,"_monsterinsights_sitenote_note":"","_monsterinsights_sitenote_category":0},"product_brand":[],"product_cat":[13366,13365],"product_tag":[],"class_list":{"0":"post-727700","1":"product","2":"type-product","3":"status-publish","5":"product_cat-diger-saglik","6":"product_cat-saglik","7":"pa_cilt-ciltsiz","8":"pa_tur-kitap","9":"pa_yayinevi-gazi-kitabevi","10":"pa_yazar-ibrahim-huseyin-canseven","12":"first","13":"instock","14":"sale","15":"shipping-taxable","16":"purchasable","17":"product-type-simple"},"_links":{"self":[{"href":"https:\/\/roveyayinevi.com.tr\/index.php\/wp-json\/wp\/v2\/product\/727700","targetHints":{"allow":["GET"]}}],"collection":[{"href":"https:\/\/roveyayinevi.com.tr\/index.php\/wp-json\/wp\/v2\/product"}],"about":[{"href":"https:\/\/roveyayinevi.com.tr\/index.php\/wp-json\/wp\/v2\/types\/product"}],"wp:attachment":[{"href":"https:\/\/roveyayinevi.com.tr\/index.php\/wp-json\/wp\/v2\/media?parent=727700"}],"wp:term":[{"taxonomy":"product_brand","embeddable":true,"href":"https:\/\/roveyayinevi.com.tr\/index.php\/wp-json\/wp\/v2\/product_brand?post=727700"},{"taxonomy":"product_cat","embeddable":true,"href":"https:\/\/roveyayinevi.com.tr\/index.php\/wp-json\/wp\/v2\/product_cat?post=727700"},{"taxonomy":"product_tag","embeddable":true,"href":"https:\/\/roveyayinevi.com.tr\/index.php\/wp-json\/wp\/v2\/product_tag?post=727700"}],"curies":[{"name":"wp","href":"https:\/\/api.w.org\/{rel}","templated":true}]}}