{"id":727699,"date":"2025-08-27T20:26:52","date_gmt":"2025-08-27T17:26:52","guid":{"rendered":"https:\/\/roveyayinevi.com.tr\/index.php\/urun\/orgut-kulturu-ve-is-tatmini-iliskisinde-rol-belirsizligi-ve-kusak-farkliliklarinin-etkisi\/"},"modified":"2026-04-16T02:35:24","modified_gmt":"2026-04-15T23:35:24","slug":"orgut-kulturu-ve-is-tatmini-iliskisinde-rol-belirsizligi-ve-kusak-farkliliklarinin-etkisi","status":"publish","type":"product","link":"https:\/\/roveyayinevi.com.tr\/index.php\/urun\/orgut-kulturu-ve-is-tatmini-iliskisinde-rol-belirsizligi-ve-kusak-farkliliklarinin-etkisi\/","title":{"rendered":"\u00d6rg\u00fct K\u00fclt\u00fcr\u00fc ve \u0130\u015f Tatmini \u0130li\u015fkisinde Rol Belirsizli\u011fi ve Ku\u015fak Farkl\u0131l\u0131klar\u0131n\u0131n Etkisi"},"content":{"rendered":"<p>1. Giri\u015f 1.1  Problem 1.2  Ama\u00e7 1.3  \u00d6nem 1.4  Varsay\u0131mlar 1.5  S\u0131n\u0131rl\u0131l\u0131klar 1.6  Tan\u0131mlar 2.      \u0130lgili Alanyaz\u0131n 2.1  Kurumsal \u00c7er\u00e7eve 2.2  De\u011fi\u015fkenler Aras\u0131ndaki \u0130li\u015fkiler 1.      Y\u00f6ntem 1.1  Ara\u015ft\u0131rman\u0131n Modeli 1.2  Evren Ve \u00d6rneklem 1.3  Veri Toplama Ara\u00e7lar\u0131 Ve Teknikleri 1.4  Verilerin Analizi 2.      Bulgular Ve Yorumlar 2.1  Do\u011frulay\u0131c\u0131 Fakt\u00f6r Analizi 2.2  Tan\u0131mlay\u0131c\u0131 \u0130statistikler Ve Korelasyon Analizi 2.3  Basit Regresyon Analizi 2.4  Hiyerar\u015fik Regresyon Analizi 2.5  D\u00fczenleyici Etkiyi Belirlemeye Y\u00f6nelik Regresyon Analizi 2.6  Ba\u011f\u0131ms\u0131z \u00d6rneklem T Testi 3.   Sonu\u00e7lar Ve \u00d6neriler <\/p>\n","protected":false},"excerpt":{"rendered":"<p>1. Giri\u015f 1.1 Problem 1.2 Ama\u00e7 1.3 \u00d6nem 1.4 Varsay\u0131mlar 1.5 S\u0131n\u0131rl\u0131l\u0131klar 1.6 Tan\u0131mlar 2. \u0130lgili Alanyaz\u0131n 2.1 Kurumsal \u00c7er\u00e7eve 2.2 De\u011fi\u015fkenler Aras\u0131ndaki \u0130li\u015fkiler 1. Y\u00f6ntem<span class=\"excerpt-hellip\"> [\u2026]<\/span><\/p>\n","protected":false},"featured_media":0,"template":"","meta":{"_monsterinsights_skip_tracking":false,"_monsterinsights_sitenote_active":false,"_monsterinsights_sitenote_note":"","_monsterinsights_sitenote_category":0},"product_brand":[],"product_cat":[13043,19008],"product_tag":[],"class_list":{"0":"post-727699","1":"product","2":"type-product","3":"status-publish","5":"product_cat-ekonomi","6":"product_cat-yonetim","7":"pa_cilt-ciltsiz","8":"pa_tur-kitap","9":"pa_yayinevi-gazi-kitabevi","10":"pa_yazar-yahya-kati","12":"first","13":"instock","14":"sale","15":"shipping-taxable","16":"purchasable","17":"product-type-simple"},"_links":{"self":[{"href":"https:\/\/roveyayinevi.com.tr\/index.php\/wp-json\/wp\/v2\/product\/727699","targetHints":{"allow":["GET"]}}],"collection":[{"href":"https:\/\/roveyayinevi.com.tr\/index.php\/wp-json\/wp\/v2\/product"}],"about":[{"href":"https:\/\/roveyayinevi.com.tr\/index.php\/wp-json\/wp\/v2\/types\/product"}],"wp:attachment":[{"href":"https:\/\/roveyayinevi.com.tr\/index.php\/wp-json\/wp\/v2\/media?parent=727699"}],"wp:term":[{"taxonomy":"product_brand","embeddable":true,"href":"https:\/\/roveyayinevi.com.tr\/index.php\/wp-json\/wp\/v2\/product_brand?post=727699"},{"taxonomy":"product_cat","embeddable":true,"href":"https:\/\/roveyayinevi.com.tr\/index.php\/wp-json\/wp\/v2\/product_cat?post=727699"},{"taxonomy":"product_tag","embeddable":true,"href":"https:\/\/roveyayinevi.com.tr\/index.php\/wp-json\/wp\/v2\/product_tag?post=727699"}],"curies":[{"name":"wp","href":"https:\/\/api.w.org\/{rel}","templated":true}]}}