{"id":727697,"date":"2025-08-27T20:26:51","date_gmt":"2025-08-27T17:26:51","guid":{"rendered":"https:\/\/roveyayinevi.com.tr\/index.php\/urun\/is-hayatinda-kadin-calisanlara-uygulanan-destekler-perspektifinde-kadin-calisanlarin-psikolojik-sahiplenme-ve-yilmazlik-durumlar\/"},"modified":"2026-04-16T02:35:24","modified_gmt":"2026-04-15T23:35:24","slug":"is-hayatinda-kadin-calisanlara-uygulanan-destekler-perspektifinde-kadin-calisanlarin-psikolojik-sahiplenme-ve-yilmazlik-durumlar","status":"publish","type":"product","link":"https:\/\/roveyayinevi.com.tr\/index.php\/urun\/is-hayatinda-kadin-calisanlara-uygulanan-destekler-perspektifinde-kadin-calisanlarin-psikolojik-sahiplenme-ve-yilmazlik-durumlar\/","title":{"rendered":"\u0130\u015f Hayat\u0131nda Kad\u0131n \u00c7al\u0131\u015fanlara Uygulanan Destekler Perspektifinde Kad\u0131n \u00c7al\u0131\u015fanlar\u0131n Psikolojik Sahiplenme ve Y\u0131lmazl\u0131k Durumlar"},"content":{"rendered":"<p>Birinci B\u00f6l\u00fcm: Kad\u0131n \u00c7al\u0131\u015fanlara Y\u00f6nelik Destekleyici \u00d6rg\u00fct \u0130klimi 1.1  Kad\u0131n \u0130stihdam\u0131n\u0131n Tarihsel Geli\u015fimi 1.2  T\u00fcrkiye\u2019de  Sekt\u00f6rel Bazda Kad\u0131n \u0130stihdam\u0131n\u0131n \u00d6nemi 1.3  Kad\u0131n \u00c7al\u0131\u015fanlar\u0131n Kar\u015f\u0131la\u015ft\u0131\u011f\u0131 Kariyer Sorunlar\u0131 1.1  Kad\u0131n \u00c7al\u0131\u015fanlara Y\u00f6nelik Destekleyici \u00d6rg\u00fct \u0130klimi Uygulamalar\u0131 \u0130kinci B\u00f6l\u00fcm: Psikolojik Sahiplenme 2.1 Psikolojik Sahiplenme Kavram\u0131n\u0131n Ortaya \u00c7\u0131k\u0131\u015f\u0131 2.2 Psikolojik Sahiplenmenin Bile\u015fenleri 2.3 \u00d6rg\u00fctlerde Psikolojik Sahiplenme 2.4 Psikolojik Sahiplenmenin Farkl\u0131 Kavramlarla \u0130li\u015fkisine Y\u00f6nelik \u00c7al\u0131\u015fmalar \u00dc\u00e7\u00fcnc\u00fc B\u00f6l\u00fcm: Y\u0131lmazl\u0131k 3.1 Y\u0131lmazl\u0131k Kavram\u0131n\u0131n Tarihsel Geli\u015fimi 3.2 Y\u0131lmazl\u0131k Kavram\u0131 3.3 Y\u0131lmazl\u0131\u011f\u0131 Etkileyen Fakt\u00f6rler 3.4 Y\u0131lmazl\u0131k D\u00fczeyi Y\u00fcksek Olan Bireylerin \u00d6zellikleri 3.5 Y\u0131lmazl\u0131k Ve Akademik Ba\u015far\u0131 3.6 Y\u0131lmazl\u0131k \u0130le \u0130lgili \u00c7al\u0131\u015fmalar D\u00f6rd\u00fcnc\u00fc B\u00f6l\u00fcm: Kad\u0131n \u00c7al\u0131\u015fanlara Y\u00f6nelik Destekleyici \u00d6rg\u00fct \u0130kliminin Psikolojik Sahiplenme Ve Y\u0131lmazl\u0131k D\u00fczeyleri \u00dczerine Etkisi, Antalya Bankac\u0131l\u0131k Ve Turizm Sekt\u00f6r\u00fc \u00dczerine Bir Ara\u015ft\u0131rma 4.1 Ara\u015ft\u0131rman\u0131n Konusu, Amac\u0131 Ve Kapsam\u0131 4.2 Ara\u015ft\u0131rman\u0131n Varsay\u0131mlar\u0131 Ve S\u0131n\u0131rl\u0131l\u0131klar\u0131 4.3 Evren Ve \u00d6rneklem 4.4 Ara\u015ft\u0131rman\u0131n Modeli 4.5 Veri Toplama Y\u00f6ntemi Ve \u00d6l\u00e7ekler 4.6 Ara\u015ft\u0131rma Sorular\u0131 Ve Hipotezleri 4.7 Ara\u015ft\u0131rma Verilerinin Analizi Ve Bulgular <\/p>\n","protected":false},"excerpt":{"rendered":"<p>Birinci B\u00f6l\u00fcm: Kad\u0131n \u00c7al\u0131\u015fanlara Y\u00f6nelik Destekleyici \u00d6rg\u00fct \u0130klimi 1.1 Kad\u0131n \u0130stihdam\u0131n\u0131n Tarihsel Geli\u015fimi 1.2 T\u00fcrkiye\u2019de Sekt\u00f6rel Bazda Kad\u0131n \u0130stihdam\u0131n\u0131n \u00d6nemi 1.3 Kad\u0131n \u00c7al\u0131\u015fanlar\u0131n Kar\u015f\u0131la\u015ft\u0131\u011f\u0131 Kariyer Sorunlar\u0131<span class=\"excerpt-hellip\"> [\u2026]<\/span><\/p>\n","protected":false},"featured_media":0,"template":"","meta":{"_monsterinsights_skip_tracking":false,"_monsterinsights_sitenote_active":false,"_monsterinsights_sitenote_note":"","_monsterinsights_sitenote_category":0},"product_brand":[],"product_cat":[13043,19008],"product_tag":[],"class_list":{"0":"post-727697","1":"product","2":"type-product","3":"status-publish","5":"product_cat-ekonomi","6":"product_cat-yonetim","7":"pa_cilt-ciltsiz","8":"pa_tur-kitap","9":"pa_yayinevi-gazi-kitabevi","10":"pa_yazar-emine-vasfiye-korkmaz","12":"first","13":"instock","14":"sale","15":"shipping-taxable","16":"purchasable","17":"product-type-simple"},"_links":{"self":[{"href":"https:\/\/roveyayinevi.com.tr\/index.php\/wp-json\/wp\/v2\/product\/727697","targetHints":{"allow":["GET"]}}],"collection":[{"href":"https:\/\/roveyayinevi.com.tr\/index.php\/wp-json\/wp\/v2\/product"}],"about":[{"href":"https:\/\/roveyayinevi.com.tr\/index.php\/wp-json\/wp\/v2\/types\/product"}],"wp:attachment":[{"href":"https:\/\/roveyayinevi.com.tr\/index.php\/wp-json\/wp\/v2\/media?parent=727697"}],"wp:term":[{"taxonomy":"product_brand","embeddable":true,"href":"https:\/\/roveyayinevi.com.tr\/index.php\/wp-json\/wp\/v2\/product_brand?post=727697"},{"taxonomy":"product_cat","embeddable":true,"href":"https:\/\/roveyayinevi.com.tr\/index.php\/wp-json\/wp\/v2\/product_cat?post=727697"},{"taxonomy":"product_tag","embeddable":true,"href":"https:\/\/roveyayinevi.com.tr\/index.php\/wp-json\/wp\/v2\/product_tag?post=727697"}],"curies":[{"name":"wp","href":"https:\/\/api.w.org\/{rel}","templated":true}]}}