{"id":727694,"date":"2025-08-27T20:26:48","date_gmt":"2025-08-27T17:26:48","guid":{"rendered":"https:\/\/roveyayinevi.com.tr\/index.php\/urun\/ozgurlugun-tarihi-uzerine-iki-deneme\/"},"modified":"2026-04-16T02:35:24","modified_gmt":"2026-04-15T23:35:24","slug":"ozgurlugun-tarihi-uzerine-iki-deneme","status":"publish","type":"product","link":"https:\/\/roveyayinevi.com.tr\/index.php\/urun\/ozgurlugun-tarihi-uzerine-iki-deneme\/","title":{"rendered":"\u00d6zg\u00fcrl\u00fc\u011f\u00fcn Tarihi \u00dczerine \u0130ki Deneme"},"content":{"rendered":"<p>On dokuzuncu y\u00fczy\u0131l \u0130ngiliz d\u00fc\u015f\u00fcnce tarihinin en \u00f6nemli isimlerinden biri olan Lord Acton, engin bilgi birikimiyle \u00f6zg\u00fcrl\u00fc\u011f\u00fcn tarihi \u00fczerine e\u011filiyor. Acton\u2019\u0131n \u201cAntik\u00e7a\u011fda \u00d6zg\u00fcrl\u00fc\u011f\u00fcn Tarihi\u201d (1877) ve \u201cH\u0131ristiyanl\u0131kta \u00d6zg\u00fcrl\u00fc\u011f\u00fcn Tarihi\u201d (1878) adl\u0131 iki denemesi, Avrupa medeniyet tarihinde insan \u00f6zg\u00fcrl\u00fc\u011f\u00fcn\u00fcn ve toplumsal h\u00fcrriyetin k\u00f6kenlerini ve geli\u015fim seyrini analiz ediyor. Lord Acton, Solon\u2019un Atina\u2019s\u0131ndan Reformasyon \u00c7a\u011f\u0131n\u0131n Avrupa\u2019s\u0131na, oradan \u0130ngiliz ve Frans\u0131z Devrimine uzanan panoramik bak\u0131\u015f sunuyor bize. Ahmet Fethi Y\u0131ld\u0131r\u0131m\u2019\u0131n <\/p>\n","protected":false},"excerpt":{"rendered":"<p>On dokuzuncu y\u00fczy\u0131l \u0130ngiliz d\u00fc\u015f\u00fcnce tarihinin en \u00f6nemli isimlerinden biri olan Lord Acton, engin bilgi birikimiyle \u00f6zg\u00fcrl\u00fc\u011f\u00fcn tarihi \u00fczerine e\u011filiyor. Acton\u2019\u0131n \u201cAntik\u00e7a\u011fda \u00d6zg\u00fcrl\u00fc\u011f\u00fcn Tarihi\u201d (1877) ve<span class=\"excerpt-hellip\"> [\u2026]<\/span><\/p>\n","protected":false},"featured_media":0,"template":"","meta":{"_monsterinsights_skip_tracking":false,"_monsterinsights_sitenote_active":false,"_monsterinsights_sitenote_note":"","_monsterinsights_sitenote_category":0},"product_brand":[],"product_cat":[12312,12304],"product_tag":[],"class_list":{"0":"post-727694","1":"product","2":"type-product","3":"status-publish","5":"product_cat-diger","6":"product_cat-tarih","7":"pa_cilt-ciltsiz","8":"pa_tur-kitap","9":"pa_yayinevi-vakifbank-kultur-yayinlari","10":"pa_yazar-lord-acton","12":"first","13":"instock","14":"sale","15":"shipping-taxable","16":"purchasable","17":"product-type-simple"},"_links":{"self":[{"href":"https:\/\/roveyayinevi.com.tr\/index.php\/wp-json\/wp\/v2\/product\/727694","targetHints":{"allow":["GET"]}}],"collection":[{"href":"https:\/\/roveyayinevi.com.tr\/index.php\/wp-json\/wp\/v2\/product"}],"about":[{"href":"https:\/\/roveyayinevi.com.tr\/index.php\/wp-json\/wp\/v2\/types\/product"}],"wp:attachment":[{"href":"https:\/\/roveyayinevi.com.tr\/index.php\/wp-json\/wp\/v2\/media?parent=727694"}],"wp:term":[{"taxonomy":"product_brand","embeddable":true,"href":"https:\/\/roveyayinevi.com.tr\/index.php\/wp-json\/wp\/v2\/product_brand?post=727694"},{"taxonomy":"product_cat","embeddable":true,"href":"https:\/\/roveyayinevi.com.tr\/index.php\/wp-json\/wp\/v2\/product_cat?post=727694"},{"taxonomy":"product_tag","embeddable":true,"href":"https:\/\/roveyayinevi.com.tr\/index.php\/wp-json\/wp\/v2\/product_tag?post=727694"}],"curies":[{"name":"wp","href":"https:\/\/api.w.org\/{rel}","templated":true}]}}