{"id":727691,"date":"2025-08-27T20:26:46","date_gmt":"2025-08-27T17:26:46","guid":{"rendered":"https:\/\/roveyayinevi.com.tr\/index.php\/urun\/kolka-pankin-brezilyaya-nasil-uctu-ciltli\/"},"modified":"2026-04-16T02:35:24","modified_gmt":"2026-04-15T23:35:24","slug":"kolka-pankin-brezilyaya-nasil-uctu-ciltli","status":"publish","type":"product","link":"https:\/\/roveyayinevi.com.tr\/index.php\/urun\/kolka-pankin-brezilyaya-nasil-uctu-ciltli\/","title":{"rendered":"Kolka Pankin Brezilya\u2019ya Nas\u0131l U\u00e7tu (Ciltli)"},"content":{"rendered":"<p>Kolka Pankin&#8217;in Brezilya&#8217;ya nas\u0131l u\u00e7tu\u011funa ve yol arkada\u015f\u0131 Petka Yer\u015fov&#8217;un nas\u0131l da hi\u00e7bir \u015feye inanmad\u0131\u011f\u0131na dair bir \u00f6yk\u00fc bu. Bazen herkes ayn\u0131 yere bakar ama her biri farkl\u0131 \u015feyler g\u00f6r\u00fcr ya, Kolka ve Petka da \u00f6yle\u2026Hani baz\u0131 yolculuklar\u0131,varaca\u011f\u0131m\u0131z yer i\u00e7in de\u011fil de yolculu\u011fun kendisi i\u00e7in severiz, bu \u00f6yk\u00fc de \u00f6yle i\u015fte. Acaba siz ne g\u00f6receksiniz, nereye varacaks\u0131n\u0131z? Sovyetler Birli\u011fi&#8217;nin s\u0131rad\u0131\u015f\u0131 yazar\u0131 Danii Harms, abs\u00fcrd ve yenilik\u00e7i yakla\u015f\u0131m\u0131yla, \u00e7ocuk edebiyat\u0131n\u0131n s\u0131n\u0131rlar\u0131n\u0131 zorluyor. <\/p>\n","protected":false},"excerpt":{"rendered":"<p>Kolka Pankin&#8217;in Brezilya&#8217;ya nas\u0131l u\u00e7tu\u011funa ve yol arkada\u015f\u0131 Petka Yer\u015fov&#8217;un nas\u0131l da hi\u00e7bir \u015feye inanmad\u0131\u011f\u0131na dair bir \u00f6yk\u00fc bu. Bazen herkes ayn\u0131 yere bakar ama her<span class=\"excerpt-hellip\"> [\u2026]<\/span><\/p>\n","protected":false},"featured_media":0,"template":"","meta":{"_monsterinsights_skip_tracking":false,"_monsterinsights_sitenote_active":false,"_monsterinsights_sitenote_note":"","_monsterinsights_sitenote_category":0},"product_brand":[],"product_cat":[12913,12274],"product_tag":[],"class_list":{"0":"post-727691","1":"product","2":"type-product","3":"status-publish","5":"product_cat-3-6-yas-kitaplari","6":"product_cat-cocuk-ve-genclik-kitaplari","7":"pa_cilt-ciltli","8":"pa_tur-kitap","9":"pa_yayinevi-nesin-yayinlari","10":"pa_yazar-daniil-harms","12":"first","13":"instock","14":"sale","15":"shipping-taxable","16":"purchasable","17":"product-type-simple"},"_links":{"self":[{"href":"https:\/\/roveyayinevi.com.tr\/index.php\/wp-json\/wp\/v2\/product\/727691","targetHints":{"allow":["GET"]}}],"collection":[{"href":"https:\/\/roveyayinevi.com.tr\/index.php\/wp-json\/wp\/v2\/product"}],"about":[{"href":"https:\/\/roveyayinevi.com.tr\/index.php\/wp-json\/wp\/v2\/types\/product"}],"wp:attachment":[{"href":"https:\/\/roveyayinevi.com.tr\/index.php\/wp-json\/wp\/v2\/media?parent=727691"}],"wp:term":[{"taxonomy":"product_brand","embeddable":true,"href":"https:\/\/roveyayinevi.com.tr\/index.php\/wp-json\/wp\/v2\/product_brand?post=727691"},{"taxonomy":"product_cat","embeddable":true,"href":"https:\/\/roveyayinevi.com.tr\/index.php\/wp-json\/wp\/v2\/product_cat?post=727691"},{"taxonomy":"product_tag","embeddable":true,"href":"https:\/\/roveyayinevi.com.tr\/index.php\/wp-json\/wp\/v2\/product_tag?post=727691"}],"curies":[{"name":"wp","href":"https:\/\/api.w.org\/{rel}","templated":true}]}}