{"id":727689,"date":"2025-08-27T20:26:44","date_gmt":"2025-08-27T17:26:44","guid":{"rendered":"https:\/\/roveyayinevi.com.tr\/index.php\/urun\/haymus-hayatin-mutluluk-sevinci\/"},"modified":"2026-04-08T02:44:12","modified_gmt":"2026-04-07T23:44:12","slug":"haymus-hayatin-mutluluk-sevinci","status":"publish","type":"product","link":"https:\/\/roveyayinevi.com.tr\/index.php\/urun\/haymus-hayatin-mutluluk-sevinci\/","title":{"rendered":"Haymus Hayat\u0131n Mutluluk Sevinci"},"content":{"rendered":"<p>Haymus Hakk\u0131nda Konu\u015fal\u0131m Sa\u011fl\u0131k ve Mutluluk Bilimleri Etkile\u015fimi Yenilenen Mutluluk K\u00fclt\u00fcr\u00fc Dinami\u011fi Bilin\u00e7 Kazan\u0131m\u0131 ve Mutluluk Konsepti Duygusal \u00d6zsermaye ve Mutluluk Mutluluk Y\u00f6netim Sistemi <\/p>\n","protected":false},"excerpt":{"rendered":"<p>Haymus Hakk\u0131nda Konu\u015fal\u0131m Sa\u011fl\u0131k ve Mutluluk Bilimleri Etkile\u015fimi Yenilenen Mutluluk K\u00fclt\u00fcr\u00fc Dinami\u011fi Bilin\u00e7 Kazan\u0131m\u0131 ve Mutluluk Konsepti Duygusal \u00d6zsermaye ve Mutluluk Mutluluk Y\u00f6netim Sistemi<\/p>\n","protected":false},"featured_media":0,"template":"","meta":{"_monsterinsights_skip_tracking":false,"_monsterinsights_sitenote_active":false,"_monsterinsights_sitenote_note":"","_monsterinsights_sitenote_category":0},"product_brand":[],"product_cat":[12364,12376],"product_tag":[],"class_list":{"0":"post-727689","1":"product","2":"type-product","3":"status-publish","5":"product_cat-genel-konular","6":"product_cat-kisisel-gelisim","7":"pa_cilt-ciltsiz","8":"pa_tur-kitap","9":"pa_yayinevi-gazi-kitabevi","10":"pa_yazar-akin-marsap","12":"first","13":"instock","14":"sale","15":"shipping-taxable","16":"purchasable","17":"product-type-simple"},"_links":{"self":[{"href":"https:\/\/roveyayinevi.com.tr\/index.php\/wp-json\/wp\/v2\/product\/727689","targetHints":{"allow":["GET"]}}],"collection":[{"href":"https:\/\/roveyayinevi.com.tr\/index.php\/wp-json\/wp\/v2\/product"}],"about":[{"href":"https:\/\/roveyayinevi.com.tr\/index.php\/wp-json\/wp\/v2\/types\/product"}],"wp:attachment":[{"href":"https:\/\/roveyayinevi.com.tr\/index.php\/wp-json\/wp\/v2\/media?parent=727689"}],"wp:term":[{"taxonomy":"product_brand","embeddable":true,"href":"https:\/\/roveyayinevi.com.tr\/index.php\/wp-json\/wp\/v2\/product_brand?post=727689"},{"taxonomy":"product_cat","embeddable":true,"href":"https:\/\/roveyayinevi.com.tr\/index.php\/wp-json\/wp\/v2\/product_cat?post=727689"},{"taxonomy":"product_tag","embeddable":true,"href":"https:\/\/roveyayinevi.com.tr\/index.php\/wp-json\/wp\/v2\/product_tag?post=727689"}],"curies":[{"name":"wp","href":"https:\/\/api.w.org\/{rel}","templated":true}]}}