{"id":727687,"date":"2025-08-27T20:26:43","date_gmt":"2025-08-27T17:26:43","guid":{"rendered":"https:\/\/roveyayinevi.com.tr\/index.php\/urun\/baskaldiran-beden\/"},"modified":"2026-04-16T02:35:24","modified_gmt":"2026-04-15T23:35:24","slug":"baskaldiran-beden","status":"publish","type":"product","link":"https:\/\/roveyayinevi.com.tr\/index.php\/urun\/baskaldiran-beden\/","title":{"rendered":"Ba\u015fkald\u0131ran Beden"},"content":{"rendered":"<p>Gazeteci ve aktivist Mona Eltahawy, kad\u0131n haklar\u0131n\u0131n Ortado\u011fu\u2019daki ser\u00fcvenini geni\u015f bir perspektifle ele al\u0131rken kad\u0131nlar\u0131m\u0131z\u0131n \u201ckanunlar\u201d ve \u201cdini dayatmalar\u201d \u00e7er\u00e7evesinde nerede durdu\u011funu g\u00f6zler \u00f6n\u00fcne seriyor. Kad\u0131nlar\u0131n ya\u015famsal haklar\u0131n\u0131 savunmak i\u00e7in ger\u00e7ekle\u015fecek bir devrimin ne kadar \u00f6nemli oldu\u011funu da vurguluyor. Ba\u015fkald\u0131ran Beden, ba\u015fkald\u0131r\u0131n\u0131n cezayla de\u011fil, m\u00fck\u00e2fatla sonland\u0131r\u0131laca\u011f\u0131 \u00f6zg\u00fcr yar\u0131nlar\u0131n \u00fctopyadan ibaret olmad\u0131\u011f\u0131n\u0131 hat\u0131rlatan umut ve \u00f6fke dolu bir manifesto&#8230; Bizden nefret ediyorlar \u00e7\u00fcnk\u00fc bizi kontrol etmek i\u00e7in g\u00fc\u00e7 birli\u011fi yapan \u201cdevletin\u201d ve \u201csoka\u011f\u0131n\u201d ittifak\u0131ndan kurtuldu\u011fumuz anda bir hesapla\u015fma talep edece\u011fimizi biliyorlar. Toplumsal dayatmalar\u0131n, geleneklerin ve ataerkinin \u00f6n\u00fcnde bir kad\u0131n olarak ya\u015fam\u0131m\u0131z\u0131 \u00f6zg\u00fcrce s\u00fcrd\u00fcrebilmek; bedenimizle, tercihlerimizle, arzular\u0131m\u0131zla, ger\u00e7ek m\u00e2n\u00e2da bir b\u00fct\u00fcn olarak var olmaya \u00e7al\u0131\u015fmak olduk\u00e7a zor. <\/p>\n","protected":false},"excerpt":{"rendered":"<p>Gazeteci ve aktivist Mona Eltahawy, kad\u0131n haklar\u0131n\u0131n Ortado\u011fu\u2019daki ser\u00fcvenini geni\u015f bir perspektifle ele al\u0131rken kad\u0131nlar\u0131m\u0131z\u0131n \u201ckanunlar\u201d ve \u201cdini dayatmalar\u201d \u00e7er\u00e7evesinde nerede durdu\u011funu g\u00f6zler \u00f6n\u00fcne seriyor. Kad\u0131nlar\u0131n<span class=\"excerpt-hellip\"> [\u2026]<\/span><\/p>\n","protected":false},"featured_media":0,"template":"","meta":{"_monsterinsights_skip_tracking":false,"_monsterinsights_sitenote_active":false,"_monsterinsights_sitenote_note":"","_monsterinsights_sitenote_category":0},"product_brand":[],"product_cat":[14741,13488],"product_tag":[],"class_list":{"0":"post-727687","1":"product","2":"type-product","3":"status-publish","5":"product_cat-kadin-sorunlari-feminizm","6":"product_cat-toplum-ve-insan","7":"pa_cilt-ciltsiz","8":"pa_tur-kitap","9":"pa_yayinevi-epsilon-yayinlari","10":"pa_yazar-mona-eltahawy","12":"first","13":"instock","14":"sale","15":"shipping-taxable","16":"purchasable","17":"product-type-simple"},"_links":{"self":[{"href":"https:\/\/roveyayinevi.com.tr\/index.php\/wp-json\/wp\/v2\/product\/727687","targetHints":{"allow":["GET"]}}],"collection":[{"href":"https:\/\/roveyayinevi.com.tr\/index.php\/wp-json\/wp\/v2\/product"}],"about":[{"href":"https:\/\/roveyayinevi.com.tr\/index.php\/wp-json\/wp\/v2\/types\/product"}],"wp:attachment":[{"href":"https:\/\/roveyayinevi.com.tr\/index.php\/wp-json\/wp\/v2\/media?parent=727687"}],"wp:term":[{"taxonomy":"product_brand","embeddable":true,"href":"https:\/\/roveyayinevi.com.tr\/index.php\/wp-json\/wp\/v2\/product_brand?post=727687"},{"taxonomy":"product_cat","embeddable":true,"href":"https:\/\/roveyayinevi.com.tr\/index.php\/wp-json\/wp\/v2\/product_cat?post=727687"},{"taxonomy":"product_tag","embeddable":true,"href":"https:\/\/roveyayinevi.com.tr\/index.php\/wp-json\/wp\/v2\/product_tag?post=727687"}],"curies":[{"name":"wp","href":"https:\/\/api.w.org\/{rel}","templated":true}]}}