{"id":727686,"date":"2025-08-27T20:26:42","date_gmt":"2025-08-27T17:26:42","guid":{"rendered":"https:\/\/roveyayinevi.com.tr\/index.php\/urun\/bir-zamanlar-bir-masal-varmis\/"},"modified":"2026-04-16T02:35:24","modified_gmt":"2026-04-15T23:35:24","slug":"bir-zamanlar-bir-masal-varmis","status":"publish","type":"product","link":"https:\/\/roveyayinevi.com.tr\/index.php\/urun\/bir-zamanlar-bir-masal-varmis\/","title":{"rendered":"Bir Zamanlar Bir Masal Varm\u0131\u015f"},"content":{"rendered":"<p>Leno\u00e7ka ile Vanya bir masal yazmak i\u00e7in masa ba\u015f\u0131na otururlar. Ama d\u00fcnyada s\u00f6ylenmemi\u015f bir s\u00f6z, yaz\u0131lmam\u0131\u015f bir masal var m\u0131d\u0131r acaba? Masallar\u0131n masallara kar\u0131\u015ft\u0131\u011f\u0131, kahramanlar\u0131n s\u0131rad\u0131\u015f\u0131 ser\u00fcvenlere at\u0131ld\u0131\u011f\u0131, ger\u00e7ekle sa\u00e7man\u0131n i\u00e7 i\u00e7e ge\u00e7ti\u011fi, keyifli ve \u015fakac\u0131 bir \u00f6yk\u00fc bu. Sovyetler Birli\u011fi&#8217;nin haylaz yazar\u0131 Harms, \u00e7ocuk edebiyat\u0131n\u0131n s\u0131n\u0131rlar\u0131n\u0131 zorluyor. <\/p>\n","protected":false},"excerpt":{"rendered":"<p>Leno\u00e7ka ile Vanya bir masal yazmak i\u00e7in masa ba\u015f\u0131na otururlar. Ama d\u00fcnyada s\u00f6ylenmemi\u015f bir s\u00f6z, yaz\u0131lmam\u0131\u015f bir masal var m\u0131d\u0131r acaba? Masallar\u0131n masallara kar\u0131\u015ft\u0131\u011f\u0131, kahramanlar\u0131n s\u0131rad\u0131\u015f\u0131<span class=\"excerpt-hellip\"> [\u2026]<\/span><\/p>\n","protected":false},"featured_media":0,"template":"","meta":{"_monsterinsights_skip_tracking":false,"_monsterinsights_sitenote_active":false,"_monsterinsights_sitenote_note":"","_monsterinsights_sitenote_category":0},"product_brand":[],"product_cat":[12274,12523],"product_tag":[],"class_list":{"0":"post-727686","1":"product","2":"type-product","3":"status-publish","5":"product_cat-cocuk-ve-genclik-kitaplari","6":"product_cat-masallar","7":"pa_cilt-ciltsiz","8":"pa_tur-kitap","9":"pa_yayinevi-nesin-yayinlari","10":"pa_yazar-daniil-harms","12":"first","13":"instock","14":"sale","15":"shipping-taxable","16":"purchasable","17":"product-type-simple"},"_links":{"self":[{"href":"https:\/\/roveyayinevi.com.tr\/index.php\/wp-json\/wp\/v2\/product\/727686","targetHints":{"allow":["GET"]}}],"collection":[{"href":"https:\/\/roveyayinevi.com.tr\/index.php\/wp-json\/wp\/v2\/product"}],"about":[{"href":"https:\/\/roveyayinevi.com.tr\/index.php\/wp-json\/wp\/v2\/types\/product"}],"wp:attachment":[{"href":"https:\/\/roveyayinevi.com.tr\/index.php\/wp-json\/wp\/v2\/media?parent=727686"}],"wp:term":[{"taxonomy":"product_brand","embeddable":true,"href":"https:\/\/roveyayinevi.com.tr\/index.php\/wp-json\/wp\/v2\/product_brand?post=727686"},{"taxonomy":"product_cat","embeddable":true,"href":"https:\/\/roveyayinevi.com.tr\/index.php\/wp-json\/wp\/v2\/product_cat?post=727686"},{"taxonomy":"product_tag","embeddable":true,"href":"https:\/\/roveyayinevi.com.tr\/index.php\/wp-json\/wp\/v2\/product_tag?post=727686"}],"curies":[{"name":"wp","href":"https:\/\/api.w.org\/{rel}","templated":true}]}}