{"id":727683,"date":"2025-08-27T20:26:39","date_gmt":"2025-08-27T17:26:39","guid":{"rendered":"https:\/\/roveyayinevi.com.tr\/index.php\/urun\/devrimin-mavi-yildizi\/"},"modified":"2026-04-16T02:35:24","modified_gmt":"2026-04-15T23:35:24","slug":"devrimin-mavi-yildizi","status":"publish","type":"product","link":"https:\/\/roveyayinevi.com.tr\/index.php\/urun\/devrimin-mavi-yildizi\/","title":{"rendered":"Devrim\u2019in Mavi Y\u0131ld\u0131z\u0131"},"content":{"rendered":"<p>Dil susar o kolay Ya Y\u00fcre\u011fimi nas\u0131l susturaca\u011f\u0131m Delifi\u015fek gibi Co\u015ftuk\u00e7a co\u015fuyor Munzur gibi \u00c7a\u011flayan gibi Ucu buca\u011f\u0131 olmayan Okyanuslar gibi Seni sevdik\u00e7e sevesi Geliyor y\u00fcre\u011fimin Halbuki a\u015f\u0131\u011f\u0131m Kelimelere Dizelere Notalara Na\u011fmelere \u015eark\u0131lara ve t\u00fcrk\u00fclere Ha bir de sana \u00e7ok A\u015eI\u011eIM SEVD\u0130\u011e\u0130M \u00d6m\u00fcrlerime s\u0131\u011fd\u0131ramayacak kadar Nefeslerime dolduramayacak kadar G\u00f6rd\u00fcklerimi anlamland\u0131ramayacak kadar \u0130\u015fitti\u011fim sesleri alg\u0131layamayacak kadar Dokunu\u015flar\u0131 hissedemeyecek kadar SANA \u00c7OK A\u015eI\u011eIM SEVD\u0130\u011e\u0130M&#8230;  <\/p>\n","protected":false},"excerpt":{"rendered":"<p>Dil susar o kolay Ya Y\u00fcre\u011fimi nas\u0131l susturaca\u011f\u0131m Delifi\u015fek gibi Co\u015ftuk\u00e7a co\u015fuyor Munzur gibi \u00c7a\u011flayan gibi Ucu buca\u011f\u0131 olmayan Okyanuslar gibi Seni sevdik\u00e7e sevesi Geliyor y\u00fcre\u011fimin<span class=\"excerpt-hellip\"> [\u2026]<\/span><\/p>\n","protected":false},"featured_media":0,"template":"","meta":{"_monsterinsights_skip_tracking":false,"_monsterinsights_sitenote_active":false,"_monsterinsights_sitenote_note":"","_monsterinsights_sitenote_category":0},"product_brand":[],"product_cat":[12291,12509],"product_tag":[],"class_list":{"0":"post-727683","1":"product","2":"type-product","3":"status-publish","5":"product_cat-edebiyat","6":"product_cat-siir","7":"pa_cilt-ciltsiz","8":"pa_tur-kitap","9":"pa_yayinevi-us-yayinlari","10":"pa_yazar-candan-turan","12":"first","13":"instock","14":"sale","15":"shipping-taxable","16":"purchasable","17":"product-type-simple"},"_links":{"self":[{"href":"https:\/\/roveyayinevi.com.tr\/index.php\/wp-json\/wp\/v2\/product\/727683","targetHints":{"allow":["GET"]}}],"collection":[{"href":"https:\/\/roveyayinevi.com.tr\/index.php\/wp-json\/wp\/v2\/product"}],"about":[{"href":"https:\/\/roveyayinevi.com.tr\/index.php\/wp-json\/wp\/v2\/types\/product"}],"wp:attachment":[{"href":"https:\/\/roveyayinevi.com.tr\/index.php\/wp-json\/wp\/v2\/media?parent=727683"}],"wp:term":[{"taxonomy":"product_brand","embeddable":true,"href":"https:\/\/roveyayinevi.com.tr\/index.php\/wp-json\/wp\/v2\/product_brand?post=727683"},{"taxonomy":"product_cat","embeddable":true,"href":"https:\/\/roveyayinevi.com.tr\/index.php\/wp-json\/wp\/v2\/product_cat?post=727683"},{"taxonomy":"product_tag","embeddable":true,"href":"https:\/\/roveyayinevi.com.tr\/index.php\/wp-json\/wp\/v2\/product_tag?post=727683"}],"curies":[{"name":"wp","href":"https:\/\/api.w.org\/{rel}","templated":true}]}}