{"id":727681,"date":"2025-08-27T20:26:38","date_gmt":"2025-08-27T17:26:38","guid":{"rendered":"https:\/\/roveyayinevi.com.tr\/index.php\/urun\/ritmik-cimnastik\/"},"modified":"2026-04-16T02:35:24","modified_gmt":"2026-04-15T23:35:24","slug":"ritmik-cimnastik","status":"publish","type":"product","link":"https:\/\/roveyayinevi.com.tr\/index.php\/urun\/ritmik-cimnastik\/","title":{"rendered":"Ritmik Cimnastik"},"content":{"rendered":"<p>Birinci B\u00f6l\u00fcm Ritmik Cimnatik  Ritmik Cimnastikte M\u00fczik  Ritmik C\u0130mnastik Bran\u015f\u0131 i\u00e7in Artistik Bile\u015fenler Serinin B\u00fct\u00fcnl\u00fc\u011f\u00fc Ritim V\u00fccut \u0130fadesi  Ritmik Cimnastikte Alan Ritmik Cimnastikte Aletler Ritmik Cimnastikte Antrenman Yap\u0131s\u0131  \u0130kinci B\u00f6l\u00fcm V\u00fccut Elementleri Dengeler  Rotasyonlar S\u0131\u00e7ramalar \u00dc\u00e7\u00fcnc\u00fc B\u00f6l\u00fcm  Ritmik Cimnastikte Alet Kullan\u0131m\u0131  \u0130p Alet Tekni\u011fi  \u00c7ember Alet Tekni\u011fi Top Alet Tekni\u011fi  Labut Alet Tekni\u011fi  Kurdele Alet Tekni\u011fi <\/p>\n","protected":false},"excerpt":{"rendered":"<p>Birinci B\u00f6l\u00fcm Ritmik Cimnatik Ritmik Cimnastikte M\u00fczik Ritmik C\u0130mnastik Bran\u015f\u0131 i\u00e7in Artistik Bile\u015fenler Serinin B\u00fct\u00fcnl\u00fc\u011f\u00fc Ritim V\u00fccut \u0130fadesi Ritmik Cimnastikte Alan Ritmik Cimnastikte Aletler Ritmik Cimnastikte<span class=\"excerpt-hellip\"> [\u2026]<\/span><\/p>\n","protected":false},"featured_media":0,"template":"","meta":{"_monsterinsights_skip_tracking":false,"_monsterinsights_sitenote_active":false,"_monsterinsights_sitenote_note":"","_monsterinsights_sitenote_category":0},"product_brand":[],"product_cat":[15563,15564],"product_tag":[],"class_list":{"0":"post-727681","1":"product","2":"type-product","3":"status-publish","5":"product_cat-hobi","6":"product_cat-spor","7":"pa_cilt-ciltsiz","8":"pa_tur-kitap","9":"pa_yayinevi-gazi-kitabevi","10":"pa_yazar-sezen-cimen-polat-berfin-serdil-ors","12":"first","13":"instock","14":"sale","15":"shipping-taxable","16":"purchasable","17":"product-type-simple"},"_links":{"self":[{"href":"https:\/\/roveyayinevi.com.tr\/index.php\/wp-json\/wp\/v2\/product\/727681","targetHints":{"allow":["GET"]}}],"collection":[{"href":"https:\/\/roveyayinevi.com.tr\/index.php\/wp-json\/wp\/v2\/product"}],"about":[{"href":"https:\/\/roveyayinevi.com.tr\/index.php\/wp-json\/wp\/v2\/types\/product"}],"wp:attachment":[{"href":"https:\/\/roveyayinevi.com.tr\/index.php\/wp-json\/wp\/v2\/media?parent=727681"}],"wp:term":[{"taxonomy":"product_brand","embeddable":true,"href":"https:\/\/roveyayinevi.com.tr\/index.php\/wp-json\/wp\/v2\/product_brand?post=727681"},{"taxonomy":"product_cat","embeddable":true,"href":"https:\/\/roveyayinevi.com.tr\/index.php\/wp-json\/wp\/v2\/product_cat?post=727681"},{"taxonomy":"product_tag","embeddable":true,"href":"https:\/\/roveyayinevi.com.tr\/index.php\/wp-json\/wp\/v2\/product_tag?post=727681"}],"curies":[{"name":"wp","href":"https:\/\/api.w.org\/{rel}","templated":true}]}}