{"id":727679,"date":"2025-08-27T20:26:36","date_gmt":"2025-08-27T17:26:36","guid":{"rendered":"https:\/\/roveyayinevi.com.tr\/index.php\/urun\/kekemelik-asisi\/"},"modified":"2026-04-16T02:35:24","modified_gmt":"2026-04-15T23:35:24","slug":"kekemelik-asisi","status":"publish","type":"product","link":"https:\/\/roveyayinevi.com.tr\/index.php\/urun\/kekemelik-asisi\/","title":{"rendered":"Kekemelik A\u015f\u0131s\u0131"},"content":{"rendered":"<p>Kekemelik A\u015f\u0131s\u0131 Neredeyse herkes kekemeli\u011fi olan biriyle kar\u015f\u0131la\u015fm\u0131\u015ft\u0131r. Bu ki\u015fi yolda g\u00f6rd\u00fc\u011f\u00fcn\u00fcz, hi\u00e7 tan\u0131mad\u0131\u011f\u0131n\u0131z ya da yeni tan\u0131\u015ft\u0131\u011f\u0131n\u0131z biri olabilir veya arkada\u015f\u0131n\u0131z, e\u015finiz, \u00e7ocu\u011funuz, akraban\u0131z gibi \u00e7ok yak\u0131n\u0131n\u0131z da olabilir. Onlar\u0131n, konu\u015furken harcad\u0131klar\u0131 \u00e7abay\u0131 g\u00f6rd\u00fck\u00e7e, \u00e7ektikleri s\u0131k\u0131nt\u0131y\u0131 siz de ya\u015fars\u0131n\u0131z; sizin de bedeniniz gerilir ve empatiyle, yard\u0131m etme iste\u011fiyle yanar tutu\u015fursunuz. 2-6 ya\u015f d\u00f6neminde ba\u015flayan birincil kekemelikte \u00e7ocuk, konu\u015famad\u0131\u011f\u0131n\u0131n tam olarak fark\u0131nda de\u011fildir. Bu nedenle hen\u00fcz vazge\u00e7memi\u015ftir, konu\u015fmak i\u00e7in m\u00fccadele eder. \u0130kincil kekemelikte ise ki\u015fi (b\u00fcy\u00fck \u00e7ocuk ve yeti\u015fkin) kendisini geri \u00e7eker, kelimelerden uzak durur ve sosyal ortamlardan ka\u00e7\u0131n\u0131r. Peki, kekemelik al\u0131\u015fkanl\u0131\u011f\u0131ndan kurtulmak m\u00fcmk\u00fcn m\u00fc? Evet ! Kekemelik A\u015f\u0131s\u0131 ad\u0131n\u0131 verdi\u011fimiz ve bu kitapta ayr\u0131nt\u0131lar\u0131yla ortaya koydu\u011fumuz teknikle kekemelikten tamamen kurtulmak m\u00fcmk\u00fcn g\u00f6r\u00fcn\u00fcyor\u2026 Bu kitapta kekemelik, t\u00fcm ayr\u0131nt\u0131lar\u0131yla ele al\u0131n\u0131yor. \u00c7ocuklar ve yeti\u015fkinler i\u00e7in haz\u0131rlanan tedavi protokolleri bilimsel ara\u015ft\u0131rmalarla birlikte anlat\u0131l\u0131yor. \u2018Kekemelik A\u015f\u0131s\u0131\u2019, kekemeli\u011fe son vermek isteyen aileler ve uzmanlar i\u00e7in haz\u0131rlanm\u0131\u015f pratik bir ba\u015fvuru ve uygulama kayna\u011f\u0131\u2026<\/p>\n","protected":false},"excerpt":{"rendered":"<p>Kekemelik A\u015f\u0131s\u0131 Neredeyse herkes kekemeli\u011fi olan biriyle kar\u015f\u0131la\u015fm\u0131\u015ft\u0131r. Bu ki\u015fi yolda g\u00f6rd\u00fc\u011f\u00fcn\u00fcz, hi\u00e7 tan\u0131mad\u0131\u011f\u0131n\u0131z ya da yeni tan\u0131\u015ft\u0131\u011f\u0131n\u0131z biri olabilir veya arkada\u015f\u0131n\u0131z, e\u015finiz, \u00e7ocu\u011funuz, akraban\u0131z gibi<span class=\"excerpt-hellip\"> [\u2026]<\/span><\/p>\n","protected":false},"featured_media":0,"template":"","meta":{"_monsterinsights_skip_tracking":false,"_monsterinsights_sitenote_active":false,"_monsterinsights_sitenote_note":"","_monsterinsights_sitenote_category":0},"product_brand":[],"product_cat":[13365,20549],"product_tag":[],"class_list":{"0":"post-727679","1":"product","2":"type-product","3":"status-publish","5":"product_cat-saglik","6":"product_cat-saglik-iletisimi","7":"pa_cilt-ciltsiz","8":"pa_tur-kitap","9":"pa_yayinevi-psikonet-yayinlari","10":"pa_yazar-sumer-oztanriover-asli-bugay-sokmez","12":"first","13":"instock","14":"sale","15":"shipping-taxable","16":"purchasable","17":"product-type-simple"},"_links":{"self":[{"href":"https:\/\/roveyayinevi.com.tr\/index.php\/wp-json\/wp\/v2\/product\/727679","targetHints":{"allow":["GET"]}}],"collection":[{"href":"https:\/\/roveyayinevi.com.tr\/index.php\/wp-json\/wp\/v2\/product"}],"about":[{"href":"https:\/\/roveyayinevi.com.tr\/index.php\/wp-json\/wp\/v2\/types\/product"}],"wp:attachment":[{"href":"https:\/\/roveyayinevi.com.tr\/index.php\/wp-json\/wp\/v2\/media?parent=727679"}],"wp:term":[{"taxonomy":"product_brand","embeddable":true,"href":"https:\/\/roveyayinevi.com.tr\/index.php\/wp-json\/wp\/v2\/product_brand?post=727679"},{"taxonomy":"product_cat","embeddable":true,"href":"https:\/\/roveyayinevi.com.tr\/index.php\/wp-json\/wp\/v2\/product_cat?post=727679"},{"taxonomy":"product_tag","embeddable":true,"href":"https:\/\/roveyayinevi.com.tr\/index.php\/wp-json\/wp\/v2\/product_tag?post=727679"}],"curies":[{"name":"wp","href":"https:\/\/api.w.org\/{rel}","templated":true}]}}