{"id":727678,"date":"2025-08-27T20:26:35","date_gmt":"2025-08-27T17:26:35","guid":{"rendered":"https:\/\/roveyayinevi.com.tr\/index.php\/urun\/siirimin-sehirleri\/"},"modified":"2026-04-16T02:35:24","modified_gmt":"2026-04-15T23:35:24","slug":"siirimin-sehirleri","status":"publish","type":"product","link":"https:\/\/roveyayinevi.com.tr\/index.php\/urun\/siirimin-sehirleri\/","title":{"rendered":"\u015eiirimin \u015eehirleri"},"content":{"rendered":"<p>Yaln\u0131z bir \u00e7\u0131\u011fl\u0131\u011f\u0131m benHarabe evlerin kaybolmu\u015f an\u0131lar\u0131ndaGen\u00e7 k\u0131zlar\u0131n giyemedikleri gelinliklerindeBombalar\u0131n parampar\u00e7a etti\u011fi bebeklerinBombo\u015f kalan be\u015fiklerindeYaln\u0131z bir \u00e7\u0131\u011fl\u0131\u011f\u0131m benBen yaln\u0131z bir \u00e7\u0131\u011fl\u0131\u011f\u0131mG\u00f6\u011f\u00fcm\u00fcz\u00fc terk eden ku\u015flar\u0131n k\u0131r\u0131k kanatlar\u0131ndaBa\u011fdat\u2019\u0131n \u00f6l\u00fcm sinmi\u015f sokaklar\u0131ndaKurban b\u0131\u00e7aklar\u0131 gibi keskin ac\u0131daYaln\u0131z bir \u00e7\u0131\u011fl\u0131\u011f\u0131m ben<\/p>\n","protected":false},"excerpt":{"rendered":"<p>Yaln\u0131z bir \u00e7\u0131\u011fl\u0131\u011f\u0131m benHarabe evlerin kaybolmu\u015f an\u0131lar\u0131ndaGen\u00e7 k\u0131zlar\u0131n giyemedikleri gelinliklerindeBombalar\u0131n parampar\u00e7a etti\u011fi bebeklerinBombo\u015f kalan be\u015fiklerindeYaln\u0131z bir \u00e7\u0131\u011fl\u0131\u011f\u0131m benBen yaln\u0131z bir \u00e7\u0131\u011fl\u0131\u011f\u0131mG\u00f6\u011f\u00fcm\u00fcz\u00fc terk eden ku\u015flar\u0131n k\u0131r\u0131k kanatlar\u0131ndaBa\u011fdat\u2019\u0131n<span class=\"excerpt-hellip\"> [\u2026]<\/span><\/p>\n","protected":false},"featured_media":0,"template":"","meta":{"_monsterinsights_skip_tracking":false,"_monsterinsights_sitenote_active":false,"_monsterinsights_sitenote_note":"","_monsterinsights_sitenote_category":0},"product_brand":[],"product_cat":[12291,12509],"product_tag":[],"class_list":{"0":"post-727678","1":"product","2":"type-product","3":"status-publish","5":"product_cat-edebiyat","6":"product_cat-siir","7":"pa_cilt-ciltsiz","8":"pa_tur-kitap","9":"pa_yayinevi-bilge-kultur-sanat","10":"pa_yazar-arif-ay","12":"first","13":"instock","14":"sale","15":"shipping-taxable","16":"purchasable","17":"product-type-simple"},"_links":{"self":[{"href":"https:\/\/roveyayinevi.com.tr\/index.php\/wp-json\/wp\/v2\/product\/727678","targetHints":{"allow":["GET"]}}],"collection":[{"href":"https:\/\/roveyayinevi.com.tr\/index.php\/wp-json\/wp\/v2\/product"}],"about":[{"href":"https:\/\/roveyayinevi.com.tr\/index.php\/wp-json\/wp\/v2\/types\/product"}],"wp:attachment":[{"href":"https:\/\/roveyayinevi.com.tr\/index.php\/wp-json\/wp\/v2\/media?parent=727678"}],"wp:term":[{"taxonomy":"product_brand","embeddable":true,"href":"https:\/\/roveyayinevi.com.tr\/index.php\/wp-json\/wp\/v2\/product_brand?post=727678"},{"taxonomy":"product_cat","embeddable":true,"href":"https:\/\/roveyayinevi.com.tr\/index.php\/wp-json\/wp\/v2\/product_cat?post=727678"},{"taxonomy":"product_tag","embeddable":true,"href":"https:\/\/roveyayinevi.com.tr\/index.php\/wp-json\/wp\/v2\/product_tag?post=727678"}],"curies":[{"name":"wp","href":"https:\/\/api.w.org\/{rel}","templated":true}]}}