{"id":727676,"date":"2025-08-27T20:26:33","date_gmt":"2025-08-27T17:26:33","guid":{"rendered":"https:\/\/roveyayinevi.com.tr\/index.php\/urun\/trablusgarp-ve-bingazi-ile-buyuk-sahra-ve-sudan\/"},"modified":"2026-04-16T02:35:24","modified_gmt":"2026-04-15T23:35:24","slug":"trablusgarp-ve-bingazi-ile-buyuk-sahra-ve-sudan","status":"publish","type":"product","link":"https:\/\/roveyayinevi.com.tr\/index.php\/urun\/trablusgarp-ve-bingazi-ile-buyuk-sahra-ve-sudan\/","title":{"rendered":"Trablusgarp Ve Bingazi \u0130le  B\u00fcy\u00fck Sahra Ve Sudan"},"content":{"rendered":"<p>19. y\u00fczy\u0131l\u0131n sonuna yakla\u015f\u0131l\u0131rken s\u00f6m\u00fcrgeci g\u00fc\u00e7lerin hedefindeki ilk yerlerden birisi oldu\u011fu i\u00e7in Trablusgarp\u2019a \u00f6zel bir \u00f6nem veriliyordu. Bu y\u00fczden b\u00f6lgede g\u00f6rev yapan subaylardan raporlar isteniyor, bu raporlar \u00e7er\u00e7evesinde Kuzey Afrika\u2019daki son kale olarak g\u00f6r\u00fclen Trablusgarp\u2019ta yeni istihk\u00e2mlar kuruluyor, Hamidiye alaylar\u0131 olu\u015fturuluyor, h\u00fck\u00fbmet konaklar\u0131 yenileniyor, silah depolar\u0131 g\u00fc\u00e7lendiriliyor ve yeni yollar yap\u0131l\u0131yordu. Bu gayretin neticesi olarak 1912\u2019deki U\u015fi Antlas\u0327mas\u0131\u2019na kadar Trablusgarp\u2019\u0131n Osmanl\u0131lar\u0131n elinden \u00e7\u0131k\u0131\u015f\u0131 \u00f6telenmi\u015f oldu.Peki buray\u0131 bir vatan par\u00e7as\u0131 olmas\u0131 yan\u0131nda \u00f6nemli k\u0131lan neydi? Trablusgarp I\u0307slam tarihi boyunca kuzeyden ve bat\u0131dan gelen binlerce hac\u0131n\u0131n ana toplanma merkezlerinden biri olmu\u015ftu. Merkez\u00ee Afrika i\u00e7in \u00f6nemli ticaret yollar\u0131na ve limanlar\u0131na sahipti. Sultan 2. Abd\u00fclhamid devletin ba\u015f\u0131 olarak Afrika k\u0131tas\u0131 ile yak\u0131ndan ilgileniyor, hatta \u00f6zel olarak b\u00f6lge ile ilgili kitap yazd\u0131rma talepleri bile oluyordu. \u0130\u015fte elinizdeki kitab\u0131 kaleme alan Binba\u015f\u0131 \u00d6mer Subhi bunlardan biriydi. \u0130stikbali parlak bir subay gibi g\u00f6r\u00fclen Binba\u015f\u0131 \u00d6mer Subhi, Sultan Abd\u00fclhamid\u2019in talebi \u00fczerine Trablusgarp, Bingazi, Fizan, B\u00fcy\u00fck Sahra ve Sudan\u2019\u0131 kapsayan bir kitap yaz\u0131p padi\u015faha takdim etti. Belki toplumda Afrika ile ilgili bir duyarl\u0131l\u0131k olu\u015fturulmaya \u00e7al\u0131\u015f\u0131ld\u0131.Kuzey Afrika, Akdeniz ve \u00f6zellikle Libya bug\u00fcnlerde yeniden d\u00fcnyan\u0131n ve \u00fclkemizin g\u00fcndemindeki birincil konular\u0131 aras\u0131na girdi. Biz de bu \u00e7er\u00e7evede b\u00f6lgedeki tarihsel haf\u0131zam\u0131z\u0131 yeniden canland\u0131rmak i\u00e7in Binba\u015f\u0131 \u00d6mer Subhi\u2019nin bu kitab\u0131n\u0131 okurlar\u0131m\u0131zla bulu\u015fturmak istedik.<\/p>\n","protected":false},"excerpt":{"rendered":"<p>19. y\u00fczy\u0131l\u0131n sonuna yakla\u015f\u0131l\u0131rken s\u00f6m\u00fcrgeci g\u00fc\u00e7lerin hedefindeki ilk yerlerden birisi oldu\u011fu i\u00e7in Trablusgarp\u2019a \u00f6zel bir \u00f6nem veriliyordu. Bu y\u00fczden b\u00f6lgede g\u00f6rev yapan subaylardan raporlar isteniyor, bu<span class=\"excerpt-hellip\"> [\u2026]<\/span><\/p>\n","protected":false},"featured_media":0,"template":"","meta":{"_monsterinsights_skip_tracking":false,"_monsterinsights_sitenote_active":false,"_monsterinsights_sitenote_note":"","_monsterinsights_sitenote_category":0},"product_brand":[],"product_cat":[12312,12304],"product_tag":[],"class_list":{"0":"post-727676","1":"product","2":"type-product","3":"status-publish","5":"product_cat-diger","6":"product_cat-tarih","7":"pa_cilt-ciltsiz","8":"pa_tur-kitap","9":"pa_yayinevi-bilge-kultur-sanat","10":"pa_yazar-binbasi-omer-subhi","12":"first","13":"instock","14":"sale","15":"shipping-taxable","16":"purchasable","17":"product-type-simple"},"_links":{"self":[{"href":"https:\/\/roveyayinevi.com.tr\/index.php\/wp-json\/wp\/v2\/product\/727676","targetHints":{"allow":["GET"]}}],"collection":[{"href":"https:\/\/roveyayinevi.com.tr\/index.php\/wp-json\/wp\/v2\/product"}],"about":[{"href":"https:\/\/roveyayinevi.com.tr\/index.php\/wp-json\/wp\/v2\/types\/product"}],"wp:attachment":[{"href":"https:\/\/roveyayinevi.com.tr\/index.php\/wp-json\/wp\/v2\/media?parent=727676"}],"wp:term":[{"taxonomy":"product_brand","embeddable":true,"href":"https:\/\/roveyayinevi.com.tr\/index.php\/wp-json\/wp\/v2\/product_brand?post=727676"},{"taxonomy":"product_cat","embeddable":true,"href":"https:\/\/roveyayinevi.com.tr\/index.php\/wp-json\/wp\/v2\/product_cat?post=727676"},{"taxonomy":"product_tag","embeddable":true,"href":"https:\/\/roveyayinevi.com.tr\/index.php\/wp-json\/wp\/v2\/product_tag?post=727676"}],"curies":[{"name":"wp","href":"https:\/\/api.w.org\/{rel}","templated":true}]}}