{"id":727674,"date":"2025-08-27T20:26:32","date_gmt":"2025-08-27T17:26:32","guid":{"rendered":"https:\/\/roveyayinevi.com.tr\/index.php\/urun\/haydi-ali-yemek-vakti\/"},"modified":"2026-04-16T02:35:24","modified_gmt":"2026-04-15T23:35:24","slug":"haydi-ali-yemek-vakti","status":"publish","type":"product","link":"https:\/\/roveyayinevi.com.tr\/index.php\/urun\/haydi-ali-yemek-vakti\/","title":{"rendered":"Haydi Ali, Yemek Vakti!"},"content":{"rendered":"<p>Oyuna dalan Ali, asla yemek yemek istemiyor. T\u00fcm ailesi pe\u015finde, ona bir lokma yedirmek i\u00e7in u\u011fra\u015f\u0131yor. \u00d6nerdikleri her yiyecek, Ali\u2019nin hayal g\u00fcc\u00fcn\u00fc daha da k\u00f6r\u00fckl\u00fcyor: Havu\u00e7la geceleri bayku\u015flar kadar iyi g\u00f6r\u00fcyor, \u00e7ilekten ald\u0131\u011f\u0131 g\u00fc\u00e7 onu roket gibi uzaya f\u0131rlat\u0131yor. S\u00fct onu gergedanlardan bile g\u00fc\u00e7l\u00fc yapan bir iksir, peynirle di\u015fleri timsahlar kadar keskin. Beslenme uzman\u0131 Alison Falkonakis\u2019in kaleme ald\u0131\u011f\u0131, \u00f6d\u00fcll\u00fc ill\u00fcstrat\u00f6r Clair Georgelli\u2019nin resimledi\u011fi Haydi Ali, Yemek Vakti! k\u00fc\u00e7\u00fck okurlar\u0131 beslenme konusunda e\u011flendirerek d\u00fc\u015f\u00fcnd\u00fcrecek.<\/p>\n","protected":false},"excerpt":{"rendered":"<p>Oyuna dalan Ali, asla yemek yemek istemiyor. T\u00fcm ailesi pe\u015finde, ona bir lokma yedirmek i\u00e7in u\u011fra\u015f\u0131yor. \u00d6nerdikleri her yiyecek, Ali\u2019nin hayal g\u00fcc\u00fcn\u00fc daha da k\u00f6r\u00fckl\u00fcyor: Havu\u00e7la<span class=\"excerpt-hellip\"> [\u2026]<\/span><\/p>\n","protected":false},"featured_media":0,"template":"","meta":{"_monsterinsights_skip_tracking":false,"_monsterinsights_sitenote_active":false,"_monsterinsights_sitenote_note":"","_monsterinsights_sitenote_category":0},"product_brand":[],"product_cat":[12274,12518],"product_tag":[],"class_list":{"0":"post-727674","1":"product","2":"type-product","3":"status-publish","5":"product_cat-cocuk-ve-genclik-kitaplari","6":"product_cat-okul-oncesi-kitaplar","7":"pa_cilt-ciltsiz","8":"pa_tur-kitap","9":"pa_yayinevi-koc-universitesi-yayinlari","10":"pa_yazar-alison-falkonakis","12":"first","13":"instock","14":"sale","15":"shipping-taxable","16":"purchasable","17":"product-type-simple"},"_links":{"self":[{"href":"https:\/\/roveyayinevi.com.tr\/index.php\/wp-json\/wp\/v2\/product\/727674","targetHints":{"allow":["GET"]}}],"collection":[{"href":"https:\/\/roveyayinevi.com.tr\/index.php\/wp-json\/wp\/v2\/product"}],"about":[{"href":"https:\/\/roveyayinevi.com.tr\/index.php\/wp-json\/wp\/v2\/types\/product"}],"wp:attachment":[{"href":"https:\/\/roveyayinevi.com.tr\/index.php\/wp-json\/wp\/v2\/media?parent=727674"}],"wp:term":[{"taxonomy":"product_brand","embeddable":true,"href":"https:\/\/roveyayinevi.com.tr\/index.php\/wp-json\/wp\/v2\/product_brand?post=727674"},{"taxonomy":"product_cat","embeddable":true,"href":"https:\/\/roveyayinevi.com.tr\/index.php\/wp-json\/wp\/v2\/product_cat?post=727674"},{"taxonomy":"product_tag","embeddable":true,"href":"https:\/\/roveyayinevi.com.tr\/index.php\/wp-json\/wp\/v2\/product_tag?post=727674"}],"curies":[{"name":"wp","href":"https:\/\/api.w.org\/{rel}","templated":true}]}}