{"id":727672,"date":"2025-08-27T20:26:31","date_gmt":"2025-08-27T17:26:31","guid":{"rendered":"https:\/\/roveyayinevi.com.tr\/index.php\/urun\/co-vid-19-pande-misinde-yonetim-ve-ekonomi\/"},"modified":"2026-04-16T02:35:24","modified_gmt":"2026-04-15T23:35:24","slug":"co-vid-19-pande-misinde-yonetim-ve-ekonomi","status":"publish","type":"product","link":"https:\/\/roveyayinevi.com.tr\/index.php\/urun\/co-vid-19-pande-misinde-yonetim-ve-ekonomi\/","title":{"rendered":"Co vid 19 Pande misinde Y\u00f6netim Ve Ekonomi"},"content":{"rendered":"<p>1. Pandemik Salg\u0131nlar, Yoksulluk Ve Sosyoekonomik Denge 2. Cov\u0131d-19\u2019un K\u00fcresel Ekonomiye Etkileri 3.Cov\u0131d-19 Salg\u0131n\u0131n\u0131n Uluslar Aras\u0131 \u0130\u015fletme Stratejilerine Etkisi 4. Cov\u0131d-19\u2019un \u0130\u015fletmelere Etkileri 5. Cov\u0131d-19 Pandemi S\u00fcrecinde Kriz Y\u00f6netimi Ve Stratejik Planlama 6. Cov\u0131d-19\u2019un Organizasyon Yap\u0131lar\u0131na Etkileri 7. Cov\u0131d-19 Ve Sanal Organizasyonlar 8. Cov\u0131d-19 S\u00fcrecinde \u0130\u015fletmelerin Yapt\u0131klar\u0131 Kurumsal Sosyal Sorumluluk Uygulamalar\u0131 9. Cov\u0131d-19 Salg\u0131n\u0131nda Kriz Y\u00f6netimi: Kad\u0131n Liderli\u011fi A\u00e7\u0131s\u0131ndan Kavramsal Bir De\u011ferlendirme 10. Cov\u0131d-19 Salg\u0131n\u0131n\u0131n \u0130\u015fletmelerin \u0130nsan Kayna\u011f\u0131 Devir H\u0131z\u0131na Etkileri 11. Cov\u0131d-19 Ve Sekt\u00f6rel Etkileri: Kim, Ne, Nas\u0131l \u00c7al\u0131\u015ft\u0131? 12. Cov\u0131d-19\u2019un D\u00fcnya Borsalar\u0131nda Sekt\u00f6rel Etkisinin \u0130ncelenmesi 13. Covid-19 Salgininin D\u00fcnya Borsalari \u00dczerine Etkisi : Veri Zarflama Analizi \u0130le Karar Destek Sistemi 14. Covid-19\u2019un Elektronik Ticarete Ve Muhasebeye Y\u00f6nelik Etkileri 15. Covid-19 Ve Sa\u011flik Sekt\u00f6r\u00fc 16. Covid-19 Ve Be\u015feri \u0130la\u00e7 Sekt\u00f6r\u00fc 17. Covid-19 Ve Turizm Sekt\u00f6r\u00fc 18. Covid-19 Ve Otomotiv Sekt\u00f6r\u00fc 19. Covid-19 Ve Dijital Devrim Ba\u011flaminda Stratejik Zeka Ve Payda\u015f Y\u00f6netimi <\/p>\n","protected":false},"excerpt":{"rendered":"<p>1. Pandemik Salg\u0131nlar, Yoksulluk Ve Sosyoekonomik Denge 2. Cov\u0131d-19\u2019un K\u00fcresel Ekonomiye Etkileri 3.Cov\u0131d-19 Salg\u0131n\u0131n\u0131n Uluslar Aras\u0131 \u0130\u015fletme Stratejilerine Etkisi 4. Cov\u0131d-19\u2019un \u0130\u015fletmelere Etkileri 5. Cov\u0131d-19 Pandemi<span class=\"excerpt-hellip\"> [\u2026]<\/span><\/p>\n","protected":false},"featured_media":0,"template":"","meta":{"_monsterinsights_skip_tracking":false,"_monsterinsights_sitenote_active":false,"_monsterinsights_sitenote_note":"","_monsterinsights_sitenote_category":0},"product_brand":[],"product_cat":[13043,14381],"product_tag":[],"class_list":{"0":"post-727672","1":"product","2":"type-product","3":"status-publish","5":"product_cat-ekonomi","6":"product_cat-isletme-muhasebe-maliye","7":"pa_cilt-ciltsiz","8":"pa_tur-kitap","9":"pa_yayinevi-gazi-kitabevi","10":"pa_yazar-gazi-kitabevi-kolektif","12":"first","13":"instock","14":"sale","15":"shipping-taxable","16":"purchasable","17":"product-type-simple"},"_links":{"self":[{"href":"https:\/\/roveyayinevi.com.tr\/index.php\/wp-json\/wp\/v2\/product\/727672","targetHints":{"allow":["GET"]}}],"collection":[{"href":"https:\/\/roveyayinevi.com.tr\/index.php\/wp-json\/wp\/v2\/product"}],"about":[{"href":"https:\/\/roveyayinevi.com.tr\/index.php\/wp-json\/wp\/v2\/types\/product"}],"wp:attachment":[{"href":"https:\/\/roveyayinevi.com.tr\/index.php\/wp-json\/wp\/v2\/media?parent=727672"}],"wp:term":[{"taxonomy":"product_brand","embeddable":true,"href":"https:\/\/roveyayinevi.com.tr\/index.php\/wp-json\/wp\/v2\/product_brand?post=727672"},{"taxonomy":"product_cat","embeddable":true,"href":"https:\/\/roveyayinevi.com.tr\/index.php\/wp-json\/wp\/v2\/product_cat?post=727672"},{"taxonomy":"product_tag","embeddable":true,"href":"https:\/\/roveyayinevi.com.tr\/index.php\/wp-json\/wp\/v2\/product_tag?post=727672"}],"curies":[{"name":"wp","href":"https:\/\/api.w.org\/{rel}","templated":true}]}}