{"id":727671,"date":"2025-08-27T20:26:30","date_gmt":"2025-08-27T17:26:30","guid":{"rendered":"https:\/\/roveyayinevi.com.tr\/index.php\/urun\/covid-19-and-new-business-ecosystem\/"},"modified":"2026-04-16T02:35:23","modified_gmt":"2026-04-15T23:35:23","slug":"covid-19-and-new-business-ecosystem","status":"publish","type":"product","link":"https:\/\/roveyayinevi.com.tr\/index.php\/urun\/covid-19-and-new-business-ecosystem\/","title":{"rendered":"Covid-19 And New Business Ecosystem"},"content":{"rendered":"<p>1. Cov\u0131d-19 And Global Pol\u0131t\u0131cal Economy 2. Cov\u0131d-19 And Turk\u0131sh Macroeconomy 3. Cov\u0131d-19 And Bus\u0131nesses 4. Cov\u0131d-19 And E-Commerce 5. Cov\u0131d-19 And Fore\u0131gn Trade F\u0131nance 6. Cov\u0131d-19 And Organ\u0131zat\u0131ons 7. Cov\u0131d-19 And V\u0131rtual Organ\u0131zat\u0131ons 8. Cov\u0131d-19 And Cr\u0131s\u0131s Management 9. Cov\u0131d-19, From The Perspect\u0131ves Of Human Resource Pract\u0131ce And Employees 10. Cov\u0131d-19, Soc\u0131al And Cultural R\u0131ghts 11. Cov\u0131d-19 And Remote Work\u0131ng 12.Cov\u0131d-19 And Smart C\u0131ty Appl\u0131cat\u0131ons 13. Cov\u0131d-19 And Tr\u0131ple Hel\u0131x Model: Technoparks 14. Cov\u0131d-19 And Energy Sector 15. Cov\u0131d-19 And Agr\u0131culture 16. Cov\u0131d-19 And Educat\u0131on 17. Cov\u0131d-19 And Med\u0131cal Dev\u0131ces Sector 18. Cov\u0131d-19, Entrepreneursh\u0131p And Market\u0131ng 19. Cov\u0131d-19 And Market\u0131ng Strateg\u0131es 20. Cov\u0131d-19 And Internal Market\u0131ng 21. Cov\u0131d-19 And Consumer Well-Be\u0131ng 22. Cov\u0131d-19 And Consumer Psychology <\/p>\n","protected":false},"excerpt":{"rendered":"<p>1. Cov\u0131d-19 And Global Pol\u0131t\u0131cal Economy 2. Cov\u0131d-19 And Turk\u0131sh Macroeconomy 3. Cov\u0131d-19 And Bus\u0131nesses 4. Cov\u0131d-19 And E-Commerce 5. Cov\u0131d-19 And Fore\u0131gn Trade F\u0131nance 6.<span class=\"excerpt-hellip\"> [\u2026]<\/span><\/p>\n","protected":false},"featured_media":0,"template":"","meta":{"_monsterinsights_skip_tracking":false,"_monsterinsights_sitenote_active":false,"_monsterinsights_sitenote_note":"","_monsterinsights_sitenote_category":0},"product_brand":[],"product_cat":[13043,14381],"product_tag":[],"class_list":{"0":"post-727671","1":"product","2":"type-product","3":"status-publish","5":"product_cat-ekonomi","6":"product_cat-isletme-muhasebe-maliye","7":"pa_cilt-ciltsiz","8":"pa_tur-kitap","9":"pa_yayinevi-gazi-kitabevi","10":"pa_yazar-gazi-kitabevi-kolektif","12":"first","13":"instock","14":"sale","15":"shipping-taxable","16":"purchasable","17":"product-type-simple"},"_links":{"self":[{"href":"https:\/\/roveyayinevi.com.tr\/index.php\/wp-json\/wp\/v2\/product\/727671","targetHints":{"allow":["GET"]}}],"collection":[{"href":"https:\/\/roveyayinevi.com.tr\/index.php\/wp-json\/wp\/v2\/product"}],"about":[{"href":"https:\/\/roveyayinevi.com.tr\/index.php\/wp-json\/wp\/v2\/types\/product"}],"wp:attachment":[{"href":"https:\/\/roveyayinevi.com.tr\/index.php\/wp-json\/wp\/v2\/media?parent=727671"}],"wp:term":[{"taxonomy":"product_brand","embeddable":true,"href":"https:\/\/roveyayinevi.com.tr\/index.php\/wp-json\/wp\/v2\/product_brand?post=727671"},{"taxonomy":"product_cat","embeddable":true,"href":"https:\/\/roveyayinevi.com.tr\/index.php\/wp-json\/wp\/v2\/product_cat?post=727671"},{"taxonomy":"product_tag","embeddable":true,"href":"https:\/\/roveyayinevi.com.tr\/index.php\/wp-json\/wp\/v2\/product_tag?post=727671"}],"curies":[{"name":"wp","href":"https:\/\/api.w.org\/{rel}","templated":true}]}}