{"id":727670,"date":"2025-08-27T20:26:29","date_gmt":"2025-08-27T17:26:29","guid":{"rendered":"https:\/\/roveyayinevi.com.tr\/index.php\/urun\/teknoloji-ve-kamu-politikalari\/"},"modified":"2026-04-16T02:35:23","modified_gmt":"2026-04-15T23:35:23","slug":"teknoloji-ve-kamu-politikalari","status":"publish","type":"product","link":"https:\/\/roveyayinevi.com.tr\/index.php\/urun\/teknoloji-ve-kamu-politikalari\/","title":{"rendered":"Teknoloji ve Kamu Politikalar\u0131"},"content":{"rendered":"<p>1. Yeni Teknoloji Ve \u0130\u015f Yap\u0131\u015f Bi\u00e7imlerinin Kamu Politikalar\u0131na Etkileri: Genel Bir \u00c7er\u00e7eve 2. A\u00e7\u0131k Veri, A\u00e7\u0131k Devlet Ve Kamu Politikalar\u0131 3. B\u00fcy\u00fck Veri Ve Kamu Politikalar\u0131 4. Yapay Zeka Ve Kamu Politikas\u0131 5. Oyunla\u015ft\u0131rma Ve Kamu Politikalar\u0131 6. Nesnelerin \u0130nterneti Ve Kamu Politikalar\u0131: Kentsel Politika Uygulamalar\u0131 7. Ak\u0131ll\u0131 Kentler Ve Kamu Politikalar\u0131 8. Laboratuvardan Yerele: Ya\u015fayan Laboratuvarlar Ve Yerel Politika 9. Sa\u011fl\u0131k Bili\u015fimi, Sa\u011fl\u0131kta Yeni Teknolojik Uygulamalar Ve Kamu Politikalar\u0131 10. Bilgi Teknolojileri Ve Kamu Politikalar\u0131 11. \u0130nsan Makine Etkile\u015fimi Ve Kamu Politikalar\u0131 12. Yeni Ula\u015ft\u0131rma Teknolojidi Olarak S\u00fcr\u00fcc\u00fcs\u00fcz (Otonom) Ara\u00e7lar Ve Kamu Politikalar\u0131 13. \u0130nsans\u0131z Otonom Sistemler Ve G\u00fcvenlik Politikalar\u0131 14. Sosyal Medya Ve Kamu Politikalar\u0131 15. Siber G\u00fcvenlik Ve Kamu Politikalar\u0131 16. Kameral\u0131 G\u00f6zetleme Sistemleri Ve G\u00fcvenlik Politikalar\u0131 17. Trol Olgusu Ve Kamu Politikalar\u0131 18. Teknoloji Ve Kamu Politikas\u0131 \u0130li\u015fkisi: Nereden Nereye,? <\/p>\n","protected":false},"excerpt":{"rendered":"<p>1. Yeni Teknoloji Ve \u0130\u015f Yap\u0131\u015f Bi\u00e7imlerinin Kamu Politikalar\u0131na Etkileri: Genel Bir \u00c7er\u00e7eve 2. A\u00e7\u0131k Veri, A\u00e7\u0131k Devlet Ve Kamu Politikalar\u0131 3. B\u00fcy\u00fck Veri Ve Kamu<span class=\"excerpt-hellip\"> [\u2026]<\/span><\/p>\n","protected":false},"featured_media":0,"template":"","meta":{"_monsterinsights_skip_tracking":false,"_monsterinsights_sitenote_active":false,"_monsterinsights_sitenote_note":"","_monsterinsights_sitenote_category":0},"product_brand":[],"product_cat":[13043,19008],"product_tag":[],"class_list":{"0":"post-727670","1":"product","2":"type-product","3":"status-publish","5":"product_cat-ekonomi","6":"product_cat-yonetim","7":"pa_cilt-ciltsiz","8":"pa_tur-kitap","9":"pa_yayinevi-gazi-kitabevi","10":"pa_yazar-mete-yildiz-cenay-babaoglu","12":"first","13":"instock","14":"sale","15":"shipping-taxable","16":"purchasable","17":"product-type-simple"},"_links":{"self":[{"href":"https:\/\/roveyayinevi.com.tr\/index.php\/wp-json\/wp\/v2\/product\/727670","targetHints":{"allow":["GET"]}}],"collection":[{"href":"https:\/\/roveyayinevi.com.tr\/index.php\/wp-json\/wp\/v2\/product"}],"about":[{"href":"https:\/\/roveyayinevi.com.tr\/index.php\/wp-json\/wp\/v2\/types\/product"}],"wp:attachment":[{"href":"https:\/\/roveyayinevi.com.tr\/index.php\/wp-json\/wp\/v2\/media?parent=727670"}],"wp:term":[{"taxonomy":"product_brand","embeddable":true,"href":"https:\/\/roveyayinevi.com.tr\/index.php\/wp-json\/wp\/v2\/product_brand?post=727670"},{"taxonomy":"product_cat","embeddable":true,"href":"https:\/\/roveyayinevi.com.tr\/index.php\/wp-json\/wp\/v2\/product_cat?post=727670"},{"taxonomy":"product_tag","embeddable":true,"href":"https:\/\/roveyayinevi.com.tr\/index.php\/wp-json\/wp\/v2\/product_tag?post=727670"}],"curies":[{"name":"wp","href":"https:\/\/api.w.org\/{rel}","templated":true}]}}