{"id":727668,"date":"2025-08-27T20:26:28","date_gmt":"2025-08-27T17:26:28","guid":{"rendered":"https:\/\/roveyayinevi.com.tr\/index.php\/urun\/covd-19-surecinde-uretim-yonetim-ve-pazarlama\/"},"modified":"2026-04-16T02:35:23","modified_gmt":"2026-04-15T23:35:23","slug":"covd-19-surecinde-uretim-yonetim-ve-pazarlama","status":"publish","type":"product","link":"https:\/\/roveyayinevi.com.tr\/index.php\/urun\/covd-19-surecinde-uretim-yonetim-ve-pazarlama\/","title":{"rendered":"Cov*d 19 S\u00fcrecinde \u00dcretim, Y\u00f6netim ve Pazarlama"},"content":{"rendered":"<p>1. Co v\u0131d-19 Ve Karantina Ekonomisi 2. Co v\u0131d-19 S\u00fcrecinde \u0130\u015fletmelerin Sanal Organizasyon Yap\u0131lar\u0131 3. Co v\u0131d-19 Ve \u00dcr\u00fcn Stratejisine Etkisinin \u00dcr\u00fcn Ya\u015fam D\u00f6ng\u00fcs\u00fcyle \u0130ncelenmesi 4. Co v\u0131d-19 S\u00fcrecinin T\u00fcketici Davran\u0131\u015flar\u0131na Etkisi Ve Yeni T\u00fcketici E\u011filimleri 5. Co v\u0131d-19 S\u00fcrecindeki Sekt\u00f6rel De\u011fi\u015fimlerin T\u00fcketici Deneyimlerine Etkisi 6. Co v\u0131d-19 S\u00fcrecinin Marka Y\u00f6netimine Etkisi 7. Co v\u0131d-19 S\u00fcrecinde Marka Logolar\u0131ndaki De\u011fi\u015fimler 8. Co v\u0131d-19 S\u00fcrecinde Perakendecilik \u00dczerine Etkileri 9. Co v\u0131d-19 S\u00fcrecinde Perakende Kanal Kullan\u0131m\u0131ndaki De\u011fi\u015fimler 10. Co v\u0131d-19 Pandemisinin Lojistik S\u00fcrecine Etkileri 11. Co v\u0131d-19 S\u00fcrecinde Tedarik Zinciri Risk Y\u00f6netimi 12. Co v\u0131d-19 S\u00fcrecinde Tutundurma \u00c7abalar\u0131 13. Cov\u0131d-19 Sonras\u0131 Pazarlama D\u00fcnyas\u0131: Gelece\u011fe Y\u00f6nelik <\/p>\n","protected":false},"excerpt":{"rendered":"<p>1. Co v\u0131d-19 Ve Karantina Ekonomisi 2. Co v\u0131d-19 S\u00fcrecinde \u0130\u015fletmelerin Sanal Organizasyon Yap\u0131lar\u0131 3. Co v\u0131d-19 Ve \u00dcr\u00fcn Stratejisine Etkisinin \u00dcr\u00fcn Ya\u015fam D\u00f6ng\u00fcs\u00fcyle \u0130ncelenmesi 4.<span class=\"excerpt-hellip\"> [\u2026]<\/span><\/p>\n","protected":false},"featured_media":0,"template":"","meta":{"_monsterinsights_skip_tracking":false,"_monsterinsights_sitenote_active":false,"_monsterinsights_sitenote_note":"","_monsterinsights_sitenote_category":0},"product_brand":[],"product_cat":[13043,14381],"product_tag":[],"class_list":{"0":"post-727668","1":"product","2":"type-product","3":"status-publish","5":"product_cat-ekonomi","6":"product_cat-isletme-muhasebe-maliye","7":"pa_cilt-ciltsiz","8":"pa_tur-kitap","9":"pa_yayinevi-gazi-kitabevi","10":"pa_yazar-gazi-kitabevi-kolektif","12":"first","13":"instock","14":"sale","15":"shipping-taxable","16":"purchasable","17":"product-type-simple"},"_links":{"self":[{"href":"https:\/\/roveyayinevi.com.tr\/index.php\/wp-json\/wp\/v2\/product\/727668","targetHints":{"allow":["GET"]}}],"collection":[{"href":"https:\/\/roveyayinevi.com.tr\/index.php\/wp-json\/wp\/v2\/product"}],"about":[{"href":"https:\/\/roveyayinevi.com.tr\/index.php\/wp-json\/wp\/v2\/types\/product"}],"wp:attachment":[{"href":"https:\/\/roveyayinevi.com.tr\/index.php\/wp-json\/wp\/v2\/media?parent=727668"}],"wp:term":[{"taxonomy":"product_brand","embeddable":true,"href":"https:\/\/roveyayinevi.com.tr\/index.php\/wp-json\/wp\/v2\/product_brand?post=727668"},{"taxonomy":"product_cat","embeddable":true,"href":"https:\/\/roveyayinevi.com.tr\/index.php\/wp-json\/wp\/v2\/product_cat?post=727668"},{"taxonomy":"product_tag","embeddable":true,"href":"https:\/\/roveyayinevi.com.tr\/index.php\/wp-json\/wp\/v2\/product_tag?post=727668"}],"curies":[{"name":"wp","href":"https:\/\/api.w.org\/{rel}","templated":true}]}}