{"id":727667,"date":"2025-08-27T20:26:27","date_gmt":"2025-08-27T17:26:27","guid":{"rendered":"https:\/\/roveyayinevi.com.tr\/index.php\/urun\/kralicenin-golgesi\/"},"modified":"2026-04-16T02:35:23","modified_gmt":"2026-04-15T23:35:23","slug":"kralicenin-golgesi","status":"publish","type":"product","link":"https:\/\/roveyayinevi.com.tr\/index.php\/urun\/kralicenin-golgesi\/","title":{"rendered":"Krali\u00e7enin G\u00f6lgesi"},"content":{"rendered":"<p>Hayvanlar\u0131n nas\u0131l g\u00f6rd\u00fcklerine dair bilimsel ger\u00e7eklere dayanan, ger\u00e7ek\u00fcst\u00fc bir dedektiflik hik\u00e2yesi\u2026 Kraliyet \u015fenli\u011fi gecesi Krali\u00e7enin balosu t\u00fcm h\u0131z\u0131yla devam etmektedir. Aniden bir \u015fim\u015fek \u00e7akar, ard\u0131ndan da her \u015fey karanl\u0131\u011fa b\u00fcr\u00fcn\u00fcr. I\u015f\u0131klar tekrar yand\u0131\u011f\u0131ndaysa c\u00fcretk\u00e2r bir soygun a\u00e7\u0131\u011fa \u00e7\u0131kar. Biri Krali\u00e7enin g\u00f6lgesini \u00e7alm\u0131\u015f! \u0130yi ki kraliyet dedektifi Peygamberdevesi Karidesi konuklar\u0131 sorgulamak i\u00e7in oradad\u0131r. Bay Bukalemun, Kaptan K\u00f6pekbal\u0131\u011f\u0131, M\u0131zrakba\u015fl\u0131 Y\u0131lan, Ke\u00e7i, Yusuf\u00e7uk, Dev M\u00fcrekkep Bal\u0131\u011f\u0131, Doktor G\u00fcvercin ve iki gen\u00e7 denizkestanesi Romanof ile Ekino\u2019yu teker teker sorgular. Her bir \u015f\u00fcphelinin kendine has bak\u0131\u015f a\u00e7\u0131s\u0131 bulmacan\u0131n \u00f6nemli bir par\u00e7as\u0131n\u0131 olu\u015fturur ve b\u00f6ylece sonunda gecenin olaylar\u0131 eksiksiz -ve beklenmedik oldu\u011fu kadar e\u011flenceli- bir \u015fekilde ortaya \u00e7\u0131kar. Bu yarat\u0131c\u0131 ve s\u0131ra d\u0131\u015f\u0131 kitapta, Cyb\u00e8le Young esprili anlat\u0131m\u0131 ve \u00e7arp\u0131c\u0131 \u00e7izimleriyle hem d\u00fc\u015fsel anlamda zengin hem de bilimsel ger\u00e7eklerle dolu bir d\u00fcnya sunuyor.<\/p>\n","protected":false},"excerpt":{"rendered":"<p>Hayvanlar\u0131n nas\u0131l g\u00f6rd\u00fcklerine dair bilimsel ger\u00e7eklere dayanan, ger\u00e7ek\u00fcst\u00fc bir dedektiflik hik\u00e2yesi\u2026 Kraliyet \u015fenli\u011fi gecesi Krali\u00e7enin balosu t\u00fcm h\u0131z\u0131yla devam etmektedir. Aniden bir \u015fim\u015fek \u00e7akar, ard\u0131ndan da<span class=\"excerpt-hellip\"> [\u2026]<\/span><\/p>\n","protected":false},"featured_media":0,"template":"","meta":{"_monsterinsights_skip_tracking":false,"_monsterinsights_sitenote_active":false,"_monsterinsights_sitenote_note":"","_monsterinsights_sitenote_category":0},"product_brand":[],"product_cat":[12274,12518],"product_tag":[],"class_list":{"0":"post-727667","1":"product","2":"type-product","3":"status-publish","5":"product_cat-cocuk-ve-genclik-kitaplari","6":"product_cat-okul-oncesi-kitaplar","7":"pa_cilt-ciltsiz","8":"pa_tur-kitap","9":"pa_yayinevi-koc-universitesi-yayinlari","10":"pa_yazar-cybele-young","12":"first","13":"instock","14":"sale","15":"shipping-taxable","16":"purchasable","17":"product-type-simple"},"_links":{"self":[{"href":"https:\/\/roveyayinevi.com.tr\/index.php\/wp-json\/wp\/v2\/product\/727667","targetHints":{"allow":["GET"]}}],"collection":[{"href":"https:\/\/roveyayinevi.com.tr\/index.php\/wp-json\/wp\/v2\/product"}],"about":[{"href":"https:\/\/roveyayinevi.com.tr\/index.php\/wp-json\/wp\/v2\/types\/product"}],"wp:attachment":[{"href":"https:\/\/roveyayinevi.com.tr\/index.php\/wp-json\/wp\/v2\/media?parent=727667"}],"wp:term":[{"taxonomy":"product_brand","embeddable":true,"href":"https:\/\/roveyayinevi.com.tr\/index.php\/wp-json\/wp\/v2\/product_brand?post=727667"},{"taxonomy":"product_cat","embeddable":true,"href":"https:\/\/roveyayinevi.com.tr\/index.php\/wp-json\/wp\/v2\/product_cat?post=727667"},{"taxonomy":"product_tag","embeddable":true,"href":"https:\/\/roveyayinevi.com.tr\/index.php\/wp-json\/wp\/v2\/product_tag?post=727667"}],"curies":[{"name":"wp","href":"https:\/\/api.w.org\/{rel}","templated":true}]}}