{"id":727659,"date":"2025-08-27T20:26:21","date_gmt":"2025-08-27T17:26:21","guid":{"rendered":"https:\/\/roveyayinevi.com.tr\/index.php\/urun\/pes-etme-mucizeler-yolda\/"},"modified":"2026-04-16T02:35:23","modified_gmt":"2026-04-15T23:35:23","slug":"pes-etme-mucizeler-yolda","status":"publish","type":"product","link":"https:\/\/roveyayinevi.com.tr\/index.php\/urun\/pes-etme-mucizeler-yolda\/","title":{"rendered":"Pes Etme Mucizeler Yolda"},"content":{"rendered":"<p>Her \u015feyin bir zaman\u0131 var ve her \u015feyin bir nedeni&#8230; Hayat\u0131 kabullen. Her \u015fey olmas\u0131 gerekti\u011fi gibi, korkma. Sen de tam olman gereken yerdesin. Kalpten istedi\u011fin \u015feye ula\u015fmak i\u00e7in, zihninden ge\u00e7enleri de\u011fil, tam da ihtiyac\u0131n olan deneyimleri ya\u015fayacaks\u0131n. Sakin ol. Ge\u00e7 kalmad\u0131n. Erken de de\u011fil. Ka\u00e7 ya\u015f\u0131nda oldu\u011funun bir \u00f6nemi yok&#8230; Kimlerden ileri ya da geri oldu\u011funun da&#8230; Ka\u00e7 ya\u015f\u0131nda hissetti\u011finin, kendini nerede g\u00f6rmek istedi\u011finin ve \u015fu an nerede oldu\u011funun fark\u0131nda olman m\u00fchim&#8230; Ya\u015faman gerekeni ya\u015f\u0131yorsun sadece. Ne bir eksik ne bir fazla&#8230; Bil ki kusursuz bir d\u00fczen var senden gayr\u0131. \u0130lmi ve iradesi d\u0131\u015f\u0131nda yapra\u011f\u0131n bile k\u0131p\u0131rdamad\u0131\u011f\u0131 bir yaratan var, hat\u0131rla. Beklentilerinin fark\u0131nda ol ve onlar\u0131 minnetle de\u011fi\u015ftirmeyi \u00f6\u011fren. Kanaat etmeyi ve \u015f\u00fckretmeyi unutma. O vakit g\u00f6receksin ki mucizenin kendisisin asl\u0131nda. Mucize sensin. <\/p>\n","protected":false},"excerpt":{"rendered":"<p>Her \u015feyin bir zaman\u0131 var ve her \u015feyin bir nedeni&#8230; Hayat\u0131 kabullen. Her \u015fey olmas\u0131 gerekti\u011fi gibi, korkma. Sen de tam olman gereken yerdesin. Kalpten istedi\u011fin<span class=\"excerpt-hellip\"> [\u2026]<\/span><\/p>\n","protected":false},"featured_media":0,"template":"","meta":{"_monsterinsights_skip_tracking":false,"_monsterinsights_sitenote_active":false,"_monsterinsights_sitenote_note":"","_monsterinsights_sitenote_category":0},"product_brand":[],"product_cat":[12364,12376],"product_tag":[],"class_list":{"0":"post-727659","1":"product","2":"type-product","3":"status-publish","5":"product_cat-genel-konular","6":"product_cat-kisisel-gelisim","7":"pa_cilt-ciltsiz","8":"pa_tur-kitap","9":"pa_yayinevi-destek-yayinlari","10":"pa_yazar-kinsun","12":"first","13":"instock","14":"sale","15":"shipping-taxable","16":"purchasable","17":"product-type-simple"},"_links":{"self":[{"href":"https:\/\/roveyayinevi.com.tr\/index.php\/wp-json\/wp\/v2\/product\/727659","targetHints":{"allow":["GET"]}}],"collection":[{"href":"https:\/\/roveyayinevi.com.tr\/index.php\/wp-json\/wp\/v2\/product"}],"about":[{"href":"https:\/\/roveyayinevi.com.tr\/index.php\/wp-json\/wp\/v2\/types\/product"}],"wp:attachment":[{"href":"https:\/\/roveyayinevi.com.tr\/index.php\/wp-json\/wp\/v2\/media?parent=727659"}],"wp:term":[{"taxonomy":"product_brand","embeddable":true,"href":"https:\/\/roveyayinevi.com.tr\/index.php\/wp-json\/wp\/v2\/product_brand?post=727659"},{"taxonomy":"product_cat","embeddable":true,"href":"https:\/\/roveyayinevi.com.tr\/index.php\/wp-json\/wp\/v2\/product_cat?post=727659"},{"taxonomy":"product_tag","embeddable":true,"href":"https:\/\/roveyayinevi.com.tr\/index.php\/wp-json\/wp\/v2\/product_tag?post=727659"}],"curies":[{"name":"wp","href":"https:\/\/api.w.org\/{rel}","templated":true}]}}