{"id":727658,"date":"2025-08-27T20:26:20","date_gmt":"2025-08-27T17:26:20","guid":{"rendered":"https:\/\/roveyayinevi.com.tr\/index.php\/urun\/kuresel-ekonomi-duzeni\/"},"modified":"2026-04-16T02:35:23","modified_gmt":"2026-04-15T23:35:23","slug":"kuresel-ekonomi-duzeni","status":"publish","type":"product","link":"https:\/\/roveyayinevi.com.tr\/index.php\/urun\/kuresel-ekonomi-duzeni\/","title":{"rendered":"K\u00fcresel Ekonomi D\u00fczeni"},"content":{"rendered":"<p>Y\u0131lda 26,5 triyon dolarl\u0131k mal ve hizmet ticaretinin yap\u0131ld\u0131\u011f\u0131, g\u00fcnde sadece uluslararas\u0131 banka havale sistemi SWIFT \u00fczerinden 5 trilyon dolar\u0131n el de\u011fi\u015ftirdi\u011fi k\u00fcresel bir ekonomi d\u00fczeni i\u00e7indeyiz. Bu d\u00fczeni destekleyen, kurallar\u0131n\u0131 belirleyen, bunlar\u0131 uygulamayanlar\u0131 cezaland\u0131ran, hatta gerekirse k\u00fcresel sistem d\u0131\u015f\u0131na \u00e7\u0131karan geni\u015f bir kurumsal a\u011f var.   K\u00fcresel ekonomik d\u00fczeni kuran ve kollayan bu yap\u0131da hangi kurumlar yer al\u0131yor? Bunlar nas\u0131l ve kimler taraf\u0131ndan kuruldular? Zaman i\u00e7erisinde neden ve ne gibi de\u011fi\u015fikliklere u\u011frad\u0131lar? Bu kurumlar kimler taraf\u0131ndan, nas\u0131l y\u00f6netiliyorlar? Koyduklar\u0131 kurallar\u0131 g\u00f6z ard\u0131 etmek ne kadar m\u00fcmk\u00fcn? T\u00fcrkiye bu kurumlara ne zaman ve nas\u0131l kat\u0131ld\u0131, ili\u015fkileri nas\u0131l geli\u015fti ve y\u00f6netimlerinde ne kadar s\u00f6z sahibi?   Bu kitap t\u00fcm bu sorulara cevap vermek i\u00e7in haz\u0131rland\u0131. <\/p>\n","protected":false},"excerpt":{"rendered":"<p>Y\u0131lda 26,5 triyon dolarl\u0131k mal ve hizmet ticaretinin yap\u0131ld\u0131\u011f\u0131, g\u00fcnde sadece uluslararas\u0131 banka havale sistemi SWIFT \u00fczerinden 5 trilyon dolar\u0131n el de\u011fi\u015ftirdi\u011fi k\u00fcresel bir ekonomi d\u00fczeni<span class=\"excerpt-hellip\"> [\u2026]<\/span><\/p>\n","protected":false},"featured_media":0,"template":"","meta":{"_monsterinsights_skip_tracking":false,"_monsterinsights_sitenote_active":false,"_monsterinsights_sitenote_note":"","_monsterinsights_sitenote_category":0},"product_brand":[],"product_cat":[13044,13043],"product_tag":[],"class_list":{"0":"post-727658","1":"product","2":"type-product","3":"status-publish","5":"product_cat-dunya-ekonomisi","6":"product_cat-ekonomi","7":"pa_cilt-ciltsiz","8":"pa_tur-kitap","9":"pa_yayinevi-remzi-kitabevi","10":"pa_yazar-ahmet-soylemezoglu","12":"first","13":"instock","14":"sale","15":"shipping-taxable","16":"purchasable","17":"product-type-simple"},"_links":{"self":[{"href":"https:\/\/roveyayinevi.com.tr\/index.php\/wp-json\/wp\/v2\/product\/727658","targetHints":{"allow":["GET"]}}],"collection":[{"href":"https:\/\/roveyayinevi.com.tr\/index.php\/wp-json\/wp\/v2\/product"}],"about":[{"href":"https:\/\/roveyayinevi.com.tr\/index.php\/wp-json\/wp\/v2\/types\/product"}],"wp:attachment":[{"href":"https:\/\/roveyayinevi.com.tr\/index.php\/wp-json\/wp\/v2\/media?parent=727658"}],"wp:term":[{"taxonomy":"product_brand","embeddable":true,"href":"https:\/\/roveyayinevi.com.tr\/index.php\/wp-json\/wp\/v2\/product_brand?post=727658"},{"taxonomy":"product_cat","embeddable":true,"href":"https:\/\/roveyayinevi.com.tr\/index.php\/wp-json\/wp\/v2\/product_cat?post=727658"},{"taxonomy":"product_tag","embeddable":true,"href":"https:\/\/roveyayinevi.com.tr\/index.php\/wp-json\/wp\/v2\/product_tag?post=727658"}],"curies":[{"name":"wp","href":"https:\/\/api.w.org\/{rel}","templated":true}]}}