{"id":727656,"date":"2025-08-27T20:26:18","date_gmt":"2025-08-27T17:26:18","guid":{"rendered":"https:\/\/roveyayinevi.com.tr\/index.php\/urun\/hayal-2\/"},"modified":"2026-02-24T02:46:24","modified_gmt":"2026-02-23T23:46:24","slug":"hayal-2","status":"publish","type":"product","link":"https:\/\/roveyayinevi.com.tr\/index.php\/urun\/hayal-2\/","title":{"rendered":"Hayal"},"content":{"rendered":"<p>Yazar olman\u0131n hayalini kurdu\u011fumda ka\u00e7 ya\u015f\u0131ndayd\u0131m tam hat\u0131rlayam\u0131yorum ama okul \u00f6ncesinde, evdekilerden harfleri \u00f6\u011frenip yazarl\u0131\u011fa \u00f6zendi\u011fime g\u00f6re, alt\u0131 ya\u015f civar\u0131nda olmal\u0131yd\u0131m. Neredeyse bir yar\u0131m as\u0131r bu hayalin pe\u015finde ko\u015ftum; yazar hanesine rastlatmak i\u00e7in \u00e7evirip durdum, fele\u011fin \u00e7emberini.   Elinizde tuttu\u011funuz HAYAL\u2019in sat\u0131rlar\u0131, beni, yazmaya tutkun bir gen\u00e7 kad\u0131ndan bir yazara evrilten birikimin, tesad\u00fcflerin, olaylar\u0131n d\u00f6k\u00fcm\u00fcn\u00fc verirken, kahramanlar\u0131m\u0131n roman ki\u015filerine d\u00f6n\u00fc\u015fme nedenlerini de anlat\u0131yor; sizi kitaplar\u0131m\u0131n arka bah\u00e7elerinde bir gezintiye \u00e7\u0131kar\u0131yorum.   Dilerim gezintiniz keyifli ge\u00e7er.                                                                                                                                               Ay\u015fe K <\/p>\n","protected":false},"excerpt":{"rendered":"<p>Yazar olman\u0131n hayalini kurdu\u011fumda ka\u00e7 ya\u015f\u0131ndayd\u0131m tam hat\u0131rlayam\u0131yorum ama okul \u00f6ncesinde, evdekilerden harfleri \u00f6\u011frenip yazarl\u0131\u011fa \u00f6zendi\u011fime g\u00f6re, alt\u0131 ya\u015f civar\u0131nda olmal\u0131yd\u0131m. Neredeyse bir yar\u0131m as\u0131r bu<span class=\"excerpt-hellip\"> [\u2026]<\/span><\/p>\n","protected":false},"featured_media":0,"template":"","meta":{"_monsterinsights_skip_tracking":false,"_monsterinsights_sitenote_active":false,"_monsterinsights_sitenote_note":"","_monsterinsights_sitenote_category":0},"product_brand":[],"product_cat":[12291,12711],"product_tag":[],"class_list":{"0":"post-727656","1":"product","2":"type-product","3":"status-publish","5":"product_cat-edebiyat","6":"product_cat-roman-oyku","7":"pa_cilt-ciltsiz","8":"pa_tur-kitap","9":"pa_yayinevi-everest-yayinlari","10":"pa_yazar-ayse-kulin","12":"first","13":"instock","14":"sale","15":"shipping-taxable","16":"purchasable","17":"product-type-simple"},"_links":{"self":[{"href":"https:\/\/roveyayinevi.com.tr\/index.php\/wp-json\/wp\/v2\/product\/727656","targetHints":{"allow":["GET"]}}],"collection":[{"href":"https:\/\/roveyayinevi.com.tr\/index.php\/wp-json\/wp\/v2\/product"}],"about":[{"href":"https:\/\/roveyayinevi.com.tr\/index.php\/wp-json\/wp\/v2\/types\/product"}],"wp:attachment":[{"href":"https:\/\/roveyayinevi.com.tr\/index.php\/wp-json\/wp\/v2\/media?parent=727656"}],"wp:term":[{"taxonomy":"product_brand","embeddable":true,"href":"https:\/\/roveyayinevi.com.tr\/index.php\/wp-json\/wp\/v2\/product_brand?post=727656"},{"taxonomy":"product_cat","embeddable":true,"href":"https:\/\/roveyayinevi.com.tr\/index.php\/wp-json\/wp\/v2\/product_cat?post=727656"},{"taxonomy":"product_tag","embeddable":true,"href":"https:\/\/roveyayinevi.com.tr\/index.php\/wp-json\/wp\/v2\/product_tag?post=727656"}],"curies":[{"name":"wp","href":"https:\/\/api.w.org\/{rel}","templated":true}]}}