{"id":727654,"date":"2025-08-27T20:26:17","date_gmt":"2025-08-27T17:26:17","guid":{"rendered":"https:\/\/roveyayinevi.com.tr\/index.php\/urun\/jenniferin-dugunu\/"},"modified":"2026-04-16T02:35:23","modified_gmt":"2026-04-15T23:35:23","slug":"jenniferin-dugunu","status":"publish","type":"product","link":"https:\/\/roveyayinevi.com.tr\/index.php\/urun\/jenniferin-dugunu\/","title":{"rendered":"Jennifer\u2019\u0131n  D\u00fc\u011f\u00fcn\u00fc"},"content":{"rendered":"<p>Bu yurdun binlerce y\u0131ll\u0131k birikiminden ilham alan oyunlar&#8230; Tarihin sat\u0131r aralar\u0131ndan heyecanl\u0131 hayat sahneleri\u2026 Kimlik ve tarih\u2026 T\u00fcrk tiyatrosunun her zaman arzulanan ve \u00f6zlenen beklentileri aras\u0131nda bir yerli anlat\u0131m\u2026 Usta yazar \u0130skender Pala incelikle kurdu\u011fu on oyunda bizler i\u00e7in on farkl\u0131 d\u00fcnyan\u0131n kap\u0131s\u0131n\u0131 aral\u0131yor. Tarihi ger\u00e7eklere e\u015flik eden zekice kurgular, bug\u00fcne dair izd\u00fc\u015f\u00fcmleri olan olaylara objektif bak\u0131\u015flar, g\u00fcndelik hayat\u0131n s\u0131radan insanlar\u0131yla tarihin bilindik kahramanlar\u0131n\u0131n \u00e7at\u0131\u015fmalar\u0131 ve bulu\u015fmalar\u0131\u2026 Tarihin tozlu mahzenlerinden gelip sahne tozuna kar\u0131\u015fan zerreler\u2026 Sel\u00e7uklu\u2019dan Osmanl\u0131\u2019ya\u2026Cinayetten a\u015fka\u2026Masallardan efsanelere\u2026 \u0130skender Pala\u2019n\u0131n yaln\u0131zca g\u00f6zlere de\u011fil zihinlere ve kalplere de hitap eden tema\u015fa sahneleri\u2026 <\/p>\n","protected":false},"excerpt":{"rendered":"<p>Bu yurdun binlerce y\u0131ll\u0131k birikiminden ilham alan oyunlar&#8230; Tarihin sat\u0131r aralar\u0131ndan heyecanl\u0131 hayat sahneleri\u2026 Kimlik ve tarih\u2026 T\u00fcrk tiyatrosunun her zaman arzulanan ve \u00f6zlenen beklentileri aras\u0131nda<span class=\"excerpt-hellip\"> [\u2026]<\/span><\/p>\n","protected":false},"featured_media":0,"template":"","meta":{"_monsterinsights_skip_tracking":false,"_monsterinsights_sitenote_active":false,"_monsterinsights_sitenote_note":"","_monsterinsights_sitenote_category":0},"product_brand":[],"product_cat":[12409,12408],"product_tag":[],"class_list":{"0":"post-727654","1":"product","2":"type-product","3":"status-publish","5":"product_cat-fotograf-sinema-tiyatro","6":"product_cat-sanat","7":"pa_cilt-ciltsiz","8":"pa_tur-kitap","9":"pa_yayinevi-kapi-yayinlari","10":"pa_yazar-iskender-pala","12":"first","13":"instock","14":"sale","15":"shipping-taxable","16":"purchasable","17":"product-type-simple"},"_links":{"self":[{"href":"https:\/\/roveyayinevi.com.tr\/index.php\/wp-json\/wp\/v2\/product\/727654","targetHints":{"allow":["GET"]}}],"collection":[{"href":"https:\/\/roveyayinevi.com.tr\/index.php\/wp-json\/wp\/v2\/product"}],"about":[{"href":"https:\/\/roveyayinevi.com.tr\/index.php\/wp-json\/wp\/v2\/types\/product"}],"wp:attachment":[{"href":"https:\/\/roveyayinevi.com.tr\/index.php\/wp-json\/wp\/v2\/media?parent=727654"}],"wp:term":[{"taxonomy":"product_brand","embeddable":true,"href":"https:\/\/roveyayinevi.com.tr\/index.php\/wp-json\/wp\/v2\/product_brand?post=727654"},{"taxonomy":"product_cat","embeddable":true,"href":"https:\/\/roveyayinevi.com.tr\/index.php\/wp-json\/wp\/v2\/product_cat?post=727654"},{"taxonomy":"product_tag","embeddable":true,"href":"https:\/\/roveyayinevi.com.tr\/index.php\/wp-json\/wp\/v2\/product_tag?post=727654"}],"curies":[{"name":"wp","href":"https:\/\/api.w.org\/{rel}","templated":true}]}}