{"id":727652,"date":"2025-08-27T20:26:15","date_gmt":"2025-08-27T17:26:15","guid":{"rendered":"https:\/\/roveyayinevi.com.tr\/index.php\/urun\/evlilik-ve-aile-psikolojik-danismanligi\/"},"modified":"2026-04-11T02:43:40","modified_gmt":"2026-04-10T23:43:40","slug":"evlilik-ve-aile-psikolojik-danismanligi","status":"publish","type":"product","link":"https:\/\/roveyayinevi.com.tr\/index.php\/urun\/evlilik-ve-aile-psikolojik-danismanligi\/","title":{"rendered":"Evlilik Ve Aile Psikolojik Dan\u0131\u015fmanl\u0131\u011f\u0131"},"content":{"rendered":"<p>Toplumlar k\u00fclt\u00fcrel yap\u0131lar\u0131 do\u011frultusunda aile kavram\u0131na farkl\u0131 anlamlar y\u00fckleseler bile, aile ki\u015fisel ve toplumsal i\u015flevleri nedeniyle \u00f6nemini her zaman koruyan bir kurum olmu\u015ftur. Modernle\u015fme, kentle\u015fme, sanayile\u015fme ve teknolojik geli\u015fmelerin yan\u0131 s\u0131ra; evlilik, aile, ebeveynlik ve cinselli\u011fe ili\u015fkin bak\u0131\u015f a\u00e7\u0131s\u0131n\u0131n de\u011fi\u015fmesi, geleneksel kad\u0131n ve erkek rollerinin farkl\u0131la\u015fmas\u0131, evlilikten beklentilerin de\u011fi\u015fmesi aile kurumunun devaml\u0131l\u0131\u011f\u0131n\u0131 etkilemi\u015ftir (Ekici, 2014). Toplumlar ailelerin bir araya gelmesiyle olu\u015fur. Aile toplumun en k\u00fc\u00e7\u00fck yap\u0131 ta\u015f\u0131n\u0131 olu\u015fturur. Ailedeki sorunlar topluma, toplumdaki sorunlar aileye yans\u0131r. Sa\u011fl\u0131kl\u0131 toplumu, sa\u011fl\u0131kl\u0131 aileler olu\u015fturur. Ailenin sosyok\u00fclt\u00fcrel durumu, toplumun sosyok\u00fclt\u00fcrel durumunu belirler. Toplum ve aile iyi veya k\u00f6t\u00fc s\u00fcrekli olarak etkile\u015fim i\u00e7erisindedir.<\/p>\n","protected":false},"excerpt":{"rendered":"<p>Toplumlar k\u00fclt\u00fcrel yap\u0131lar\u0131 do\u011frultusunda aile kavram\u0131na farkl\u0131 anlamlar y\u00fckleseler bile, aile ki\u015fisel ve toplumsal i\u015flevleri nedeniyle \u00f6nemini her zaman koruyan bir kurum olmu\u015ftur. Modernle\u015fme, kentle\u015fme, sanayile\u015fme<span class=\"excerpt-hellip\"> [\u2026]<\/span><\/p>\n","protected":false},"featured_media":0,"template":"","meta":{"_monsterinsights_skip_tracking":false,"_monsterinsights_sitenote_active":false,"_monsterinsights_sitenote_note":"","_monsterinsights_sitenote_category":0},"product_brand":[],"product_cat":[12831,12324],"product_tag":[],"class_list":{"0":"post-727652","1":"product","2":"type-product","3":"status-publish","5":"product_cat-aile-ve-cocuk","6":"product_cat-sosyoloji","7":"pa_cilt-ciltsiz","8":"pa_tur-kitap","9":"pa_yayinevi-ani-yayincilik","10":"pa_yazar-ani-yayincilik-kolektif","12":"first","13":"instock","14":"sale","15":"shipping-taxable","16":"purchasable","17":"product-type-simple"},"_links":{"self":[{"href":"https:\/\/roveyayinevi.com.tr\/index.php\/wp-json\/wp\/v2\/product\/727652","targetHints":{"allow":["GET"]}}],"collection":[{"href":"https:\/\/roveyayinevi.com.tr\/index.php\/wp-json\/wp\/v2\/product"}],"about":[{"href":"https:\/\/roveyayinevi.com.tr\/index.php\/wp-json\/wp\/v2\/types\/product"}],"wp:attachment":[{"href":"https:\/\/roveyayinevi.com.tr\/index.php\/wp-json\/wp\/v2\/media?parent=727652"}],"wp:term":[{"taxonomy":"product_brand","embeddable":true,"href":"https:\/\/roveyayinevi.com.tr\/index.php\/wp-json\/wp\/v2\/product_brand?post=727652"},{"taxonomy":"product_cat","embeddable":true,"href":"https:\/\/roveyayinevi.com.tr\/index.php\/wp-json\/wp\/v2\/product_cat?post=727652"},{"taxonomy":"product_tag","embeddable":true,"href":"https:\/\/roveyayinevi.com.tr\/index.php\/wp-json\/wp\/v2\/product_tag?post=727652"}],"curies":[{"name":"wp","href":"https:\/\/api.w.org\/{rel}","templated":true}]}}