{"id":727649,"date":"2025-08-27T20:26:12","date_gmt":"2025-08-27T17:26:12","guid":{"rendered":"https:\/\/roveyayinevi.com.tr\/index.php\/urun\/jungiyen-bir-okuma-itaat-edilmesi-gereken-kadin\/"},"modified":"2026-04-16T02:35:23","modified_gmt":"2026-04-15T23:35:23","slug":"jungiyen-bir-okuma-itaat-edilmesi-gereken-kadin","status":"publish","type":"product","link":"https:\/\/roveyayinevi.com.tr\/index.php\/urun\/jungiyen-bir-okuma-itaat-edilmesi-gereken-kadin\/","title":{"rendered":"Jungiyen Bir Okuma: \u0130taat Edilmesi Gereken Kad\u0131n"},"content":{"rendered":"<p>\u0130nsanlar i\u00e7in \u00f6nyarg\u0131 sahibi olmak,ger\u00e7e\u011fi ara\u015ft\u0131rmaktan \u00e7ok daha kolayd\u0131r.C.G.jung<\/p>\n","protected":false},"excerpt":{"rendered":"<p>\u0130nsanlar i\u00e7in \u00f6nyarg\u0131 sahibi olmak,ger\u00e7e\u011fi ara\u015ft\u0131rmaktan \u00e7ok daha kolayd\u0131r.C.G.jung<\/p>\n","protected":false},"featured_media":0,"template":"","meta":{"_monsterinsights_skip_tracking":false,"_monsterinsights_sitenote_active":false,"_monsterinsights_sitenote_note":"","_monsterinsights_sitenote_category":0},"product_brand":[],"product_cat":[12718,12858],"product_tag":[],"class_list":{"0":"post-727649","1":"product","2":"type-product","3":"status-publish","5":"product_cat-din","6":"product_cat-mitolojiler","7":"pa_cilt-ciltsiz","8":"pa_tur-kitap","9":"pa_yayinevi-bilgin-kultur-sanat","10":"pa_yazar-arzu-korucu","12":"first","13":"instock","14":"sale","15":"shipping-taxable","16":"purchasable","17":"product-type-simple"},"_links":{"self":[{"href":"https:\/\/roveyayinevi.com.tr\/index.php\/wp-json\/wp\/v2\/product\/727649","targetHints":{"allow":["GET"]}}],"collection":[{"href":"https:\/\/roveyayinevi.com.tr\/index.php\/wp-json\/wp\/v2\/product"}],"about":[{"href":"https:\/\/roveyayinevi.com.tr\/index.php\/wp-json\/wp\/v2\/types\/product"}],"wp:attachment":[{"href":"https:\/\/roveyayinevi.com.tr\/index.php\/wp-json\/wp\/v2\/media?parent=727649"}],"wp:term":[{"taxonomy":"product_brand","embeddable":true,"href":"https:\/\/roveyayinevi.com.tr\/index.php\/wp-json\/wp\/v2\/product_brand?post=727649"},{"taxonomy":"product_cat","embeddable":true,"href":"https:\/\/roveyayinevi.com.tr\/index.php\/wp-json\/wp\/v2\/product_cat?post=727649"},{"taxonomy":"product_tag","embeddable":true,"href":"https:\/\/roveyayinevi.com.tr\/index.php\/wp-json\/wp\/v2\/product_tag?post=727649"}],"curies":[{"name":"wp","href":"https:\/\/api.w.org\/{rel}","templated":true}]}}