{"id":727647,"date":"2025-08-27T20:26:11","date_gmt":"2025-08-27T17:26:11","guid":{"rendered":"https:\/\/roveyayinevi.com.tr\/index.php\/urun\/hekimbasi-abdulaziz-efendinin-gufte-mecmuasindaki-sarkilar\/"},"modified":"2026-04-16T02:35:23","modified_gmt":"2026-04-15T23:35:23","slug":"hekimbasi-abdulaziz-efendinin-gufte-mecmuasindaki-sarkilar","status":"publish","type":"product","link":"https:\/\/roveyayinevi.com.tr\/index.php\/urun\/hekimbasi-abdulaziz-efendinin-gufte-mecmuasindaki-sarkilar\/","title":{"rendered":"Hekimba\u015f\u0131 Abd\u00fclaziz Efendi\u2019nin G\u00fcfte Mecmuas\u0131ndaki \u015eark\u0131lar"},"content":{"rendered":"<p>Kaynaklarda, Hekimba\u015f\u0131 G\u00fcfte Mecmuas\u0131\u2019n\u0131n on sekizinci y\u00fczy\u0131l\u0131n en geni\u015f repertuvar\u0131na sahip dind\u0131\u015f\u0131 eserleri ihtiva eden bir mecmuas\u0131 oldu\u011fu belirtilmi\u015ftir. Bu Mecmua\u2019y\u0131 derleyen Hekimba\u015f\u0131 Abd\u00fclaziz Efendi 1735-1783 tarihleri aras\u0131nda ya\u015fam\u0131\u015f, k\u0131sa \u00f6mr\u00fcnde yapt\u0131\u011f\u0131 ilm\u00ee \u00e7al\u0131\u015fmalar\u0131n yan\u0131nda musiki ve edebiyatla da ilgilenmi\u015f ve bu alanda da eserler vermi\u015ftir. Abd\u00fclaziz Efendi\u2019nin musiki ile ilgili e\u011fitimini nereden ald\u0131\u011f\u0131 bilinmemekle beraber, g\u00fcn\u00fcm\u00fcz repertuvar\u0131na gelen alt\u0131 eserinden ba\u015fka, Mecmua\u2019da da bir g\u00fcftesi kendisine ait olan iki bestesinin yer almas\u0131 ve d\u00f6neminin en geni\u015f repertuvar\u0131n\u0131 i\u00e7eren bir Mecmua derlemesinden bu konuya v\u00e2k\u0131f bir musiki\u015finas oldu\u011fu anla\u015f\u0131lmaktad\u0131r. Mecmua\u2019da K\u00e2r, Beste, Sem\u00e2\u00eeyat ve \u015eark\u0131yy\u00e2t ba\u015fl\u0131\u011f\u0131 alt\u0131nda verilen g\u00fcftelerin toplam say\u0131s\u0131 2738 olarak belirlenmi\u015ftir. Bu \u00e7al\u0131\u015fmada \u015eark\u0131yy\u00e2t b\u00f6l\u00fcm\u00fcnde bulunan k\u0131rk farkl\u0131 makamdaki d\u00f6rt y\u00fcz yirmi alt\u0131 \u015fark\u0131 ele al\u0131nm\u0131\u015ft\u0131r. Padi\u015fah, sadrazam, \u015feyh\u00fclislam ve kethuda\u2019n\u0131n d\u00e2hil oldu\u011fu, devletin zirvesinden itibaren her kesimden, her meslek grubundan, her dinden ki\u015filerin, bestek\u00e2r ve \u015fair olarak yer ald\u0131\u011f\u0131 bu Mecmua, k\u00fclt\u00fcr yelpazemizin geni\u015fli\u011fini ve zenginli\u011fini ifade eden en \u00f6nemli kaynaklardan biridir.<\/p>\n","protected":false},"excerpt":{"rendered":"<p>Kaynaklarda, Hekimba\u015f\u0131 G\u00fcfte Mecmuas\u0131\u2019n\u0131n on sekizinci y\u00fczy\u0131l\u0131n en geni\u015f repertuvar\u0131na sahip dind\u0131\u015f\u0131 eserleri ihtiva eden bir mecmuas\u0131 oldu\u011fu belirtilmi\u015ftir. Bu Mecmua\u2019y\u0131 derleyen Hekimba\u015f\u0131 Abd\u00fclaziz Efendi 1735-1783<span class=\"excerpt-hellip\"> [\u2026]<\/span><\/p>\n","protected":false},"featured_media":0,"template":"","meta":{"_monsterinsights_skip_tracking":false,"_monsterinsights_sitenote_active":false,"_monsterinsights_sitenote_note":"","_monsterinsights_sitenote_category":0},"product_brand":[],"product_cat":[14556,40131],"product_tag":[],"class_list":{"0":"post-727647","1":"product","2":"type-product","3":"status-publish","5":"product_cat-muzik","6":"product_cat-sanatcilar","7":"pa_cilt-ciltsiz","8":"pa_tur-kitap","9":"pa_yayinevi-otuken-nesriyat","10":"pa_yazar-emine-anar-berksan","12":"first","13":"instock","14":"sale","15":"shipping-taxable","16":"purchasable","17":"product-type-simple"},"_links":{"self":[{"href":"https:\/\/roveyayinevi.com.tr\/index.php\/wp-json\/wp\/v2\/product\/727647","targetHints":{"allow":["GET"]}}],"collection":[{"href":"https:\/\/roveyayinevi.com.tr\/index.php\/wp-json\/wp\/v2\/product"}],"about":[{"href":"https:\/\/roveyayinevi.com.tr\/index.php\/wp-json\/wp\/v2\/types\/product"}],"wp:attachment":[{"href":"https:\/\/roveyayinevi.com.tr\/index.php\/wp-json\/wp\/v2\/media?parent=727647"}],"wp:term":[{"taxonomy":"product_brand","embeddable":true,"href":"https:\/\/roveyayinevi.com.tr\/index.php\/wp-json\/wp\/v2\/product_brand?post=727647"},{"taxonomy":"product_cat","embeddable":true,"href":"https:\/\/roveyayinevi.com.tr\/index.php\/wp-json\/wp\/v2\/product_cat?post=727647"},{"taxonomy":"product_tag","embeddable":true,"href":"https:\/\/roveyayinevi.com.tr\/index.php\/wp-json\/wp\/v2\/product_tag?post=727647"}],"curies":[{"name":"wp","href":"https:\/\/api.w.org\/{rel}","templated":true}]}}