{"id":727645,"date":"2025-08-27T20:26:09","date_gmt":"2025-08-27T17:26:09","guid":{"rendered":"https:\/\/roveyayinevi.com.tr\/index.php\/urun\/patron-2\/"},"modified":"2026-04-16T02:35:23","modified_gmt":"2026-04-15T23:35:23","slug":"patron-2","status":"publish","type":"product","link":"https:\/\/roveyayinevi.com.tr\/index.php\/urun\/patron-2\/","title":{"rendered":"Patron"},"content":{"rendered":"<p>Tiyatronun geli\u015fiminin iki unsura ba\u011fl\u0131 oldu\u011funu d\u00fc\u015f\u00fcnen Tar\u0131k Bu\u011fra, bu unsurlar\u0131 mesleklerine tutkun tiyatro adamlar\u0131 ve yerli tiyatro yazarlar\u0131 olarak s\u0131ralam\u0131\u015ft\u0131r. Pek \u00e7ok roman\u0131 oyunla\u015ft\u0131r\u0131lm\u0131\u015f ve hatta dizile\u015ftirilmi\u015f bir yazar olan Bu\u011fra\u2019n\u0131n tiyatro eserleri de \u00e7ok kez sahnelenmi\u015ftir. Tiyatro eserlerini h\u00fcr bir sanat anlay\u0131\u015f\u0131 ve canl\u0131, yo\u011fun bir \u00fcslupla yazan Bu\u011fra\u2019n\u0131n Patron isimli oyunu da onun tiyatronun geli\u015fimine katk\u0131da bulundu\u011fu eserleri aras\u0131ndad\u0131r.<\/p>\n","protected":false},"excerpt":{"rendered":"<p>Tiyatronun geli\u015fiminin iki unsura ba\u011fl\u0131 oldu\u011funu d\u00fc\u015f\u00fcnen Tar\u0131k Bu\u011fra, bu unsurlar\u0131 mesleklerine tutkun tiyatro adamlar\u0131 ve yerli tiyatro yazarlar\u0131 olarak s\u0131ralam\u0131\u015ft\u0131r. Pek \u00e7ok roman\u0131 oyunla\u015ft\u0131r\u0131lm\u0131\u015f ve<span class=\"excerpt-hellip\"> [\u2026]<\/span><\/p>\n","protected":false},"featured_media":0,"template":"","meta":{"_monsterinsights_skip_tracking":false,"_monsterinsights_sitenote_active":false,"_monsterinsights_sitenote_note":"","_monsterinsights_sitenote_category":0},"product_brand":[],"product_cat":[12409,12408],"product_tag":[],"class_list":{"0":"post-727645","1":"product","2":"type-product","3":"status-publish","5":"product_cat-fotograf-sinema-tiyatro","6":"product_cat-sanat","7":"pa_cilt-ciltsiz","8":"pa_tur-kitap","9":"pa_yayinevi-otuken-nesriyat","10":"pa_yazar-tarik-bugra","12":"first","13":"instock","14":"sale","15":"shipping-taxable","16":"purchasable","17":"product-type-simple"},"_links":{"self":[{"href":"https:\/\/roveyayinevi.com.tr\/index.php\/wp-json\/wp\/v2\/product\/727645","targetHints":{"allow":["GET"]}}],"collection":[{"href":"https:\/\/roveyayinevi.com.tr\/index.php\/wp-json\/wp\/v2\/product"}],"about":[{"href":"https:\/\/roveyayinevi.com.tr\/index.php\/wp-json\/wp\/v2\/types\/product"}],"wp:attachment":[{"href":"https:\/\/roveyayinevi.com.tr\/index.php\/wp-json\/wp\/v2\/media?parent=727645"}],"wp:term":[{"taxonomy":"product_brand","embeddable":true,"href":"https:\/\/roveyayinevi.com.tr\/index.php\/wp-json\/wp\/v2\/product_brand?post=727645"},{"taxonomy":"product_cat","embeddable":true,"href":"https:\/\/roveyayinevi.com.tr\/index.php\/wp-json\/wp\/v2\/product_cat?post=727645"},{"taxonomy":"product_tag","embeddable":true,"href":"https:\/\/roveyayinevi.com.tr\/index.php\/wp-json\/wp\/v2\/product_tag?post=727645"}],"curies":[{"name":"wp","href":"https:\/\/api.w.org\/{rel}","templated":true}]}}