{"id":727644,"date":"2025-08-27T20:26:08","date_gmt":"2025-08-27T17:26:08","guid":{"rendered":"https:\/\/roveyayinevi.com.tr\/index.php\/urun\/dunyanin-en-pis-sokagi\/"},"modified":"2026-04-13T02:43:52","modified_gmt":"2026-04-12T23:43:52","slug":"dunyanin-en-pis-sokagi","status":"publish","type":"product","link":"https:\/\/roveyayinevi.com.tr\/index.php\/urun\/dunyanin-en-pis-sokagi\/","title":{"rendered":"D\u00fcnyan\u0131n En Pis Soka\u011f\u0131"},"content":{"rendered":"<p>T\u00fcrk romanc\u0131l\u0131\u011f\u0131n\u0131n usta yazarlar\u0131ndan biri olan Tar\u0131k Bu\u011fra, roman\u0131, \u201ck\u00e2inat\u0131 ve insanlar\u0131 bir mizaca g\u00f6re yeniden yaratmak\u201d \u015feklinde tan\u0131mlar. \u0130nsan\u0131, en ger\u00e7ek ve ink\u00e2r edilemez y\u00f6nleriyle ve h\u00fcz\u00fcnleriyle ele alm\u0131\u015ft\u0131r. Bu \u00f6zellikleriyle Tar\u0131k Bu\u011fra, T\u00fcrk romanc\u0131l\u0131\u011f\u0131nda realizmin de en usta yazarlar\u0131ndan say\u0131lm\u0131\u015ft\u0131r. Onda kal\u0131pla\u015fm\u0131\u015f bir fikrin pe\u015finden gitme, onu ispatlama endi\u015fesi yoktur ve o, romanlar\u0131nda bir tahlil ustas\u0131 olarak kar\u015f\u0131m\u0131za \u00e7\u0131kar. Tar\u0131k Bu\u011fra&#8217;n\u0131n romanlar\u0131n\u0131n baz\u0131lar\u0131 tefrika olarak gazete ve dergi ar\u015fivlerinde yer alm\u0131\u015ft\u0131r. D\u00fcnyan\u0131n En Pis Soka\u011f\u0131 da bunlardand\u0131r. \u00d6t\u00fcken Ne\u015friyat taraf\u0131ndan ilk kez 1989\u2019da yay\u0131mlanm\u0131\u015f ve okuyucularda iz b\u0131rakm\u0131\u015ft\u0131r.<\/p>\n","protected":false},"excerpt":{"rendered":"<p>T\u00fcrk romanc\u0131l\u0131\u011f\u0131n\u0131n usta yazarlar\u0131ndan biri olan Tar\u0131k Bu\u011fra, roman\u0131, \u201ck\u00e2inat\u0131 ve insanlar\u0131 bir mizaca g\u00f6re yeniden yaratmak\u201d \u015feklinde tan\u0131mlar. \u0130nsan\u0131, en ger\u00e7ek ve ink\u00e2r edilemez y\u00f6nleriyle<span class=\"excerpt-hellip\"> [\u2026]<\/span><\/p>\n","protected":false},"featured_media":0,"template":"","meta":{"_monsterinsights_skip_tracking":false,"_monsterinsights_sitenote_active":false,"_monsterinsights_sitenote_note":"","_monsterinsights_sitenote_category":0},"product_brand":[],"product_cat":[12291,12711],"product_tag":[],"class_list":{"0":"post-727644","1":"product","2":"type-product","3":"status-publish","5":"product_cat-edebiyat","6":"product_cat-roman-oyku","7":"pa_cilt-ciltsiz","8":"pa_tur-kitap","9":"pa_yayinevi-otuken-nesriyat","10":"pa_yazar-tarik-bugra","12":"first","13":"instock","14":"sale","15":"shipping-taxable","16":"purchasable","17":"product-type-simple"},"_links":{"self":[{"href":"https:\/\/roveyayinevi.com.tr\/index.php\/wp-json\/wp\/v2\/product\/727644","targetHints":{"allow":["GET"]}}],"collection":[{"href":"https:\/\/roveyayinevi.com.tr\/index.php\/wp-json\/wp\/v2\/product"}],"about":[{"href":"https:\/\/roveyayinevi.com.tr\/index.php\/wp-json\/wp\/v2\/types\/product"}],"wp:attachment":[{"href":"https:\/\/roveyayinevi.com.tr\/index.php\/wp-json\/wp\/v2\/media?parent=727644"}],"wp:term":[{"taxonomy":"product_brand","embeddable":true,"href":"https:\/\/roveyayinevi.com.tr\/index.php\/wp-json\/wp\/v2\/product_brand?post=727644"},{"taxonomy":"product_cat","embeddable":true,"href":"https:\/\/roveyayinevi.com.tr\/index.php\/wp-json\/wp\/v2\/product_cat?post=727644"},{"taxonomy":"product_tag","embeddable":true,"href":"https:\/\/roveyayinevi.com.tr\/index.php\/wp-json\/wp\/v2\/product_tag?post=727644"}],"curies":[{"name":"wp","href":"https:\/\/api.w.org\/{rel}","templated":true}]}}