{"id":727642,"date":"2025-08-27T20:26:06","date_gmt":"2025-08-27T17:26:06","guid":{"rendered":"https:\/\/roveyayinevi.com.tr\/index.php\/urun\/metastaz-2-cendere\/"},"modified":"2026-04-16T02:35:23","modified_gmt":"2026-04-15T23:35:23","slug":"metastaz-2-cendere","status":"publish","type":"product","link":"https:\/\/roveyayinevi.com.tr\/index.php\/urun\/metastaz-2-cendere\/","title":{"rendered":"Metastaz 2 &#8211; Cendere"},"content":{"rendered":"<p>\u201cOkudu\u011fumuz kitap bir yumruk gibi tepemize inip bizi uyand\u0131rmad\u0131ktan sonra neye yarar?\u201d Franz Kafka CHP\u2019li Belediye Ba\u015fkanlar\u0131 \u0130mamo\u011flu ve \u00c7er\u00e7io\u011flu i\u00e7in yap\u0131lan ahlaks\u0131z teklifin arkas\u0131nda hangi AKP\u2019li Bakan vard\u0131? Pelikanc\u0131lar AKP i\u00e7inde hangi operasyonlar\u0131 yapt\u0131 ve kimleri fi\u015fledi? Yarg\u0131n\u0131n arka odalar\u0131nda hangi ses kay\u0131tlar\u0131 dola\u015f\u0131yor? Holding patronu cinayetinin \u00fcst\u00fc hangi yollarla kapat\u0131lmak istendi? Hakimler ve savc\u0131lar gizlenen skandallar\u0131 ilk kez nas\u0131l anlatt\u0131? Adliyeye getirilen ve i\u00e7inde 260 bin dolar olan \u00e7antan\u0131n s\u0131rr\u0131 neydi?  Nurcular devlet i\u00e7inde nas\u0131l bir a\u011f kurdu? Yarg\u0131daki Pelikan-Hakyol m\u00fccadelesinin perde arkas\u0131nda ne vard\u0131?  F E T \u00d6 borsas\u0131n\u0131n belgesinde neler yaz\u0131yordu?  AKP\u2019li bakanlar aras\u0131ndaki kavgan\u0131n bilinmeyen nedeni ne?  Diyanet\u2019in gizli tarikatlar raporu nas\u0131l s\u0131zd\u0131?  \u00d6ld\u00fcr\u00fclen AKP y\u00f6neticisinin e\u015fi sessizli\u011fini bozup neler anlatt\u0131? 15 Temmuz raporu asl\u0131nda neden bas\u0131lmad\u0131?  Kartal \u0130mam Hatip mezunu olmak devlette hangi kap\u0131lar\u0131 a\u00e7\u0131yor?  Erdo\u011fan\u2019\u0131n yak\u0131n\u0131n\u0131 hayata d\u00f6nd\u00fcren ismin ba\u015f\u0131na neler geldi? Bar\u0131\u015f Terko\u011flu ve Bar\u0131\u015f Pehlivan, devlette yarat\u0131lan \u00e7\u00fcr\u00fcmeyi ve herkesin hissetti\u011fi cendereyi belgeliyor. \u201cMetastaz 2: CENDERE\u201d \u00e7arp\u0131c\u0131 bir gazetecilik ara\u015ft\u0131rmas\u0131 olarak tarihe ge\u00e7ecek. <\/p>\n","protected":false},"excerpt":{"rendered":"<p>\u201cOkudu\u011fumuz kitap bir yumruk gibi tepemize inip bizi uyand\u0131rmad\u0131ktan sonra neye yarar?\u201d Franz Kafka CHP\u2019li Belediye Ba\u015fkanlar\u0131 \u0130mamo\u011flu ve \u00c7er\u00e7io\u011flu i\u00e7in yap\u0131lan ahlaks\u0131z teklifin arkas\u0131nda hangi<span class=\"excerpt-hellip\"> [\u2026]<\/span><\/p>\n","protected":false},"featured_media":0,"template":"","meta":{"_monsterinsights_skip_tracking":false,"_monsterinsights_sitenote_active":false,"_monsterinsights_sitenote_note":"","_monsterinsights_sitenote_category":0},"product_brand":[],"product_cat":[13590,12337],"product_tag":[],"class_list":{"0":"post-727642","1":"product","2":"type-product","3":"status-publish","5":"product_cat-arastirma-inceleme-politika-siyaset","6":"product_cat-politika-siyaset","7":"pa_cilt-ciltsiz","8":"pa_tur-kitap","9":"pa_yayinevi-kirmizi-kedi-yayinevi","10":"pa_yazar-baris-pehlivan-baris-terkoglu","12":"first","13":"instock","14":"sale","15":"shipping-taxable","16":"purchasable","17":"product-type-simple"},"_links":{"self":[{"href":"https:\/\/roveyayinevi.com.tr\/index.php\/wp-json\/wp\/v2\/product\/727642","targetHints":{"allow":["GET"]}}],"collection":[{"href":"https:\/\/roveyayinevi.com.tr\/index.php\/wp-json\/wp\/v2\/product"}],"about":[{"href":"https:\/\/roveyayinevi.com.tr\/index.php\/wp-json\/wp\/v2\/types\/product"}],"wp:attachment":[{"href":"https:\/\/roveyayinevi.com.tr\/index.php\/wp-json\/wp\/v2\/media?parent=727642"}],"wp:term":[{"taxonomy":"product_brand","embeddable":true,"href":"https:\/\/roveyayinevi.com.tr\/index.php\/wp-json\/wp\/v2\/product_brand?post=727642"},{"taxonomy":"product_cat","embeddable":true,"href":"https:\/\/roveyayinevi.com.tr\/index.php\/wp-json\/wp\/v2\/product_cat?post=727642"},{"taxonomy":"product_tag","embeddable":true,"href":"https:\/\/roveyayinevi.com.tr\/index.php\/wp-json\/wp\/v2\/product_tag?post=727642"}],"curies":[{"name":"wp","href":"https:\/\/api.w.org\/{rel}","templated":true}]}}