{"id":727640,"date":"2025-08-27T20:26:04","date_gmt":"2025-08-27T17:26:04","guid":{"rendered":"https:\/\/roveyayinevi.com.tr\/index.php\/urun\/aska-mahkum-hz-yusuf\/"},"modified":"2026-04-16T02:35:23","modified_gmt":"2026-04-15T23:35:23","slug":"aska-mahkum-hz-yusuf","status":"publish","type":"product","link":"https:\/\/roveyayinevi.com.tr\/index.php\/urun\/aska-mahkum-hz-yusuf\/","title":{"rendered":"A\u015fka Mahkum Hz. Yusuf"},"content":{"rendered":"<p>Hz. Yusuf\u2019un ilk g\u00f6mle\u011fi olan kanl\u0131 g\u00f6mlek, masumiyet g\u00f6mle\u011fidir ve \u00e7ocukluk d\u00f6nemini ifade etmektedir. Masumiyet her \u00e7ocu\u011fun do\u011fal giysisidir, g\u00fczelli\u011fidir. Hz. Yusuf\u2019un masumiyeti ile \u00f6zde\u015fle\u015fen g\u00f6mle\u011fini hile ve oyunla indirdiler. Hz. Yusuf, g\u00f6mle\u011fini \u00e7\u0131kard\u0131, \u00e7ocuk akl\u0131 ile oyuna girdi. Kendisine karde\u015flerinin oyun oynad\u0131\u011f\u0131ndan; safiyetini, samimiyetini ve masumiyetini kulland\u0131klar\u0131ndan habersizdi. Onu kurtlardan koruyacaklar\u0131 s\u00f6z\u00fcn\u00fc veren a\u011fabeylerinin kurtlardan daha vah\u015fi olduklar\u0131n\u0131 nereden bilecekti. Hz. Yusuf&#8217;un ikinci g\u00f6mle\u011fi arkadan y\u0131rt\u0131lan iffet g\u00f6mle\u011fiydi. Bu g\u00f6mlek gen\u00e7lik d\u00f6nemini ifade etmektedir. Hz. Yusuf, bu d\u00f6nemde vezirin e\u015fi olan Z\u00fcleyh\u00e2\u2019n\u0131n sald\u0131r\u0131s\u0131na maruz kalm\u0131\u015f, g\u00f6mle\u011fi arkadan y\u0131rt\u0131lm\u0131\u015f ancak g\u00f6mle\u011fini \u00e7\u0131karmam\u0131\u015ft\u0131r. Hz. Yusuf&#8217;un \u00fc\u00e7\u00fcnc\u00fc g\u00f6mle\u011fi ise izzet g\u00f6mle\u011fidir. Bu g\u00f6mlek g\u00fc\u00e7 d\u00f6nemini, olgunluk d\u00f6nemini ifade etmektedir. Bu d\u00f6nemde, kanl\u0131 g\u00f6mle\u011finin aksine, babas\u0131na, \u015fanl\u0131 g\u00f6mle\u011fini g\u00f6ndermi\u015ftir. Kendisini kuyuya atan karde\u015flerini affetmi\u015ftir.  Bu d\u00f6nem \u00e7ocukluk ve gen\u00e7lik d\u00f6neminin devam\u0131 ve h\u00e2s\u0131lat\u0131d\u0131rHz. Yusuf\u2019un ilk g\u00f6mle\u011fi olan kanl\u0131 g\u00f6mlek, masumiyet g\u00f6mle\u011fidir ve \u00e7ocukluk d\u00f6nemini ifade etmektedir. Masumiyet her \u00e7ocu\u011fun do\u011fal giysisidir, g\u00fczelli\u011fidir. Hz. Yusuf\u2019un masumiyeti ile \u00f6zde\u015fle\u015fen g\u00f6mle\u011fini hile ve oyunla indirdiler. Hz. Yusuf, g\u00f6mle\u011fini \u00e7\u0131kard\u0131, \u00e7ocuk akl\u0131 ile oyuna girdi. Kendisine karde\u015flerinin oyun oynad\u0131\u011f\u0131ndan; safiyetini, samimiyetini ve masumiyetini kulland\u0131klar\u0131ndan habersizdi. Onu kurtlardan koruyacaklar\u0131 s\u00f6z\u00fcn\u00fc veren a\u011fabeylerinin kurtlardan daha vah\u015fi olduklar\u0131n\u0131 nereden bilecekti. Hz. Yusuf&#8217;un ikinci g\u00f6mle\u011fi arkadan y\u0131rt\u0131lan iffet g\u00f6mle\u011fiydi. Bu g\u00f6mlek gen\u00e7lik d\u00f6nemini ifade etmektedir. Hz. Yusuf, bu d\u00f6nemde vezirin e\u015fi olan Z\u00fcleyh\u00e2\u2019n\u0131n sald\u0131r\u0131s\u0131na maruz kalm\u0131\u015f, g\u00f6mle\u011fi arkadan y\u0131rt\u0131lm\u0131\u015f ancak g\u00f6mle\u011fini \u00e7\u0131karmam\u0131\u015ft\u0131r. Hz. Yusuf&#8217;un \u00fc\u00e7\u00fcnc\u00fc g\u00f6mle\u011fi ise izzet g\u00f6mle\u011fidir. Bu g\u00f6mlek g\u00fc\u00e7 d\u00f6nemini, olgunluk d\u00f6nemini ifade etmektedir. Bu d\u00f6nemde, kanl\u0131 g\u00f6mle\u011finin aksine, babas\u0131na, \u015fanl\u0131 g\u00f6mle\u011fini g\u00f6ndermi\u015ftir. Kendisini kuyuya atan karde\u015flerini affetmi\u015ftir.  Bu d\u00f6nem \u00e7ocukluk ve gen\u00e7lik d\u00f6neminin devam\u0131 ve h\u00e2s\u0131lat\u0131d\u0131r<\/p>\n","protected":false},"excerpt":{"rendered":"<p>Hz. Yusuf\u2019un ilk g\u00f6mle\u011fi olan kanl\u0131 g\u00f6mlek, masumiyet g\u00f6mle\u011fidir ve \u00e7ocukluk d\u00f6nemini ifade etmektedir. Masumiyet her \u00e7ocu\u011fun do\u011fal giysisidir, g\u00fczelli\u011fidir. Hz. Yusuf\u2019un masumiyeti ile \u00f6zde\u015fle\u015fen g\u00f6mle\u011fini<span class=\"excerpt-hellip\"> [\u2026]<\/span><\/p>\n","protected":false},"featured_media":0,"template":"","meta":{"_monsterinsights_skip_tracking":false,"_monsterinsights_sitenote_active":false,"_monsterinsights_sitenote_note":"","_monsterinsights_sitenote_category":0},"product_brand":[],"product_cat":[12718,18102,12719],"product_tag":[],"class_list":{"0":"post-727640","1":"product","2":"type-product","3":"status-publish","5":"product_cat-din","6":"product_cat-edebiyat-roman","7":"product_cat-islam","8":"pa_cilt-ciltsiz","9":"pa_tur-kitap","10":"pa_yayinevi-cinaralti-yayinlari","11":"pa_yazar-tahsin-akcay","13":"first","14":"instock","15":"sale","16":"shipping-taxable","17":"purchasable","18":"product-type-simple"},"_links":{"self":[{"href":"https:\/\/roveyayinevi.com.tr\/index.php\/wp-json\/wp\/v2\/product\/727640","targetHints":{"allow":["GET"]}}],"collection":[{"href":"https:\/\/roveyayinevi.com.tr\/index.php\/wp-json\/wp\/v2\/product"}],"about":[{"href":"https:\/\/roveyayinevi.com.tr\/index.php\/wp-json\/wp\/v2\/types\/product"}],"wp:attachment":[{"href":"https:\/\/roveyayinevi.com.tr\/index.php\/wp-json\/wp\/v2\/media?parent=727640"}],"wp:term":[{"taxonomy":"product_brand","embeddable":true,"href":"https:\/\/roveyayinevi.com.tr\/index.php\/wp-json\/wp\/v2\/product_brand?post=727640"},{"taxonomy":"product_cat","embeddable":true,"href":"https:\/\/roveyayinevi.com.tr\/index.php\/wp-json\/wp\/v2\/product_cat?post=727640"},{"taxonomy":"product_tag","embeddable":true,"href":"https:\/\/roveyayinevi.com.tr\/index.php\/wp-json\/wp\/v2\/product_tag?post=727640"}],"curies":[{"name":"wp","href":"https:\/\/api.w.org\/{rel}","templated":true}]}}