{"id":727639,"date":"2025-08-27T20:26:04","date_gmt":"2025-08-27T17:26:04","guid":{"rendered":"https:\/\/roveyayinevi.com.tr\/index.php\/urun\/temel-dini-bilgiler\/"},"modified":"2026-04-16T02:35:23","modified_gmt":"2026-04-15T23:35:23","slug":"temel-dini-bilgiler","status":"publish","type":"product","link":"https:\/\/roveyayinevi.com.tr\/index.php\/urun\/temel-dini-bilgiler\/","title":{"rendered":"Temel Dini Bilgiler"},"content":{"rendered":"<p>Y\u00fcce dinimiz \u0130slam&#8217;\u0131n inan\u00e7\/itikat esaslar\u0131n\u0131n, ibadete dair konular\u0131n, ahlaki de\u011ferlerin ve Peygamberimizin (sav) hayat\u0131n\u0131n soru-cevap yoluyla a\u00e7\u0131kland\u0131\u011f\u0131 bu \u00e7al\u0131\u015fma; daha \u00e7ok yaz d\u00f6neminde din\u00ee e\u011fitim alan \u00e7ocuklar\u0131m\u0131z\u0131n ve gen\u00e7lerimizin faydalanabilece\u011fi \u015fekilde haz\u0131rlanm\u0131\u015ft\u0131r. Kitab\u0131n son b\u00f6l\u00fcm\u00fcnde ise genel k\u00fclt\u00fcr olarak her M\u00fcsl\u00fcman taraf\u0131ndan bilinmesi gereken hususlar\u0131 i\u00e7eren bu b\u00f6l\u00fcm bulunmaktad\u0131r. Konular Kur&#8217;an Kerim ve hadis-i \u015feriflerden \u00f6rneklerle a\u00e7\u0131klanm\u0131\u015f ve g\u00fczel hikayelerle desteklenmi\u015ftir. <\/p>\n","protected":false},"excerpt":{"rendered":"<p>Y\u00fcce dinimiz \u0130slam&#8217;\u0131n inan\u00e7\/itikat esaslar\u0131n\u0131n, ibadete dair konular\u0131n, ahlaki de\u011ferlerin ve Peygamberimizin (sav) hayat\u0131n\u0131n soru-cevap yoluyla a\u00e7\u0131kland\u0131\u011f\u0131 bu \u00e7al\u0131\u015fma; daha \u00e7ok yaz d\u00f6neminde din\u00ee e\u011fitim alan<span class=\"excerpt-hellip\"> [\u2026]<\/span><\/p>\n","protected":false},"featured_media":0,"template":"","meta":{"_monsterinsights_skip_tracking":false,"_monsterinsights_sitenote_active":false,"_monsterinsights_sitenote_note":"","_monsterinsights_sitenote_category":0},"product_brand":[],"product_cat":[12718,12719],"product_tag":[],"class_list":{"0":"post-727639","1":"product","2":"type-product","3":"status-publish","5":"product_cat-din","6":"product_cat-islam","7":"pa_cilt-ciltsiz","8":"pa_tur-kitap","9":"pa_yayinevi-cinaralti-yayinlari","10":"pa_yazar-saliha-demir","12":"first","13":"instock","14":"sale","15":"shipping-taxable","16":"purchasable","17":"product-type-simple"},"_links":{"self":[{"href":"https:\/\/roveyayinevi.com.tr\/index.php\/wp-json\/wp\/v2\/product\/727639","targetHints":{"allow":["GET"]}}],"collection":[{"href":"https:\/\/roveyayinevi.com.tr\/index.php\/wp-json\/wp\/v2\/product"}],"about":[{"href":"https:\/\/roveyayinevi.com.tr\/index.php\/wp-json\/wp\/v2\/types\/product"}],"wp:attachment":[{"href":"https:\/\/roveyayinevi.com.tr\/index.php\/wp-json\/wp\/v2\/media?parent=727639"}],"wp:term":[{"taxonomy":"product_brand","embeddable":true,"href":"https:\/\/roveyayinevi.com.tr\/index.php\/wp-json\/wp\/v2\/product_brand?post=727639"},{"taxonomy":"product_cat","embeddable":true,"href":"https:\/\/roveyayinevi.com.tr\/index.php\/wp-json\/wp\/v2\/product_cat?post=727639"},{"taxonomy":"product_tag","embeddable":true,"href":"https:\/\/roveyayinevi.com.tr\/index.php\/wp-json\/wp\/v2\/product_tag?post=727639"}],"curies":[{"name":"wp","href":"https:\/\/api.w.org\/{rel}","templated":true}]}}