{"id":727636,"date":"2025-08-27T20:26:01","date_gmt":"2025-08-27T17:26:01","guid":{"rendered":"https:\/\/roveyayinevi.com.tr\/index.php\/urun\/ibni-sina\/"},"modified":"2026-04-16T02:35:23","modified_gmt":"2026-04-15T23:35:23","slug":"ibni-sina","status":"publish","type":"product","link":"https:\/\/roveyayinevi.com.tr\/index.php\/urun\/ibni-sina\/","title":{"rendered":"\u0130bni Sina"},"content":{"rendered":"<p>Onlar, konulara farkl\u0131 a\u00e7\u0131lardan yakla\u015fan ve o g\u00fcne dek kimsenin bulamad\u0131\u011f\u0131 y\u00f6ntemler geli\u015ftiren d\u00e2hilerdi. Uygulad\u0131klar\u0131 y\u00f6ntemlerle, yazd\u0131klar\u0131 kitaplarla, verdikleri eserlerle ya\u015fad\u0131klar\u0131 d\u00f6nemin \u00f6tesine ge\u00e7tiler ve toplumlar\u0131 ileri ta\u015f\u0131d\u0131lar. \u0130\u015fte, \u00fcnl\u00fc T\u00fcrk d\u00e2hilerinin ilgi \u00e7ekici ya\u015famlar\u0131!K\u00fc\u00e7\u00fck ya\u015fta dersler almaya ve kitap okumaya ba\u015flad\u0131. On alt\u0131 ya\u015f\u0131ndayken hastalar\u0131 tedavi ediyordu. Ya\u015fad\u0131\u011f\u0131 d\u00f6nemin en \u00f6nemli hekimlerinden olan \u0130bni Sina, o kadar \u00fcnl\u00fcyd\u00fc ki onun hakk\u0131nda efsaneler yay\u0131ld\u0131. Efsanelerin aksine \u0130bni Sina ne bir prens ne de bir masal kahraman\u0131yd\u0131&#8230;<\/p>\n","protected":false},"excerpt":{"rendered":"<p>Onlar, konulara farkl\u0131 a\u00e7\u0131lardan yakla\u015fan ve o g\u00fcne dek kimsenin bulamad\u0131\u011f\u0131 y\u00f6ntemler geli\u015ftiren d\u00e2hilerdi. Uygulad\u0131klar\u0131 y\u00f6ntemlerle, yazd\u0131klar\u0131 kitaplarla, verdikleri eserlerle ya\u015fad\u0131klar\u0131 d\u00f6nemin \u00f6tesine ge\u00e7tiler ve toplumlar\u0131<span class=\"excerpt-hellip\"> [\u2026]<\/span><\/p>\n","protected":false},"featured_media":0,"template":"","meta":{"_monsterinsights_skip_tracking":false,"_monsterinsights_sitenote_active":false,"_monsterinsights_sitenote_note":"","_monsterinsights_sitenote_category":0},"product_brand":[],"product_cat":[12274,12631],"product_tag":[],"class_list":{"0":"post-727636","1":"product","2":"type-product","3":"status-publish","5":"product_cat-cocuk-ve-genclik-kitaplari","6":"product_cat-diger-cocuk-ve-genclik-kitaplari","7":"pa_cilt-ciltsiz","8":"pa_tur-kitap","9":"pa_yayinevi-beyaz-balina-yayinlari","10":"pa_yazar-tuna-duran","12":"first","13":"instock","14":"sale","15":"shipping-taxable","16":"purchasable","17":"product-type-simple"},"_links":{"self":[{"href":"https:\/\/roveyayinevi.com.tr\/index.php\/wp-json\/wp\/v2\/product\/727636","targetHints":{"allow":["GET"]}}],"collection":[{"href":"https:\/\/roveyayinevi.com.tr\/index.php\/wp-json\/wp\/v2\/product"}],"about":[{"href":"https:\/\/roveyayinevi.com.tr\/index.php\/wp-json\/wp\/v2\/types\/product"}],"wp:attachment":[{"href":"https:\/\/roveyayinevi.com.tr\/index.php\/wp-json\/wp\/v2\/media?parent=727636"}],"wp:term":[{"taxonomy":"product_brand","embeddable":true,"href":"https:\/\/roveyayinevi.com.tr\/index.php\/wp-json\/wp\/v2\/product_brand?post=727636"},{"taxonomy":"product_cat","embeddable":true,"href":"https:\/\/roveyayinevi.com.tr\/index.php\/wp-json\/wp\/v2\/product_cat?post=727636"},{"taxonomy":"product_tag","embeddable":true,"href":"https:\/\/roveyayinevi.com.tr\/index.php\/wp-json\/wp\/v2\/product_tag?post=727636"}],"curies":[{"name":"wp","href":"https:\/\/api.w.org\/{rel}","templated":true}]}}