{"id":727635,"date":"2025-08-27T20:26:00","date_gmt":"2025-08-27T17:26:00","guid":{"rendered":"https:\/\/roveyayinevi.com.tr\/index.php\/urun\/farabi-2\/"},"modified":"2026-04-16T02:35:23","modified_gmt":"2026-04-15T23:35:23","slug":"farabi-2","status":"publish","type":"product","link":"https:\/\/roveyayinevi.com.tr\/index.php\/urun\/farabi-2\/","title":{"rendered":"Farabi"},"content":{"rendered":"<p>Onlar, konulara farkl\u0131 a\u00e7\u0131lardan yakla\u015fan ve o g\u00fcne dek kimsenin bulamad\u0131\u011f\u0131 y\u00f6ntemler geli\u015ftiren d\u00e2hilerdi. Uygulad\u0131klar\u0131 y\u00f6ntemlerle, yazd\u0131klar\u0131 kitaplarla, verdikleri eserlerle ya\u015fad\u0131klar\u0131 d\u00f6nemin \u00f6tesine ge\u00e7tiler ve toplumlar\u0131 ileri ta\u015f\u0131d\u0131lar. \u0130\u015fte, \u00fcnl\u00fc T\u00fcrk d\u00e2hilerinin ilgi \u00e7ekici ya\u015famlar\u0131!\u00c7ocukluk y\u0131llar\u0131nda bah\u00e7elerde bek\u00e7ilik yap\u0131yordu, do\u011faya \u00e7ok merakl\u0131yd\u0131. Bu merak\u0131 onu, do\u011fay\u0131 incelemeye ve ara\u015ft\u0131rmaya itti. Yeti\u015fkin oldu\u011funda ara\u015ft\u0131rd\u0131\u011f\u0131 konularla ilgili kitaplar yazmaya ba\u015flad\u0131. Felsefe, mant\u0131k, fizik, astronomi ve m\u00fczik alanlar\u0131nda \u00e7ok say\u0131da kitap yazd\u0131.<\/p>\n","protected":false},"excerpt":{"rendered":"<p>Onlar, konulara farkl\u0131 a\u00e7\u0131lardan yakla\u015fan ve o g\u00fcne dek kimsenin bulamad\u0131\u011f\u0131 y\u00f6ntemler geli\u015ftiren d\u00e2hilerdi. Uygulad\u0131klar\u0131 y\u00f6ntemlerle, yazd\u0131klar\u0131 kitaplarla, verdikleri eserlerle ya\u015fad\u0131klar\u0131 d\u00f6nemin \u00f6tesine ge\u00e7tiler ve toplumlar\u0131<span class=\"excerpt-hellip\"> [\u2026]<\/span><\/p>\n","protected":false},"featured_media":0,"template":"","meta":{"_monsterinsights_skip_tracking":false,"_monsterinsights_sitenote_active":false,"_monsterinsights_sitenote_note":"","_monsterinsights_sitenote_category":0},"product_brand":[],"product_cat":[12274,12631],"product_tag":[],"class_list":{"0":"post-727635","1":"product","2":"type-product","3":"status-publish","5":"product_cat-cocuk-ve-genclik-kitaplari","6":"product_cat-diger-cocuk-ve-genclik-kitaplari","7":"pa_cilt-ciltsiz","8":"pa_tur-kitap","9":"pa_yayinevi-beyaz-balina-yayinlari","10":"pa_yazar-tuna-duran","12":"first","13":"instock","14":"sale","15":"shipping-taxable","16":"purchasable","17":"product-type-simple"},"_links":{"self":[{"href":"https:\/\/roveyayinevi.com.tr\/index.php\/wp-json\/wp\/v2\/product\/727635","targetHints":{"allow":["GET"]}}],"collection":[{"href":"https:\/\/roveyayinevi.com.tr\/index.php\/wp-json\/wp\/v2\/product"}],"about":[{"href":"https:\/\/roveyayinevi.com.tr\/index.php\/wp-json\/wp\/v2\/types\/product"}],"wp:attachment":[{"href":"https:\/\/roveyayinevi.com.tr\/index.php\/wp-json\/wp\/v2\/media?parent=727635"}],"wp:term":[{"taxonomy":"product_brand","embeddable":true,"href":"https:\/\/roveyayinevi.com.tr\/index.php\/wp-json\/wp\/v2\/product_brand?post=727635"},{"taxonomy":"product_cat","embeddable":true,"href":"https:\/\/roveyayinevi.com.tr\/index.php\/wp-json\/wp\/v2\/product_cat?post=727635"},{"taxonomy":"product_tag","embeddable":true,"href":"https:\/\/roveyayinevi.com.tr\/index.php\/wp-json\/wp\/v2\/product_tag?post=727635"}],"curies":[{"name":"wp","href":"https:\/\/api.w.org\/{rel}","templated":true}]}}