{"id":727632,"date":"2025-08-27T20:25:57","date_gmt":"2025-08-27T17:25:57","guid":{"rendered":"https:\/\/roveyayinevi.com.tr\/index.php\/urun\/bir-ben-vardir-benden-iceri\/"},"modified":"2026-04-16T02:35:23","modified_gmt":"2026-04-15T23:35:23","slug":"bir-ben-vardir-benden-iceri","status":"publish","type":"product","link":"https:\/\/roveyayinevi.com.tr\/index.php\/urun\/bir-ben-vardir-benden-iceri\/","title":{"rendered":"Bir Ben Vard\u0131r Benden \u0130\u00e7eri"},"content":{"rendered":"<p>Edebiyat ve sanat\u0131n merkezine insan\u0131 ve onun fertle\u015fme ser\u00fcvenini koyan Tar\u0131k Bu\u011fra hem romanlar\u0131na hem tiyatro eserlerine bunu yans\u0131tm\u0131\u015f, bu y\u00fczden de sadece iyi bir romanc\u0131 de\u011fil ayn\u0131 zamanda tiyatro eserleriyle bir sanat\u00e7\u0131 olarak say\u0131lm\u0131\u015ft\u0131r. Tar\u0131k Bu\u011fra eserlerini T\u00fcrk\u00e7e konusundaki hassasiyetini hep muhafaza ederek yazm\u0131\u015f, roman ve tiyatro gibi eserlerin \u201cen m\u00fckemmel k\u00fclt\u00fcr T\u00fcrk\u00e7esi ile yaz\u0131laca\u011f\u0131n\u0131\u201d savunmu\u015ftur. Her t\u00fcrl\u00fc basmakal\u0131b\u0131 reddetmi\u015f, ba\u011f\u0131ms\u0131z sanat anlay\u0131\u015f\u0131n\u0131 benimsemi\u015f ve bu eserlerdeki tiplemelerle tiyatro yazarlar\u0131 aras\u0131nda ismi hep zikredilmi\u015ftir. Yunus Emre\u2019nin hayat\u0131n\u0131 anlatan Bir Ben Vard\u0131r Benden \u0130\u00e7eri adl\u0131 eseri de onun b\u00fct\u00fcn bu y\u00f6nlerini yans\u0131tm\u0131\u015f, tiyatronun geli\u015fimine katk\u0131da bulunmu\u015ftur.<\/p>\n","protected":false},"excerpt":{"rendered":"<p>Edebiyat ve sanat\u0131n merkezine insan\u0131 ve onun fertle\u015fme ser\u00fcvenini koyan Tar\u0131k Bu\u011fra hem romanlar\u0131na hem tiyatro eserlerine bunu yans\u0131tm\u0131\u015f, bu y\u00fczden de sadece iyi bir romanc\u0131<span class=\"excerpt-hellip\"> [\u2026]<\/span><\/p>\n","protected":false},"featured_media":0,"template":"","meta":{"_monsterinsights_skip_tracking":false,"_monsterinsights_sitenote_active":false,"_monsterinsights_sitenote_note":"","_monsterinsights_sitenote_category":0},"product_brand":[],"product_cat":[12409,12408],"product_tag":[],"class_list":{"0":"post-727632","1":"product","2":"type-product","3":"status-publish","5":"product_cat-fotograf-sinema-tiyatro","6":"product_cat-sanat","7":"pa_cilt-ciltsiz","8":"pa_tur-kitap","9":"pa_yayinevi-otuken-nesriyat","10":"pa_yazar-tarik-bugra","12":"first","13":"instock","14":"sale","15":"shipping-taxable","16":"purchasable","17":"product-type-simple"},"_links":{"self":[{"href":"https:\/\/roveyayinevi.com.tr\/index.php\/wp-json\/wp\/v2\/product\/727632","targetHints":{"allow":["GET"]}}],"collection":[{"href":"https:\/\/roveyayinevi.com.tr\/index.php\/wp-json\/wp\/v2\/product"}],"about":[{"href":"https:\/\/roveyayinevi.com.tr\/index.php\/wp-json\/wp\/v2\/types\/product"}],"wp:attachment":[{"href":"https:\/\/roveyayinevi.com.tr\/index.php\/wp-json\/wp\/v2\/media?parent=727632"}],"wp:term":[{"taxonomy":"product_brand","embeddable":true,"href":"https:\/\/roveyayinevi.com.tr\/index.php\/wp-json\/wp\/v2\/product_brand?post=727632"},{"taxonomy":"product_cat","embeddable":true,"href":"https:\/\/roveyayinevi.com.tr\/index.php\/wp-json\/wp\/v2\/product_cat?post=727632"},{"taxonomy":"product_tag","embeddable":true,"href":"https:\/\/roveyayinevi.com.tr\/index.php\/wp-json\/wp\/v2\/product_tag?post=727632"}],"curies":[{"name":"wp","href":"https:\/\/api.w.org\/{rel}","templated":true}]}}