{"id":727631,"date":"2025-08-27T20:25:56","date_gmt":"2025-08-27T17:25:56","guid":{"rendered":"https:\/\/roveyayinevi.com.tr\/index.php\/urun\/zafer-gaye-degildir\/"},"modified":"2026-04-16T02:35:23","modified_gmt":"2026-04-15T23:35:23","slug":"zafer-gaye-degildir","status":"publish","type":"product","link":"https:\/\/roveyayinevi.com.tr\/index.php\/urun\/zafer-gaye-degildir\/","title":{"rendered":"Zafer Gaye De\u011fildir"},"content":{"rendered":"<p>Romanlar\u0131, tiyatro oyunlar\u0131 ve senaryolar\u0131yla \u00e7ok y\u00f6nl\u00fc bir yazar olan Tar\u0131k Bu\u011fra\u2019n\u0131n Zafer Gaye De\u011fildir isimli senaryosu, sonucu veya sonuca giden yoldaki \u00e7arp\u0131c\u0131 olaylar\u0131 ve ba\u015far\u0131lar\u0131 de\u011fil, Mustafa Kem\u00e2l\u2019in Atat\u00fcrkl\u00fc\u011fe, ger\u00e7ek s\u00f6yleni\u015fi ile de T\u00fcrkiye\u2019nin ve T\u00fcrkl\u00fc\u011f\u00fcn ger\u00e7ek kurtulu\u015funa y\u00f6neli\u015f d\u00f6nemini anlat\u0131r. Hi\u00e7bir zafer gaye de\u011fildir. Zafer ancak kendisinden daha b\u00fcy\u00fck bir gayeyi elde etmek i\u00e7in belli ba\u015fl\u0131 vas\u0131tad\u0131r. Gaye fikirdir. Zafer, bir fikrin istihsal ve hizmet nisbetinde k\u0131ymet ifade eder. Bir fikrin istihsaline dayanmayan zafer payidar olamaz. O, bo\u015f bir gayrettir. Gazi Mustafa Kemal ATAT\u00dcRK<\/p>\n","protected":false},"excerpt":{"rendered":"<p>Romanlar\u0131, tiyatro oyunlar\u0131 ve senaryolar\u0131yla \u00e7ok y\u00f6nl\u00fc bir yazar olan Tar\u0131k Bu\u011fra\u2019n\u0131n Zafer Gaye De\u011fildir isimli senaryosu, sonucu veya sonuca giden yoldaki \u00e7arp\u0131c\u0131 olaylar\u0131 ve ba\u015far\u0131lar\u0131<span class=\"excerpt-hellip\"> [\u2026]<\/span><\/p>\n","protected":false},"featured_media":0,"template":"","meta":{"_monsterinsights_skip_tracking":false,"_monsterinsights_sitenote_active":false,"_monsterinsights_sitenote_note":"","_monsterinsights_sitenote_category":0},"product_brand":[],"product_cat":[12409,12408],"product_tag":[],"class_list":{"0":"post-727631","1":"product","2":"type-product","3":"status-publish","5":"product_cat-fotograf-sinema-tiyatro","6":"product_cat-sanat","7":"pa_cilt-ciltsiz","8":"pa_tur-kitap","9":"pa_yayinevi-otuken-nesriyat","10":"pa_yazar-tarik-bugra","12":"first","13":"instock","14":"sale","15":"shipping-taxable","16":"purchasable","17":"product-type-simple"},"_links":{"self":[{"href":"https:\/\/roveyayinevi.com.tr\/index.php\/wp-json\/wp\/v2\/product\/727631","targetHints":{"allow":["GET"]}}],"collection":[{"href":"https:\/\/roveyayinevi.com.tr\/index.php\/wp-json\/wp\/v2\/product"}],"about":[{"href":"https:\/\/roveyayinevi.com.tr\/index.php\/wp-json\/wp\/v2\/types\/product"}],"wp:attachment":[{"href":"https:\/\/roveyayinevi.com.tr\/index.php\/wp-json\/wp\/v2\/media?parent=727631"}],"wp:term":[{"taxonomy":"product_brand","embeddable":true,"href":"https:\/\/roveyayinevi.com.tr\/index.php\/wp-json\/wp\/v2\/product_brand?post=727631"},{"taxonomy":"product_cat","embeddable":true,"href":"https:\/\/roveyayinevi.com.tr\/index.php\/wp-json\/wp\/v2\/product_cat?post=727631"},{"taxonomy":"product_tag","embeddable":true,"href":"https:\/\/roveyayinevi.com.tr\/index.php\/wp-json\/wp\/v2\/product_tag?post=727631"}],"curies":[{"name":"wp","href":"https:\/\/api.w.org\/{rel}","templated":true}]}}