{"id":727630,"date":"2025-08-27T20:25:56","date_gmt":"2025-08-27T17:25:56","guid":{"rendered":"https:\/\/roveyayinevi.com.tr\/index.php\/urun\/ruhun-egitimi\/"},"modified":"2026-04-16T02:35:23","modified_gmt":"2026-04-15T23:35:23","slug":"ruhun-egitimi","status":"publish","type":"product","link":"https:\/\/roveyayinevi.com.tr\/index.php\/urun\/ruhun-egitimi\/","title":{"rendered":"Ruhun E\u011fitimi"},"content":{"rendered":"<p>Tasavvufta kullan\u0131lan zikir, sohbet, riyazet, dua, halvet gibi metodlar \u00e7ocuk e\u011fitiminde de kullan\u0131labilir. Zikir, a\u015fina olmakt\u0131r. \u00c7ocu\u011fun dima\u011f\u0131n\u0131 zikir ile \u015fekillendirmek son derece kolayd\u0131r. Hemhal ve hem dem olunan bedene, zihne, ruha zikir ile ula\u015f\u0131l\u0131r. Sohbet ise \u00e7ocuk e\u011fitiminde zahmetsiz bir o kadar da etkili bir ara\u00e7t\u0131r. \u00c7\u00fcnk\u00fc \u00e7ocuk telkine a\u00e7\u0131kt\u0131r. Tasavvufun, e\u011fitimde ba\u015far\u0131y\u0131 yakalamas\u0131n\u0131n en \u00f6nemli sebebi ise Allah ve insan aras\u0131ndaki m\u00fcnasebeti diri tutmas\u0131 ve f\u0131trat kanunu \u00fczere bir e\u011fitim metodu uygulamas\u0131d\u0131r. Allah ile kul aras\u0131ndaki \u00e7\u00f6z\u00fclmez ba\u011f, dua ile a\u015fik\u00e2r olmaktad\u0131r. \u00c7ocuk ya\u015fta duaya a\u00e7\u0131lan eller, yeti\u015fkinli\u011finde g\u00fc\u00e7l\u00fc bir psikoloji ve sa\u011flam bir iradeye sahip olacakt\u0131r. \u00c7ocuk e\u011fitiminde tasavvuf\u00ee y\u00f6ntemlere ba\u015fvurulmas\u0131n\u0131 tavsiye eden \u201cRuhun E\u011fitimi\u201d, anne-baba ile e\u011fitimcilerin mutlaka okumas\u0131 gereken bir ba\u015fucu kitab\u0131d\u0131r. <\/p>\n","protected":false},"excerpt":{"rendered":"<p>Tasavvufta kullan\u0131lan zikir, sohbet, riyazet, dua, halvet gibi metodlar \u00e7ocuk e\u011fitiminde de kullan\u0131labilir. Zikir, a\u015fina olmakt\u0131r. \u00c7ocu\u011fun dima\u011f\u0131n\u0131 zikir ile \u015fekillendirmek son derece kolayd\u0131r. Hemhal ve<span class=\"excerpt-hellip\"> [\u2026]<\/span><\/p>\n","protected":false},"featured_media":0,"template":"","meta":{"_monsterinsights_skip_tracking":false,"_monsterinsights_sitenote_active":false,"_monsterinsights_sitenote_note":"","_monsterinsights_sitenote_category":0},"product_brand":[],"product_cat":[12718,12719,15238],"product_tag":[],"class_list":{"0":"post-727630","1":"product","2":"type-product","3":"status-publish","5":"product_cat-din","6":"product_cat-islam","7":"product_cat-tasavvuf","8":"pa_cilt-ciltsiz","9":"pa_tur-kitap","10":"pa_yayinevi-cinaralti-yayinlari","11":"pa_yazar-rukiye-merve-ay","13":"first","14":"instock","15":"sale","16":"shipping-taxable","17":"purchasable","18":"product-type-simple"},"_links":{"self":[{"href":"https:\/\/roveyayinevi.com.tr\/index.php\/wp-json\/wp\/v2\/product\/727630","targetHints":{"allow":["GET"]}}],"collection":[{"href":"https:\/\/roveyayinevi.com.tr\/index.php\/wp-json\/wp\/v2\/product"}],"about":[{"href":"https:\/\/roveyayinevi.com.tr\/index.php\/wp-json\/wp\/v2\/types\/product"}],"wp:attachment":[{"href":"https:\/\/roveyayinevi.com.tr\/index.php\/wp-json\/wp\/v2\/media?parent=727630"}],"wp:term":[{"taxonomy":"product_brand","embeddable":true,"href":"https:\/\/roveyayinevi.com.tr\/index.php\/wp-json\/wp\/v2\/product_brand?post=727630"},{"taxonomy":"product_cat","embeddable":true,"href":"https:\/\/roveyayinevi.com.tr\/index.php\/wp-json\/wp\/v2\/product_cat?post=727630"},{"taxonomy":"product_tag","embeddable":true,"href":"https:\/\/roveyayinevi.com.tr\/index.php\/wp-json\/wp\/v2\/product_tag?post=727630"}],"curies":[{"name":"wp","href":"https:\/\/api.w.org\/{rel}","templated":true}]}}