{"id":727627,"date":"2025-08-27T20:25:10","date_gmt":"2025-08-27T17:25:10","guid":{"rendered":"https:\/\/roveyayinevi.com.tr\/index.php\/urun\/cokus-2\/"},"modified":"2026-04-03T02:42:55","modified_gmt":"2026-04-02T23:42:55","slug":"cokus-2","status":"publish","type":"product","link":"https:\/\/roveyayinevi.com.tr\/index.php\/urun\/cokus-2\/","title":{"rendered":"\u00c7\u00f6k\u00fc\u015f"},"content":{"rendered":"<p>Kitleler, bir yerlerden bir yerlere s\u00fcr\u00fckleniyordu; i\u00e7inde insanlarla\u2026 D\u00fc\u015f\u00fcnceler, de\u011fi\u015fime u\u011fruyordu; k\u00f6kle\u015fmi\u015f yarg\u0131larla\u2026 Haritalar, yeniden \u00e7iziliyordu; \u00fczerindeki devletlerle\u2026 Devletler, kendilerini kampla\u015fmalar\u0131n i\u00e7inde buluyordu; i\u00e7inde ordularla\u2026 Karanl\u0131\u011fa do\u011fru evrilen bir g\u00fcn gibiydi ya\u015fan\u0131lanlar ve o g\u00fcn\u00fcn gecesinden do\u011facak olan ama dillendirilmeyen bir \u015fafakt\u0131 beklenilen. 1908 ihtilali sonras\u0131 yeni d\u00f6nemde kendini \u00f6nce Trablusgarp, sonra Balkan ve nihayet d\u00f6rt bir yan\u0131 ate\u015f \u00e7emberi ile sar\u0131lm\u0131\u015f vaziyette Cihan Harbi\u2019nin i\u00e7inde bulan T\u00fcrkiye\u2019nin panoramas\u0131nda manzara-i umumiye buydu. \u201cMah\u015ferin Yaln\u0131z\u0131\u201d; cepheden cepheye s\u00fcr\u00fcklenen M\u00fchendis Ali ile bu savrulmalar\u0131n \u00e7\u00f6k\u00fc\u015fe evirildi\u011fi y\u0131llarda kar\u015f\u0131s\u0131na bir g\u00fcne\u015f gibi do\u011fan muallim namzedi Samiha\u2019ya kar\u015f\u0131 duydu\u011fu a\u015fk\u0131n mahremiyeti ile memleketin kaderine ba\u011flanan kaderlerindeki belirsizlikle beklemeye b\u0131rak\u0131lm\u0131\u015f bir vuslat\u0131n kulu\u00e7kas\u0131nda ya\u015fananlar\u0131n hik\u00e2yesidir. <\/p>\n","protected":false},"excerpt":{"rendered":"<p>Kitleler, bir yerlerden bir yerlere s\u00fcr\u00fckleniyordu; i\u00e7inde insanlarla\u2026 D\u00fc\u015f\u00fcnceler, de\u011fi\u015fime u\u011fruyordu; k\u00f6kle\u015fmi\u015f yarg\u0131larla\u2026 Haritalar, yeniden \u00e7iziliyordu; \u00fczerindeki devletlerle\u2026 Devletler, kendilerini kampla\u015fmalar\u0131n i\u00e7inde buluyordu; i\u00e7inde ordularla\u2026 Karanl\u0131\u011fa<span class=\"excerpt-hellip\"> [\u2026]<\/span><\/p>\n","protected":false},"featured_media":0,"template":"","meta":{"_monsterinsights_skip_tracking":false,"_monsterinsights_sitenote_active":false,"_monsterinsights_sitenote_note":"","_monsterinsights_sitenote_category":0},"product_brand":[],"product_cat":[12291,12711],"product_tag":[],"class_list":{"0":"post-727627","1":"product","2":"type-product","3":"status-publish","5":"product_cat-edebiyat","6":"product_cat-roman-oyku","7":"pa_cilt-ciltsiz","8":"pa_tur-kitap","9":"pa_yayinevi-cinaralti-yayinlari","10":"pa_yazar-cavit-kirci","12":"first","13":"instock","14":"sale","15":"shipping-taxable","16":"purchasable","17":"product-type-simple"},"_links":{"self":[{"href":"https:\/\/roveyayinevi.com.tr\/index.php\/wp-json\/wp\/v2\/product\/727627","targetHints":{"allow":["GET"]}}],"collection":[{"href":"https:\/\/roveyayinevi.com.tr\/index.php\/wp-json\/wp\/v2\/product"}],"about":[{"href":"https:\/\/roveyayinevi.com.tr\/index.php\/wp-json\/wp\/v2\/types\/product"}],"wp:attachment":[{"href":"https:\/\/roveyayinevi.com.tr\/index.php\/wp-json\/wp\/v2\/media?parent=727627"}],"wp:term":[{"taxonomy":"product_brand","embeddable":true,"href":"https:\/\/roveyayinevi.com.tr\/index.php\/wp-json\/wp\/v2\/product_brand?post=727627"},{"taxonomy":"product_cat","embeddable":true,"href":"https:\/\/roveyayinevi.com.tr\/index.php\/wp-json\/wp\/v2\/product_cat?post=727627"},{"taxonomy":"product_tag","embeddable":true,"href":"https:\/\/roveyayinevi.com.tr\/index.php\/wp-json\/wp\/v2\/product_tag?post=727627"}],"curies":[{"name":"wp","href":"https:\/\/api.w.org\/{rel}","templated":true}]}}