{"id":727626,"date":"2025-08-27T20:25:09","date_gmt":"2025-08-27T17:25:09","guid":{"rendered":"https:\/\/roveyayinevi.com.tr\/index.php\/urun\/dert-etme-dua-et\/"},"modified":"2026-04-16T02:35:22","modified_gmt":"2026-04-15T23:35:22","slug":"dert-etme-dua-et","status":"publish","type":"product","link":"https:\/\/roveyayinevi.com.tr\/index.php\/urun\/dert-etme-dua-et\/","title":{"rendered":"Dert Etme Dua Et"},"content":{"rendered":"<p>Dualar\u0131m\u0131zla var\u0131z. Dualar\u0131m\u0131zla anlaml\u0131y\u0131z. Dualar\u0131m\u0131zla de\u011ferliyiz. Dualar\u0131m\u0131zla g\u00fc\u00e7l\u00fcy\u00fcz. Ve lisan-\u0131 hal ile bir nid\u00e2 y\u00fckselir ar\u015fa. \u00c7\u00fcnk\u00fc biliyoruz ki, Dua her kap\u0131y\u0131 a\u00e7ar. Ben eksi\u011fim, tam olan sensin. Aciz olan benim, g\u00fc\u00e7l\u00fc olan sensin. Muhta\u00e7 olan benim, Samed (hi\u00e7bir \u015feye muhta\u00e7 olmayan) olan sensin. G\u00fcnahk\u00e2r\u0131m, affedici sensin. Yarat\u0131lan benim, yaratan Sen\u2019sin. Sanad\u0131r kullu\u011fum, kullu\u011funa kabul et beni. Merhametine muhtac\u0131m, yaln\u0131z koyma beni. R\u0131zk\u0131 veren sensin, r\u0131z\u0131kland\u0131r beni. Beni \u015f\u00fckr\u00fcn\u00fc yapanlardan eyle. Sen ki istetirsin; bazen istemesek de verirsin. Sen ki; dualar\u0131m\u0131zla a\u00e7\u0131lmaz kap\u0131lar\u0131 a\u00e7ars\u0131n. Bizi kap\u0131ndan bo\u015f \u00e7evirme Allah\u2019\u0131m. \u00c2min\u2026 <\/p>\n","protected":false},"excerpt":{"rendered":"<p>Dualar\u0131m\u0131zla var\u0131z. Dualar\u0131m\u0131zla anlaml\u0131y\u0131z. Dualar\u0131m\u0131zla de\u011ferliyiz. Dualar\u0131m\u0131zla g\u00fc\u00e7l\u00fcy\u00fcz. Ve lisan-\u0131 hal ile bir nid\u00e2 y\u00fckselir ar\u015fa. \u00c7\u00fcnk\u00fc biliyoruz ki, Dua her kap\u0131y\u0131 a\u00e7ar. Ben eksi\u011fim, tam<span class=\"excerpt-hellip\"> [\u2026]<\/span><\/p>\n","protected":false},"featured_media":0,"template":"","meta":{"_monsterinsights_skip_tracking":false,"_monsterinsights_sitenote_active":false,"_monsterinsights_sitenote_note":"","_monsterinsights_sitenote_category":0},"product_brand":[],"product_cat":[16789,12718,12719],"product_tag":[],"class_list":{"0":"post-727626","1":"product","2":"type-product","3":"status-publish","5":"product_cat-diger-islam","6":"product_cat-din","7":"product_cat-islam","8":"pa_cilt-ciltsiz","9":"pa_tur-kitap","10":"pa_yayinevi-cinaralti-yayinlari","11":"pa_yazar-saliha-demir","13":"first","14":"instock","15":"sale","16":"shipping-taxable","17":"purchasable","18":"product-type-simple"},"_links":{"self":[{"href":"https:\/\/roveyayinevi.com.tr\/index.php\/wp-json\/wp\/v2\/product\/727626","targetHints":{"allow":["GET"]}}],"collection":[{"href":"https:\/\/roveyayinevi.com.tr\/index.php\/wp-json\/wp\/v2\/product"}],"about":[{"href":"https:\/\/roveyayinevi.com.tr\/index.php\/wp-json\/wp\/v2\/types\/product"}],"wp:attachment":[{"href":"https:\/\/roveyayinevi.com.tr\/index.php\/wp-json\/wp\/v2\/media?parent=727626"}],"wp:term":[{"taxonomy":"product_brand","embeddable":true,"href":"https:\/\/roveyayinevi.com.tr\/index.php\/wp-json\/wp\/v2\/product_brand?post=727626"},{"taxonomy":"product_cat","embeddable":true,"href":"https:\/\/roveyayinevi.com.tr\/index.php\/wp-json\/wp\/v2\/product_cat?post=727626"},{"taxonomy":"product_tag","embeddable":true,"href":"https:\/\/roveyayinevi.com.tr\/index.php\/wp-json\/wp\/v2\/product_tag?post=727626"}],"curies":[{"name":"wp","href":"https:\/\/api.w.org\/{rel}","templated":true}]}}